{"id":24155,"date":"2025-08-01T17:56:47","date_gmt":"2025-08-01T15:56:47","guid":{"rendered":"https:\/\/uj.adatbank.ro\/lexikon\/termek\/varga-janos-2\/"},"modified":"2025-08-01T17:56:47","modified_gmt":"2025-08-01T15:56:47","slug":"varga-janos-2","status":"publish","type":"product","link":"https:\/\/uj.adatbank.ro\/lexikon\/termek\/varga-janos-2\/","title":{"rendered":"VARGA J\u00e1nos"},"content":{"rendered":"<p>? 1927.\u00a0?, \u2020\u00a0Mv., 1989. \u00e1pr. 5.: tan\u00e1r. \u2013 A hajdani mozig\u00e9p\u00e9szeti, majd a volt szab\u00e1szati iskola igazgat\u00f3ja, a Papiu L\u00edc. tan\u00e1ra. <br \/><strong>\u2013 Irod.:<\/strong> [Nekrol\u00f3g] (V. Z., 1989. \u00e1pr. 6.).<\/br><\/p>\n","protected":false},"excerpt":{"rendered":"<p>? 1927.\u00a0?, \u2020\u00a0Mv., 1989. \u00e1pr. 5.: tan\u00e1r. \u2013 A hajdani mozig\u00e9p\u00e9szeti, majd a volt szab\u00e1szati iskola igazgat\u00f3ja, a Papiu L\u00edc. tan\u00e1ra. \u2013 Irod.: [Nekrol\u00f3g] (V. Z., 1989. \u00e1pr. 6.).<\/p>\n","protected":false},"featured_media":0,"comment_status":"open","ping_status":"closed","template":"","meta":[],"product_brand":[],"product_cat":[137],"product_tag":[],"class_list":{"0":"post-24155","1":"product","2":"type-product","3":"status-publish","5":"product_cat-maros-megyei-eletrajzi-lexikon","7":"first","8":"instock","9":"shipping-taxable","10":"product-type-simple"},"_links":{"self":[{"href":"https:\/\/uj.adatbank.ro\/lexikon\/wp-json\/wp\/v2\/product\/24155","targetHints":{"allow":["GET"]}}],"collection":[{"href":"https:\/\/uj.adatbank.ro\/lexikon\/wp-json\/wp\/v2\/product"}],"about":[{"href":"https:\/\/uj.adatbank.ro\/lexikon\/wp-json\/wp\/v2\/types\/product"}],"replies":[{"embeddable":true,"href":"https:\/\/uj.adatbank.ro\/lexikon\/wp-json\/wp\/v2\/comments?post=24155"}],"wp:attachment":[{"href":"https:\/\/uj.adatbank.ro\/lexikon\/wp-json\/wp\/v2\/media?parent=24155"}],"wp:term":[{"taxonomy":"product_brand","embeddable":true,"href":"https:\/\/uj.adatbank.ro\/lexikon\/wp-json\/wp\/v2\/product_brand?post=24155"},{"taxonomy":"product_cat","embeddable":true,"href":"https:\/\/uj.adatbank.ro\/lexikon\/wp-json\/wp\/v2\/product_cat?post=24155"},{"taxonomy":"product_tag","embeddable":true,"href":"https:\/\/uj.adatbank.ro\/lexikon\/wp-json\/wp\/v2\/product_tag?post=24155"}],"curies":[{"name":"wp","href":"https:\/\/api.w.org\/{rel}","templated":true}]}}