{"id":24158,"date":"2025-08-01T17:56:53","date_gmt":"2025-08-01T15:56:53","guid":{"rendered":"https:\/\/uj.adatbank.ro\/lexikon\/termek\/varga-janos-zoli\/"},"modified":"2025-08-01T17:56:53","modified_gmt":"2025-08-01T15:56:53","slug":"varga-janos-zoli","status":"publish","type":"product","link":"https:\/\/uj.adatbank.ro\/lexikon\/termek\/varga-janos-zoli\/","title":{"rendered":"VARGA J\u00e1nos; Zoli"},"content":{"rendered":"<p>Mv., 1929., \u2020 Mv., 1999. m\u00e1rc. 5.A Nagyk\u00e1roly melletti berei s\u00edrkertbe temett\u00e9k: filoz\u00f3fiatan\u00e1r. \u2013 A TKTT tartom\u00e1nyi titk\u00e1ra volt. <br \/><strong>\u2013 Irod.:<\/strong> [Nekrol\u00f3g] (N\u00fa., 1999. m\u00e1rc. 26.).<\/br><\/p>\n","protected":false},"excerpt":{"rendered":"<p>Mv., 1929., \u2020 Mv., 1999. m\u00e1rc. 5.A Nagyk\u00e1roly melletti berei s\u00edrkertbe temett\u00e9k: filoz\u00f3fiatan\u00e1r. \u2013 A TKTT tartom\u00e1nyi titk\u00e1ra volt. \u2013 Irod.: [Nekrol\u00f3g] (N\u00fa., 1999. m\u00e1rc. 26.).<\/p>\n","protected":false},"featured_media":0,"comment_status":"open","ping_status":"closed","template":"","meta":[],"product_brand":[],"product_cat":[137],"product_tag":[],"class_list":{"0":"post-24158","1":"product","2":"type-product","3":"status-publish","5":"product_cat-maros-megyei-eletrajzi-lexikon","7":"first","8":"instock","9":"shipping-taxable","10":"product-type-simple"},"_links":{"self":[{"href":"https:\/\/uj.adatbank.ro\/lexikon\/wp-json\/wp\/v2\/product\/24158","targetHints":{"allow":["GET"]}}],"collection":[{"href":"https:\/\/uj.adatbank.ro\/lexikon\/wp-json\/wp\/v2\/product"}],"about":[{"href":"https:\/\/uj.adatbank.ro\/lexikon\/wp-json\/wp\/v2\/types\/product"}],"replies":[{"embeddable":true,"href":"https:\/\/uj.adatbank.ro\/lexikon\/wp-json\/wp\/v2\/comments?post=24158"}],"wp:attachment":[{"href":"https:\/\/uj.adatbank.ro\/lexikon\/wp-json\/wp\/v2\/media?parent=24158"}],"wp:term":[{"taxonomy":"product_brand","embeddable":true,"href":"https:\/\/uj.adatbank.ro\/lexikon\/wp-json\/wp\/v2\/product_brand?post=24158"},{"taxonomy":"product_cat","embeddable":true,"href":"https:\/\/uj.adatbank.ro\/lexikon\/wp-json\/wp\/v2\/product_cat?post=24158"},{"taxonomy":"product_tag","embeddable":true,"href":"https:\/\/uj.adatbank.ro\/lexikon\/wp-json\/wp\/v2\/product_tag?post=24158"}],"curies":[{"name":"wp","href":"https:\/\/api.w.org\/{rel}","templated":true}]}}