{"id":24160,"date":"2025-08-01T17:56:57","date_gmt":"2025-08-01T15:56:57","guid":{"rendered":"https:\/\/uj.adatbank.ro\/lexikon\/termek\/varga-jozsef-%c2%a7\/"},"modified":"2025-08-01T17:56:57","modified_gmt":"2025-08-01T15:56:57","slug":"varga-jozsef-%c2%a7","status":"publish","type":"product","link":"https:\/\/uj.adatbank.ro\/lexikon\/termek\/varga-jozsef-%c2%a7\/","title":{"rendered":"VARGA J\u00f3zsef, \u00a7"},"content":{"rendered":"<p>Drecske, 1902. m\u00e1j. 21., \u2020 Mv., 1976. m\u00e1rc. 27.: sz\u00edn\u00e9sz. \u2013 A csal\u00e1dja Nagyv\u00e1radra ker\u00fclt kora gyermekkor\u00e1ban, csizmadiainas volt, 19 \u00e9ves kor\u00e1ig. Nagyv\u00e1radon kezdte p\u00e1ly\u00e1j\u00e1t (1923) seg\u00e9dsz\u00edn\u00e9szk\u00e9nt. Mv.-en l\u00e9pett fel (1924), azut\u00e1n Szatm\u00e1r, Sziget, Arad, ism\u00e9t Nagyv\u00e1rad, majd nyolc \u00e9vig J\u00f3dy K\u00e1roly v\u00e1ndorsz\u00ednt\u00e1rsulat\u00e1ban j\u00e1tszott. Az aradi N\u00e9psz\u00ednh\u00e1z szervez\u00e9s\u00e9n\u00e9l is jelen volt \u00e9s k\u00e9t \u00e9v alatt sok szerepet j\u00e1tszott (1946\u201348). A Sz\u00e9kely Sz\u00ednh\u00e1zhoz szerz\u0151d\u00f6tt (1949\u2013), amelynek tagja maradt \u00e9lete v\u00e9g\u00e9ig. Kit\u0171n\u0151 jellemsz\u00edn\u00e9sz volt, brav\u00farosan oldott meg k\u00fcl\u00f6nb\u00f6z\u0151 epiz\u00f3dszerepeket. V\u00e1ltozatos m\u00f3don haszn\u00e1lta ki az apr\u00f3 termet \u00e9s a nagy l\u00e9lek kontrasztj\u00e1t. J\u00f3 \u00e9rz\u00e9ke volt a groteszk humor ir\u00e1nt. H\u00e1romsz\u00e1zn\u00e1l t\u00f6bb szerepet j\u00e1tszott. \u2013 <strong>F. sz.:<\/strong>: Viceh\u00e1zmester (L. Rachmanov: Viharos alkonyat), Braun, tan\u00fa Gergely S\u00e1ndor: Vit\u00e9zek \u00e9s h\u0151s\u00f6k); Szentg\u00e1li kanonok (Miksz\u00e1th K\u00e1lm\u00e1n: K\u00fcl\u00f6n\u00f6s h\u00e1zass\u00e1g); Loj\u00e1lis \u00far, t\u00f6rv\u00e9nyszolga (Moliere: Taruffe); Br\u00e2nzovenescu \u00fcgyv\u00e9d (Caragiale: Az elveszett lev\u00e9l); Az ap\u00f3s (A.Grigulis: Agyag \u00e9s porcel\u00e1n), Post\u00e1s (Tur testv\u00e9rek: Villa a mell\u00e9k utc\u00e1ban), Szekeres, altiszt (Szab\u00f3 Ern\u0151: A vez\u00e9r); Sz\u00e1lloda felel\u0151s (Szab\u00f3 Ern\u0151: Vid\u00e1m vak\u00e1ci\u00f3); Rubinstein (Tur testv\u00e9rek: Kinek kedvez az id\u0151); Szafonov, sof\u0151r (K. Szimonov: Leg\u00e9ny a talp\u00e1n); J\u00e1kov, h\u00e1ziszolga (Csehov: Sir\u00e1ly); Adolf Klein (M. Davidoglu: T\u0171zer\u0151d); Klopov Luka, iskola igazgat\u00f3 (Gogol: A revizor); Bod\u00f3 P\u00e1l, \u00e1llatgondoz\u00f3 (Urb\u00e1n Ern\u0151: T\u0171zkereszts\u00e9g); B\u00e1bics (Ivan Franco: Az ellopott boldogs\u00e1g); Tulip\u00e1n szab\u00f3 (Csiky Gergely: Ingyen\u00e9l\u0151k); Id\u0151sebb matr\u00f3z (B. Lavrenyov: Lesz\u00e1mol\u00e1s), Szak\u00e1llas (Iszajev \u00e9s Galics: Nem mag\u00e1n\u00fcgy); Mujk\u00f3, muzsikus cig\u00e1ny (Huszka Jen\u0151: G\u00fcl-Baba); Varga b\u00e1csi (Aki m\u00e1snak vermet \u00e1s); Jakov (Nusics: A kegyelmes asszony), Mos Toagyer (Horv\u00e1th \u00c1goston: Varga Katalin); Arvinte (T. Vornic \u2013 Ioana Postelnicu: Felsz\u00e1ll a k\u00f6d); Luka \u00f6reg lak\u00e1j (Csehov: Medve); Post\u00e1s (Br\u00f3dy S\u00e1ndor: A tan\u00edt\u00f3n\u0151); \u00d6reg pap (Heltai Jen\u0151: A n\u00e9ma levente); Ist\u00f3k, \u00f6reg szolga (K\u00f3s K\u00e1roly: Budai Nagy Antal), \u00d6reg b\u00e9res (Szab\u00f3 Lajos: Menek\u00fcl\u00e9s); S\u00fag\u00f3 (E. Mirea \u2013 Kov\u00e1cs Gy\u00f6rgy: Az utols\u00f3 vonat); Ni\u0163\u0103, a \u201eVirradat\u201d altisztje (M. Sebastian: Lapz\u00e1rta el\u0151tt), Iskolamester (W.Shakespeare: A makrancos h\u00f6lgy), Piszmogi (M\u00e9hes Gy\u00f6rgy. Sz\u00e9na vagy szalma); Kr\u00e9mer Frigyes (M\u00e9liusz J\u00f3zsef: Nem olyan egyszer\u0171); Ign\u00e1c (S\u00fct\u0151 Andr\u00e1s: Fecskesz\u00e1rny\u00fa szem\u00f6ld\u00f6k); Manole, nyomoz\u00f3 (Aurel Baranga: Diadal\u00edv); Igazgat\u00f3s\u00e1gi tag (Csehov: Jubileum), Riccardo, \u00fczletember (Carlo Goldini: K\u00fcl\u00f6n\u00f6s t\u00f6rt\u00e9net); Polg\u00e1r (E. Rostand: Cyrano de Bergenac); Sebes\u00fclt munk\u00e1s (Friedrich Wolf: Mamlock professzor); Nea\u2019 Gogu (Al. Mirodan: \u00dajs\u00e1g\u00edr\u00f3k); D\u00f3n\u00e1t (Gorkij: Jegor Bulicsov \u00e9s a t\u00f6bbiek, 1949); L. Demetrius: Mai emberek (1953); \u00c1kim (L. Tolsztoj: A s\u00f6t\u00e9ts\u00e9g hatalma, 1966); L\u0151rinc inas (N\u00e9meth L.: A k\u00e9t Bolyai); Utcasepr\u0151 (Feydeau: Osztrig\u00e1s Mici); Lajos b\u00e1csi (M\u00f3ricz Zs.: Nem \u00e9lhetek muzsikasz\u00f3 n\u00e9lk\u00fcl); J\u00f3zsi b\u00e1csi (M\u00f3ricz Zs.: Kismad\u00e1r); Nomancourt (Labiche: Az olasz szalmakalap). <br \/><strong>\u2013 Irod.:<\/strong> Csif\u00f3; Gergely G\u00e9za: Hetven \u00e9ves V. J. sz\u00ednm\u0171v\u00e9sz (V. Z., 1972. m\u00e1j. 7.); A H\u00e9t \u00e9vk\u00f6nyve (1982); Horv\u00e1th Bea; Katona Szab\u00f3 Istv\u00e1n: Az \u00daj \u00c9let lexikona, 170. (\u00daj \u00c9let, 1977, 16. sz.); Kov\u00e1cs Levente; K\u00f6t\u0151; MSZL.<\/br><\/p>\n","protected":false},"excerpt":{"rendered":"<p>Drecske, 1902. m\u00e1j. 21., \u2020 Mv., 1976. m\u00e1rc. 27.: sz\u00edn\u00e9sz. \u2013 A csal\u00e1dja Nagyv\u00e1radra ker\u00fclt kora gyermekkor\u00e1ban, csizmadiainas volt, 19 \u00e9ves kor\u00e1ig. Nagyv\u00e1radon kezdte p\u00e1ly\u00e1j\u00e1t (1923) seg\u00e9dsz\u00edn\u00e9szk\u00e9nt. Mv.-en l\u00e9pett fel (1924), azut\u00e1n Szatm\u00e1r, Sziget, Arad, ism\u00e9t Nagyv\u00e1rad, majd nyolc \u00e9vig J\u00f3dy K\u00e1roly v\u00e1ndorsz\u00ednt\u00e1rsulat\u00e1ban j\u00e1tszott. Az aradi N\u00e9psz\u00ednh\u00e1z szervez\u00e9s\u00e9n\u00e9l is jelen volt \u00e9s k\u00e9t \u00e9v alatt [&hellip;]<\/p>\n","protected":false},"featured_media":0,"comment_status":"open","ping_status":"closed","template":"","meta":[],"product_brand":[],"product_cat":[137],"product_tag":[],"class_list":{"0":"post-24160","1":"product","2":"type-product","3":"status-publish","5":"product_cat-maros-megyei-eletrajzi-lexikon","7":"first","8":"instock","9":"shipping-taxable","10":"product-type-simple"},"_links":{"self":[{"href":"https:\/\/uj.adatbank.ro\/lexikon\/wp-json\/wp\/v2\/product\/24160","targetHints":{"allow":["GET"]}}],"collection":[{"href":"https:\/\/uj.adatbank.ro\/lexikon\/wp-json\/wp\/v2\/product"}],"about":[{"href":"https:\/\/uj.adatbank.ro\/lexikon\/wp-json\/wp\/v2\/types\/product"}],"replies":[{"embeddable":true,"href":"https:\/\/uj.adatbank.ro\/lexikon\/wp-json\/wp\/v2\/comments?post=24160"}],"wp:attachment":[{"href":"https:\/\/uj.adatbank.ro\/lexikon\/wp-json\/wp\/v2\/media?parent=24160"}],"wp:term":[{"taxonomy":"product_brand","embeddable":true,"href":"https:\/\/uj.adatbank.ro\/lexikon\/wp-json\/wp\/v2\/product_brand?post=24160"},{"taxonomy":"product_cat","embeddable":true,"href":"https:\/\/uj.adatbank.ro\/lexikon\/wp-json\/wp\/v2\/product_cat?post=24160"},{"taxonomy":"product_tag","embeddable":true,"href":"https:\/\/uj.adatbank.ro\/lexikon\/wp-json\/wp\/v2\/product_tag?post=24160"}],"curies":[{"name":"wp","href":"https:\/\/api.w.org\/{rel}","templated":true}]}}