{"id":24164,"date":"2025-08-01T17:57:08","date_gmt":"2025-08-01T15:57:08","guid":{"rendered":"https:\/\/uj.adatbank.ro\/lexikon\/termek\/varga-lajos\/"},"modified":"2025-08-01T17:57:08","modified_gmt":"2025-08-01T15:57:08","slug":"varga-lajos","status":"publish","type":"product","link":"https:\/\/uj.adatbank.ro\/lexikon\/termek\/varga-lajos\/","title":{"rendered":"VARGA Lajos"},"content":{"rendered":"<p>Mv., 1896., \u2020\u00a0Mv.1973.: keresked\u0151. \u2013 Tartal\u00e9kos \u0151rvezet\u0151; vit\u00e9zi avat\u00e1sa: 1942. j\u00fan. 18. <br \/><strong>\u2013 Irod.:<\/strong> Berekm\u00e9ri\u2013Nemes.<\/br><\/p>\n","protected":false},"excerpt":{"rendered":"<p>Mv., 1896., \u2020\u00a0Mv.1973.: keresked\u0151. \u2013 Tartal\u00e9kos \u0151rvezet\u0151; vit\u00e9zi avat\u00e1sa: 1942. j\u00fan. 18. \u2013 Irod.: Berekm\u00e9ri\u2013Nemes.<\/p>\n","protected":false},"featured_media":0,"comment_status":"open","ping_status":"closed","template":"","meta":[],"product_brand":[],"product_cat":[137],"product_tag":[],"class_list":{"0":"post-24164","1":"product","2":"type-product","3":"status-publish","5":"product_cat-maros-megyei-eletrajzi-lexikon","7":"first","8":"instock","9":"shipping-taxable","10":"product-type-simple"},"_links":{"self":[{"href":"https:\/\/uj.adatbank.ro\/lexikon\/wp-json\/wp\/v2\/product\/24164","targetHints":{"allow":["GET"]}}],"collection":[{"href":"https:\/\/uj.adatbank.ro\/lexikon\/wp-json\/wp\/v2\/product"}],"about":[{"href":"https:\/\/uj.adatbank.ro\/lexikon\/wp-json\/wp\/v2\/types\/product"}],"replies":[{"embeddable":true,"href":"https:\/\/uj.adatbank.ro\/lexikon\/wp-json\/wp\/v2\/comments?post=24164"}],"wp:attachment":[{"href":"https:\/\/uj.adatbank.ro\/lexikon\/wp-json\/wp\/v2\/media?parent=24164"}],"wp:term":[{"taxonomy":"product_brand","embeddable":true,"href":"https:\/\/uj.adatbank.ro\/lexikon\/wp-json\/wp\/v2\/product_brand?post=24164"},{"taxonomy":"product_cat","embeddable":true,"href":"https:\/\/uj.adatbank.ro\/lexikon\/wp-json\/wp\/v2\/product_cat?post=24164"},{"taxonomy":"product_tag","embeddable":true,"href":"https:\/\/uj.adatbank.ro\/lexikon\/wp-json\/wp\/v2\/product_tag?post=24164"}],"curies":[{"name":"wp","href":"https:\/\/api.w.org\/{rel}","templated":true}]}}