{"id":24165,"date":"2025-08-01T17:57:09","date_gmt":"2025-08-01T15:57:09","guid":{"rendered":"https:\/\/uj.adatbank.ro\/lexikon\/termek\/varga-lajos-kibedi-es-makfalvi\/"},"modified":"2025-08-01T17:57:09","modified_gmt":"2025-08-01T15:57:09","slug":"varga-lajos-kibedi-es-makfalvi","status":"publish","type":"product","link":"https:\/\/uj.adatbank.ro\/lexikon\/termek\/varga-lajos-kibedi-es-makfalvi\/","title":{"rendered":"VARGA Lajos, kib\u00e9di \u00e9s makfalvi"},"content":{"rendered":"<p>\u00c1kosfalva, 1866., \u2020 Kv., 1925. a H\u00e1zsong\u00e1rdi temet\u0151ben nyugszik.: l\u00e9vita, igazgat\u00f3tan\u00edt\u00f3. \u2013 V. \u00c1ron fia. Gyermekei Kib\u00e9di-Varga n\u00e9ven: Alad\u00e1r, orvos (1905\u2013); Lajos, orvos; S\u00e1ndor, filoz\u00f3fusprofesszor, Katalin, tan\u00edt\u00f3n\u0151; Sarolta \u00e9s Ilona, Elem\u00e9r, fogorvos. A kv.-i Ref. Koll.-ban \u00e9rdemes tan\u00edt\u00f3 \u00e9s igazgat\u00f3. <br \/><strong>\u2013 Irod.:<\/strong> Kib\u00e9d.<\/br><\/p>\n","protected":false},"excerpt":{"rendered":"<p>\u00c1kosfalva, 1866., \u2020 Kv., 1925. a H\u00e1zsong\u00e1rdi temet\u0151ben nyugszik.: l\u00e9vita, igazgat\u00f3tan\u00edt\u00f3. \u2013 V. \u00c1ron fia. Gyermekei Kib\u00e9di-Varga n\u00e9ven: Alad\u00e1r, orvos (1905\u2013); Lajos, orvos; S\u00e1ndor, filoz\u00f3fusprofesszor, Katalin, tan\u00edt\u00f3n\u0151; Sarolta \u00e9s Ilona, Elem\u00e9r, fogorvos. A kv.-i Ref. Koll.-ban \u00e9rdemes tan\u00edt\u00f3 \u00e9s igazgat\u00f3. \u2013 Irod.: Kib\u00e9d.<\/p>\n","protected":false},"featured_media":0,"comment_status":"open","ping_status":"closed","template":"","meta":[],"product_brand":[],"product_cat":[137],"product_tag":[],"class_list":{"0":"post-24165","1":"product","2":"type-product","3":"status-publish","5":"product_cat-maros-megyei-eletrajzi-lexikon","7":"first","8":"instock","9":"shipping-taxable","10":"product-type-simple"},"_links":{"self":[{"href":"https:\/\/uj.adatbank.ro\/lexikon\/wp-json\/wp\/v2\/product\/24165","targetHints":{"allow":["GET"]}}],"collection":[{"href":"https:\/\/uj.adatbank.ro\/lexikon\/wp-json\/wp\/v2\/product"}],"about":[{"href":"https:\/\/uj.adatbank.ro\/lexikon\/wp-json\/wp\/v2\/types\/product"}],"replies":[{"embeddable":true,"href":"https:\/\/uj.adatbank.ro\/lexikon\/wp-json\/wp\/v2\/comments?post=24165"}],"wp:attachment":[{"href":"https:\/\/uj.adatbank.ro\/lexikon\/wp-json\/wp\/v2\/media?parent=24165"}],"wp:term":[{"taxonomy":"product_brand","embeddable":true,"href":"https:\/\/uj.adatbank.ro\/lexikon\/wp-json\/wp\/v2\/product_brand?post=24165"},{"taxonomy":"product_cat","embeddable":true,"href":"https:\/\/uj.adatbank.ro\/lexikon\/wp-json\/wp\/v2\/product_cat?post=24165"},{"taxonomy":"product_tag","embeddable":true,"href":"https:\/\/uj.adatbank.ro\/lexikon\/wp-json\/wp\/v2\/product_tag?post=24165"}],"curies":[{"name":"wp","href":"https:\/\/api.w.org\/{rel}","templated":true}]}}