{"id":24166,"date":"2025-08-01T17:57:11","date_gmt":"2025-08-01T15:57:11","guid":{"rendered":"https:\/\/uj.adatbank.ro\/lexikon\/termek\/varga-lajos-kibedi-es-makfalvi-vitez-1945-ig\/"},"modified":"2025-08-01T17:57:11","modified_gmt":"2025-08-01T15:57:11","slug":"varga-lajos-kibedi-es-makfalvi-vitez-1945-ig","status":"publish","type":"product","link":"https:\/\/uj.adatbank.ro\/lexikon\/termek\/varga-lajos-kibedi-es-makfalvi-vitez-1945-ig\/","title":{"rendered":"VARGA Lajos, kib\u00e9di \u00e9s makfalvi, vit\u00e9z (1945-ig)"},"content":{"rendered":"<p>Szentgerice, 1898. jan. 16., \u2020 ?, 1945 ut\u00e1n: orvos, belgy\u00f3gy\u00e1sz. \u2013 R\u00e9szt vett az I. vh.-ban. A kv.-i (1918\u2013), a Bp.-re menek\u00fclt kv.-i (1919\u2013), a szegedi egy.-en tanult (1921\u2013), \u00e9s orvosi oklevelet szerzett (1925). A szegedi egy. \u00e9lettani int.-\u00e9ben gyakornok (1921\u2013), belgy\u00f3gy\u00e1szati klinik\u00e1j\u00e1n gyakornok (1922\u201333), tan\u00e1rseg\u00e9d; a belgy\u00f3gy\u00e1szati hematol\u00f3gia c. t\u00e1rgyk\u00f6r mag\u00e1ntan\u00e1ra (1932\u2013), belgy\u00f3gy\u00e1sz \u00e9s r\u00f6ntgenol\u00f3gus szakorvosi vizsg\u00e1t tett (1932). Honv\u00e9dorvosi szolg\u00e1latba l\u00e9pett (1933\u2013), a bp.-i Honv\u00e9d K\u00f3rh\u00e1zban t\u00f6rzsorvos, majd f\u0151t\u00f6rzsorvos volt (1933\u201340). A kv.-i egy.-en a belgy\u00f3gy\u00e1szati diagnosztika ny. r. tan\u00e1ra, a belgy\u00f3gy\u00e1szati diagnosztikai klinika igazgat\u00f3ja (1940\u201344). Tanulm\u00e1nyutat tett Franciao.-ban (1930. k.). F\u0151k\u00e9nt belgy\u00f3gy\u00e1szati \u00e9s hematol\u00f3giai k\u00e9rd\u00e9sekkel foglalkozott. Szaklapokban k\u00f6z\u00f6lt, t\u00f6bbek k\u00f6z\u00f6tt: Orvosi Hetilap, Gy\u00f3gy\u00e1szat, Bp.-i Orvosi \u00dajs\u00e1g, M. R\u00f6ntgen K\u00f6zl., Zeitschrift f\u00fcr klinische Medizin, A Magyar Biol\u00f3giai Kutat\u00f3 Int\u00e9zet munk\u00e1i. \u2013  <strong>F. m..:<\/strong> A hal\u00e1lt k\u00f6zvetlen\u00fcl megel\u0151z\u0151 \u00e9s k\u00f6vet\u0151 v\u00e9rk\u00e9pekr\u0151l (Rigler Guszt\u00e1v Eml\u00e9kk. Szeged, 1926); Haematologiai diagnostika (Bp, 1939); A hormonok belgy\u00f3gy\u00e1szati jelent\u0151s\u00e9ge (A Balatonf\u00fcredi Orvosh\u00e9t el\u0151ad\u00e1sai, 1942 [1943]); A h\u00e1bor\u00fas t\u00e1pl\u00e1lkoz\u00e1sr\u00f3l (Bp, 1943); Recklinghausensche Krankheit und Nierenzyste. Armentano Lajossal (Kv., 1943); A v\u00e9rszeg\u00e9nys\u00e9g k\u00f3rtana (\u00c9rt. az Erd. M\u00faz. Egyes. Orvostud. Szakoszt\u00e1lya munk\u00e1j\u00e1r\u00f3l, 1943. 56. k\u00f6tet [1944]). <br \/><strong>\u2013 Irod.:<\/strong> \u00daM\u00c9L.<\/br><\/p>\n","protected":false},"excerpt":{"rendered":"<p>Szentgerice, 1898. jan. 16., \u2020 ?, 1945 ut\u00e1n: orvos, belgy\u00f3gy\u00e1sz. \u2013 R\u00e9szt vett az I. vh.-ban. A kv.-i (1918\u2013), a Bp.-re menek\u00fclt kv.-i (1919\u2013), a szegedi egy.-en tanult (1921\u2013), \u00e9s orvosi oklevelet szerzett (1925). A szegedi egy. \u00e9lettani int.-\u00e9ben gyakornok (1921\u2013), belgy\u00f3gy\u00e1szati klinik\u00e1j\u00e1n gyakornok (1922\u201333), tan\u00e1rseg\u00e9d; a belgy\u00f3gy\u00e1szati hematol\u00f3gia c. t\u00e1rgyk\u00f6r mag\u00e1ntan\u00e1ra (1932\u2013), belgy\u00f3gy\u00e1sz \u00e9s [&hellip;]<\/p>\n","protected":false},"featured_media":0,"comment_status":"open","ping_status":"closed","template":"","meta":[],"product_brand":[],"product_cat":[137],"product_tag":[],"class_list":{"0":"post-24166","1":"product","2":"type-product","3":"status-publish","5":"product_cat-maros-megyei-eletrajzi-lexikon","7":"first","8":"instock","9":"shipping-taxable","10":"product-type-simple"},"_links":{"self":[{"href":"https:\/\/uj.adatbank.ro\/lexikon\/wp-json\/wp\/v2\/product\/24166","targetHints":{"allow":["GET"]}}],"collection":[{"href":"https:\/\/uj.adatbank.ro\/lexikon\/wp-json\/wp\/v2\/product"}],"about":[{"href":"https:\/\/uj.adatbank.ro\/lexikon\/wp-json\/wp\/v2\/types\/product"}],"replies":[{"embeddable":true,"href":"https:\/\/uj.adatbank.ro\/lexikon\/wp-json\/wp\/v2\/comments?post=24166"}],"wp:attachment":[{"href":"https:\/\/uj.adatbank.ro\/lexikon\/wp-json\/wp\/v2\/media?parent=24166"}],"wp:term":[{"taxonomy":"product_brand","embeddable":true,"href":"https:\/\/uj.adatbank.ro\/lexikon\/wp-json\/wp\/v2\/product_brand?post=24166"},{"taxonomy":"product_cat","embeddable":true,"href":"https:\/\/uj.adatbank.ro\/lexikon\/wp-json\/wp\/v2\/product_cat?post=24166"},{"taxonomy":"product_tag","embeddable":true,"href":"https:\/\/uj.adatbank.ro\/lexikon\/wp-json\/wp\/v2\/product_tag?post=24166"}],"curies":[{"name":"wp","href":"https:\/\/api.w.org\/{rel}","templated":true}]}}