{"id":24167,"date":"2025-08-01T17:57:13","date_gmt":"2025-08-01T15:57:13","guid":{"rendered":"https:\/\/uj.adatbank.ro\/lexikon\/termek\/varga-lajosne\/"},"modified":"2025-08-01T17:57:13","modified_gmt":"2025-08-01T15:57:13","slug":"varga-lajosne","status":"publish","type":"product","link":"https:\/\/uj.adatbank.ro\/lexikon\/termek\/varga-lajosne\/","title":{"rendered":"VARGA Lajosn\u00e9"},"content":{"rendered":"<p>? \u2020\u00a0?: f\u0171z\u0151k\u00e9sz\u00edt\u0151. \u2013 A Transylv\u00e1nia \u00e9p\u00fcletben volt az \u00fczlete. Els\u0151rang\u00fa f\u0171z\u0151k, hask\u00f6t\u0151k, melltart\u00f3k, valamint feh\u00e9rnem\u0171k, pizsam\u00e1k, f\u00e9rfi feh\u00e9rnem\u0171k ker\u00fcltek ki m\u0171hely\u00e9b\u0151l. <br \/><strong>\u2013 Irod.:<\/strong> \u00d6kr\u00f6s.<\/br><\/p>\n","protected":false},"excerpt":{"rendered":"<p>? \u2020\u00a0?: f\u0171z\u0151k\u00e9sz\u00edt\u0151. \u2013 A Transylv\u00e1nia \u00e9p\u00fcletben volt az \u00fczlete. Els\u0151rang\u00fa f\u0171z\u0151k, hask\u00f6t\u0151k, melltart\u00f3k, valamint feh\u00e9rnem\u0171k, pizsam\u00e1k, f\u00e9rfi feh\u00e9rnem\u0171k ker\u00fcltek ki m\u0171hely\u00e9b\u0151l. \u2013 Irod.: \u00d6kr\u00f6s.<\/p>\n","protected":false},"featured_media":0,"comment_status":"open","ping_status":"closed","template":"","meta":[],"product_brand":[],"product_cat":[137],"product_tag":[],"class_list":{"0":"post-24167","1":"product","2":"type-product","3":"status-publish","5":"product_cat-maros-megyei-eletrajzi-lexikon","7":"first","8":"instock","9":"shipping-taxable","10":"product-type-simple"},"_links":{"self":[{"href":"https:\/\/uj.adatbank.ro\/lexikon\/wp-json\/wp\/v2\/product\/24167","targetHints":{"allow":["GET"]}}],"collection":[{"href":"https:\/\/uj.adatbank.ro\/lexikon\/wp-json\/wp\/v2\/product"}],"about":[{"href":"https:\/\/uj.adatbank.ro\/lexikon\/wp-json\/wp\/v2\/types\/product"}],"replies":[{"embeddable":true,"href":"https:\/\/uj.adatbank.ro\/lexikon\/wp-json\/wp\/v2\/comments?post=24167"}],"wp:attachment":[{"href":"https:\/\/uj.adatbank.ro\/lexikon\/wp-json\/wp\/v2\/media?parent=24167"}],"wp:term":[{"taxonomy":"product_brand","embeddable":true,"href":"https:\/\/uj.adatbank.ro\/lexikon\/wp-json\/wp\/v2\/product_brand?post=24167"},{"taxonomy":"product_cat","embeddable":true,"href":"https:\/\/uj.adatbank.ro\/lexikon\/wp-json\/wp\/v2\/product_cat?post=24167"},{"taxonomy":"product_tag","embeddable":true,"href":"https:\/\/uj.adatbank.ro\/lexikon\/wp-json\/wp\/v2\/product_tag?post=24167"}],"curies":[{"name":"wp","href":"https:\/\/api.w.org\/{rel}","templated":true}]}}