{"id":24175,"date":"2025-08-01T17:57:31","date_gmt":"2025-08-01T15:57:31","guid":{"rendered":"https:\/\/uj.adatbank.ro\/lexikon\/termek\/varga-sandor-2\/"},"modified":"2025-08-01T17:57:31","modified_gmt":"2025-08-01T15:57:31","slug":"varga-sandor-2","status":"publish","type":"product","link":"https:\/\/uj.adatbank.ro\/lexikon\/termek\/varga-sandor-2\/","title":{"rendered":"VARGA S\u00e1ndor"},"content":{"rendered":"<p>Ny\u00fajt\u00f3d, 1856. m\u00e1rc. 24., \u2020\u00a01924. j\u00fan. 29.: r. k. pap. \u2013 Tanulm\u00e1nyait K\u00e9zdiv\u00e1s\u00e1rhelyen, Kv.-on, Gyulafeh\u00e9rv\u00e1ron, Bp.-en v\u00e9gezte, papp\u00e1 szentelt\u00e9k (1882. j\u00fal. 16.). Tan\u00e1r Gyulafeh\u00e9rv\u00e1ron (1882), Sz\u00e9kelyudvarhelyen (1892), nyugd\u00edjas (1907) Sz\u0151kefalv\u00e1n pl\u00e9b\u00e1nos (1911\u201324). <br \/><strong>\u2013 Irod.:<\/strong> Ferenczi S\u00e1ndor 2009; Maros-k\u00fck\u00fcll\u0151i f\u0151esp.; Nagy L\u00e1szl\u00f3.<\/br><\/p>\n","protected":false},"excerpt":{"rendered":"<p>Ny\u00fajt\u00f3d, 1856. m\u00e1rc. 24., \u2020\u00a01924. j\u00fan. 29.: r. k. pap. \u2013 Tanulm\u00e1nyait K\u00e9zdiv\u00e1s\u00e1rhelyen, Kv.-on, Gyulafeh\u00e9rv\u00e1ron, Bp.-en v\u00e9gezte, papp\u00e1 szentelt\u00e9k (1882. j\u00fal. 16.). Tan\u00e1r Gyulafeh\u00e9rv\u00e1ron (1882), Sz\u00e9kelyudvarhelyen (1892), nyugd\u00edjas (1907) Sz\u0151kefalv\u00e1n pl\u00e9b\u00e1nos (1911\u201324). \u2013 Irod.: Ferenczi S\u00e1ndor 2009; Maros-k\u00fck\u00fcll\u0151i f\u0151esp.; Nagy L\u00e1szl\u00f3.<\/p>\n","protected":false},"featured_media":0,"comment_status":"open","ping_status":"closed","template":"","meta":[],"product_brand":[],"product_cat":[137],"product_tag":[],"class_list":{"0":"post-24175","1":"product","2":"type-product","3":"status-publish","5":"product_cat-maros-megyei-eletrajzi-lexikon","7":"first","8":"instock","9":"shipping-taxable","10":"product-type-simple"},"_links":{"self":[{"href":"https:\/\/uj.adatbank.ro\/lexikon\/wp-json\/wp\/v2\/product\/24175","targetHints":{"allow":["GET"]}}],"collection":[{"href":"https:\/\/uj.adatbank.ro\/lexikon\/wp-json\/wp\/v2\/product"}],"about":[{"href":"https:\/\/uj.adatbank.ro\/lexikon\/wp-json\/wp\/v2\/types\/product"}],"replies":[{"embeddable":true,"href":"https:\/\/uj.adatbank.ro\/lexikon\/wp-json\/wp\/v2\/comments?post=24175"}],"wp:attachment":[{"href":"https:\/\/uj.adatbank.ro\/lexikon\/wp-json\/wp\/v2\/media?parent=24175"}],"wp:term":[{"taxonomy":"product_brand","embeddable":true,"href":"https:\/\/uj.adatbank.ro\/lexikon\/wp-json\/wp\/v2\/product_brand?post=24175"},{"taxonomy":"product_cat","embeddable":true,"href":"https:\/\/uj.adatbank.ro\/lexikon\/wp-json\/wp\/v2\/product_cat?post=24175"},{"taxonomy":"product_tag","embeddable":true,"href":"https:\/\/uj.adatbank.ro\/lexikon\/wp-json\/wp\/v2\/product_tag?post=24175"}],"curies":[{"name":"wp","href":"https:\/\/api.w.org\/{rel}","templated":true}]}}