{"id":24177,"date":"2025-08-01T17:57:36","date_gmt":"2025-08-01T15:57:36","guid":{"rendered":"https:\/\/uj.adatbank.ro\/lexikon\/termek\/varga-sandor-lofoszekely\/"},"modified":"2025-08-01T17:57:36","modified_gmt":"2025-08-01T15:57:36","slug":"varga-sandor-lofoszekely","status":"publish","type":"product","link":"https:\/\/uj.adatbank.ro\/lexikon\/termek\/varga-sandor-lofoszekely\/","title":{"rendered":"VARGA S\u00e1ndor, l\u00f3f\u0151sz\u00e9kely"},"content":{"rendered":"<p>K\u00e9zdialm\u00e1s, 1884, \u2020\u00a0?: tan\u00edt\u00f3. \u2013 Mikh\u00e1z\u00e1n igazgat\u00f3 k\u00e1ntortan\u00edt\u00f3. R\u00e9szt vett az I. vh.-ban (1914\u201315), az orosz fogs\u00e1gb\u00f3l szabadult (1920. dec.). <br \/><strong>\u2013 Irod.:<\/strong> Erd\u00e9lyi ezredek.<\/br><\/p>\n","protected":false},"excerpt":{"rendered":"<p>K\u00e9zdialm\u00e1s, 1884, \u2020\u00a0?: tan\u00edt\u00f3. \u2013 Mikh\u00e1z\u00e1n igazgat\u00f3 k\u00e1ntortan\u00edt\u00f3. R\u00e9szt vett az I. vh.-ban (1914\u201315), az orosz fogs\u00e1gb\u00f3l szabadult (1920. dec.). \u2013 Irod.: Erd\u00e9lyi ezredek.<\/p>\n","protected":false},"featured_media":0,"comment_status":"open","ping_status":"closed","template":"","meta":[],"product_brand":[],"product_cat":[137],"product_tag":[],"class_list":{"0":"post-24177","1":"product","2":"type-product","3":"status-publish","5":"product_cat-maros-megyei-eletrajzi-lexikon","7":"first","8":"instock","9":"shipping-taxable","10":"product-type-simple"},"_links":{"self":[{"href":"https:\/\/uj.adatbank.ro\/lexikon\/wp-json\/wp\/v2\/product\/24177","targetHints":{"allow":["GET"]}}],"collection":[{"href":"https:\/\/uj.adatbank.ro\/lexikon\/wp-json\/wp\/v2\/product"}],"about":[{"href":"https:\/\/uj.adatbank.ro\/lexikon\/wp-json\/wp\/v2\/types\/product"}],"replies":[{"embeddable":true,"href":"https:\/\/uj.adatbank.ro\/lexikon\/wp-json\/wp\/v2\/comments?post=24177"}],"wp:attachment":[{"href":"https:\/\/uj.adatbank.ro\/lexikon\/wp-json\/wp\/v2\/media?parent=24177"}],"wp:term":[{"taxonomy":"product_brand","embeddable":true,"href":"https:\/\/uj.adatbank.ro\/lexikon\/wp-json\/wp\/v2\/product_brand?post=24177"},{"taxonomy":"product_cat","embeddable":true,"href":"https:\/\/uj.adatbank.ro\/lexikon\/wp-json\/wp\/v2\/product_cat?post=24177"},{"taxonomy":"product_tag","embeddable":true,"href":"https:\/\/uj.adatbank.ro\/lexikon\/wp-json\/wp\/v2\/product_tag?post=24177"}],"curies":[{"name":"wp","href":"https:\/\/api.w.org\/{rel}","templated":true}]}}