{"id":24178,"date":"2025-08-01T17:57:38","date_gmt":"2025-08-01T15:57:38","guid":{"rendered":"https:\/\/uj.adatbank.ro\/lexikon\/termek\/varga-sandor-kibedi-es-makfalvi\/"},"modified":"2025-08-01T17:57:38","modified_gmt":"2025-08-01T15:57:38","slug":"varga-sandor-kibedi-es-makfalvi","status":"publish","type":"product","link":"https:\/\/uj.adatbank.ro\/lexikon\/termek\/varga-sandor-kibedi-es-makfalvi\/","title":{"rendered":"VARGA S\u00e1ndor, kib\u00e9di \u00e9s makfalvi"},"content":{"rendered":"<p>Szentgerice, 1902. m\u00e1rc. 18., \u2020\u00a0M\u00fcnchen (N\u00e9meto.), 1986. j\u00fan. 17.: egyetemi tan\u00e1r. \u2013 A b\u00f6lcs\u00e9sztudom\u00e1nyok doktora. Miniszteri tan\u00e1csos a bp.-i kir. M. P\u00e1zm\u00e1ny P\u00e9ter TE ny. rendes tan\u00e1ra, a m\u00fcncheni egyetem nyilv\u00e1nos rendes tan\u00e1ra, m. kir. korm\u00e1nyf\u0151tan\u00e1csos, a M.\u2013N\u00e9met t\u00e1rsas\u00e1g eln\u00f6ke. A n\u00e9met Sas-rend I. oszt. kit\u00fcntetettje. <br \/><strong>\u2013 Irod.:<\/strong> M. Johannita csal\u00e1dt\u00f6rt.<\/br><\/p>\n","protected":false},"excerpt":{"rendered":"<p>Szentgerice, 1902. m\u00e1rc. 18., \u2020\u00a0M\u00fcnchen (N\u00e9meto.), 1986. j\u00fan. 17.: egyetemi tan\u00e1r. \u2013 A b\u00f6lcs\u00e9sztudom\u00e1nyok doktora. Miniszteri tan\u00e1csos a bp.-i kir. M. P\u00e1zm\u00e1ny P\u00e9ter TE ny. rendes tan\u00e1ra, a m\u00fcncheni egyetem nyilv\u00e1nos rendes tan\u00e1ra, m. kir. korm\u00e1nyf\u0151tan\u00e1csos, a M.\u2013N\u00e9met t\u00e1rsas\u00e1g eln\u00f6ke. A n\u00e9met Sas-rend I. oszt. kit\u00fcntetettje. \u2013 Irod.: M. Johannita csal\u00e1dt\u00f6rt.<\/p>\n","protected":false},"featured_media":0,"comment_status":"open","ping_status":"closed","template":"","meta":[],"product_brand":[],"product_cat":[137],"product_tag":[],"class_list":{"0":"post-24178","1":"product","2":"type-product","3":"status-publish","5":"product_cat-maros-megyei-eletrajzi-lexikon","7":"first","8":"instock","9":"shipping-taxable","10":"product-type-simple"},"_links":{"self":[{"href":"https:\/\/uj.adatbank.ro\/lexikon\/wp-json\/wp\/v2\/product\/24178","targetHints":{"allow":["GET"]}}],"collection":[{"href":"https:\/\/uj.adatbank.ro\/lexikon\/wp-json\/wp\/v2\/product"}],"about":[{"href":"https:\/\/uj.adatbank.ro\/lexikon\/wp-json\/wp\/v2\/types\/product"}],"replies":[{"embeddable":true,"href":"https:\/\/uj.adatbank.ro\/lexikon\/wp-json\/wp\/v2\/comments?post=24178"}],"wp:attachment":[{"href":"https:\/\/uj.adatbank.ro\/lexikon\/wp-json\/wp\/v2\/media?parent=24178"}],"wp:term":[{"taxonomy":"product_brand","embeddable":true,"href":"https:\/\/uj.adatbank.ro\/lexikon\/wp-json\/wp\/v2\/product_brand?post=24178"},{"taxonomy":"product_cat","embeddable":true,"href":"https:\/\/uj.adatbank.ro\/lexikon\/wp-json\/wp\/v2\/product_cat?post=24178"},{"taxonomy":"product_tag","embeddable":true,"href":"https:\/\/uj.adatbank.ro\/lexikon\/wp-json\/wp\/v2\/product_tag?post=24178"}],"curies":[{"name":"wp","href":"https:\/\/api.w.org\/{rel}","templated":true}]}}