{"id":24181,"date":"2025-08-01T17:57:44","date_gmt":"2025-08-01T15:57:44","guid":{"rendered":"https:\/\/uj.adatbank.ro\/lexikon\/termek\/varga-zsuzsanna\/"},"modified":"2025-08-01T17:57:44","modified_gmt":"2025-08-01T15:57:44","slug":"varga-zsuzsanna","status":"publish","type":"product","link":"https:\/\/uj.adatbank.ro\/lexikon\/termek\/varga-zsuzsanna\/","title":{"rendered":"VARGA Zsuzs\u00e1nna"},"content":{"rendered":"<p>? \u2020\u00a0?: tan\u00edt\u00f3. \u2013 Sz\u0151kefalv\u00e1n tan\u00edtott a ref. iskol\u00e1ban (1917). <br \/><strong>\u2013 Irod.:<\/strong> Nagy L\u00e1szl\u00f3.<\/br><\/p>\n","protected":false},"excerpt":{"rendered":"<p>? \u2020\u00a0?: tan\u00edt\u00f3. \u2013 Sz\u0151kefalv\u00e1n tan\u00edtott a ref. iskol\u00e1ban (1917). \u2013 Irod.: Nagy L\u00e1szl\u00f3.<\/p>\n","protected":false},"featured_media":0,"comment_status":"open","ping_status":"closed","template":"","meta":[],"product_brand":[],"product_cat":[137],"product_tag":[],"class_list":{"0":"post-24181","1":"product","2":"type-product","3":"status-publish","5":"product_cat-maros-megyei-eletrajzi-lexikon","7":"first","8":"instock","9":"shipping-taxable","10":"product-type-simple"},"_links":{"self":[{"href":"https:\/\/uj.adatbank.ro\/lexikon\/wp-json\/wp\/v2\/product\/24181","targetHints":{"allow":["GET"]}}],"collection":[{"href":"https:\/\/uj.adatbank.ro\/lexikon\/wp-json\/wp\/v2\/product"}],"about":[{"href":"https:\/\/uj.adatbank.ro\/lexikon\/wp-json\/wp\/v2\/types\/product"}],"replies":[{"embeddable":true,"href":"https:\/\/uj.adatbank.ro\/lexikon\/wp-json\/wp\/v2\/comments?post=24181"}],"wp:attachment":[{"href":"https:\/\/uj.adatbank.ro\/lexikon\/wp-json\/wp\/v2\/media?parent=24181"}],"wp:term":[{"taxonomy":"product_brand","embeddable":true,"href":"https:\/\/uj.adatbank.ro\/lexikon\/wp-json\/wp\/v2\/product_brand?post=24181"},{"taxonomy":"product_cat","embeddable":true,"href":"https:\/\/uj.adatbank.ro\/lexikon\/wp-json\/wp\/v2\/product_cat?post=24181"},{"taxonomy":"product_tag","embeddable":true,"href":"https:\/\/uj.adatbank.ro\/lexikon\/wp-json\/wp\/v2\/product_tag?post=24181"}],"curies":[{"name":"wp","href":"https:\/\/api.w.org\/{rel}","templated":true}]}}