{"id":24183,"date":"2025-08-01T17:57:50","date_gmt":"2025-08-01T15:57:50","guid":{"rendered":"https:\/\/uj.adatbank.ro\/lexikon\/termek\/vargancsik-istvan-stefan\/"},"modified":"2025-08-01T17:57:50","modified_gmt":"2025-08-01T15:57:50","slug":"vargancsik-istvan-stefan","status":"publish","type":"product","link":"https:\/\/uj.adatbank.ro\/lexikon\/termek\/vargancsik-istvan-stefan\/","title":{"rendered":"VARGANCSIK Istv\u00e1n, \u015etefan"},"content":{"rendered":"<p>? \u2020\u00a0?: N\u00e9ptan\u00e1cseln\u00f6k. \u2013 A mv.-i v\u00e1rosi n\u00e9ptan\u00e1cs eln\u00f6ke (1956 k.). MAT \u2013ban a RMP Tartom\u00e1nyi P\u00e1rtbizotts\u00e1g\u00e1nak \u00e9s a P\u00e1rtkoll\u00e9giumnak tagja (1961-ben is). <br \/><strong>\u2013 Irod.:<\/strong> \u00c1ldozatok; Bartos 2012.<\/br><\/p>\n","protected":false},"excerpt":{"rendered":"<p>? \u2020\u00a0?: N\u00e9ptan\u00e1cseln\u00f6k. \u2013 A mv.-i v\u00e1rosi n\u00e9ptan\u00e1cs eln\u00f6ke (1956 k.). MAT \u2013ban a RMP Tartom\u00e1nyi P\u00e1rtbizotts\u00e1g\u00e1nak \u00e9s a P\u00e1rtkoll\u00e9giumnak tagja (1961-ben is). \u2013 Irod.: \u00c1ldozatok; Bartos 2012.<\/p>\n","protected":false},"featured_media":0,"comment_status":"open","ping_status":"closed","template":"","meta":[],"product_brand":[],"product_cat":[137],"product_tag":[],"class_list":{"0":"post-24183","1":"product","2":"type-product","3":"status-publish","5":"product_cat-maros-megyei-eletrajzi-lexikon","7":"first","8":"instock","9":"shipping-taxable","10":"product-type-simple"},"_links":{"self":[{"href":"https:\/\/uj.adatbank.ro\/lexikon\/wp-json\/wp\/v2\/product\/24183","targetHints":{"allow":["GET"]}}],"collection":[{"href":"https:\/\/uj.adatbank.ro\/lexikon\/wp-json\/wp\/v2\/product"}],"about":[{"href":"https:\/\/uj.adatbank.ro\/lexikon\/wp-json\/wp\/v2\/types\/product"}],"replies":[{"embeddable":true,"href":"https:\/\/uj.adatbank.ro\/lexikon\/wp-json\/wp\/v2\/comments?post=24183"}],"wp:attachment":[{"href":"https:\/\/uj.adatbank.ro\/lexikon\/wp-json\/wp\/v2\/media?parent=24183"}],"wp:term":[{"taxonomy":"product_brand","embeddable":true,"href":"https:\/\/uj.adatbank.ro\/lexikon\/wp-json\/wp\/v2\/product_brand?post=24183"},{"taxonomy":"product_cat","embeddable":true,"href":"https:\/\/uj.adatbank.ro\/lexikon\/wp-json\/wp\/v2\/product_cat?post=24183"},{"taxonomy":"product_tag","embeddable":true,"href":"https:\/\/uj.adatbank.ro\/lexikon\/wp-json\/wp\/v2\/product_tag?post=24183"}],"curies":[{"name":"wp","href":"https:\/\/api.w.org\/{rel}","templated":true}]}}