{"id":24185,"date":"2025-08-01T17:57:54","date_gmt":"2025-08-01T15:57:54","guid":{"rendered":"https:\/\/uj.adatbank.ro\/lexikon\/termek\/vargha-ferenc\/"},"modified":"2025-08-01T17:57:54","modified_gmt":"2025-08-01T15:57:54","slug":"vargha-ferenc","status":"publish","type":"product","link":"https:\/\/uj.adatbank.ro\/lexikon\/termek\/vargha-ferenc\/","title":{"rendered":"VARGHA Ferenc"},"content":{"rendered":"<p>Torda, 1849. jan. 25., \u2020\u00a01926. \u00e1pr. 24.: r. k. pap. \u2013 Tanulm\u00e1nyait Sz\u00e9kelyudvarhelyen, Cs\u00edksomly\u00f3n, Gyulafeh\u00e9rv\u00e1ron, Bp.-en v\u00e9gezte, papp\u00e1 szentelt\u00e9k (1873. \u00e1pr. 15.). Gyulafeh\u00e9rv\u00e1ron a p\u00fcsp\u00f6ki aul\u00e1ban irodista. Szolg\u00e1lt Marosj\u00e1r\u00e1n (1873\u201378), Marosilly\u00e9n, Als\u00f3j\u00e1r\u00e1n, p\u00fcsp\u00f6ki titk\u00e1r Gyulafeh\u00e9rv\u00e1ron. <br \/><strong>\u2013 Irod.:<\/strong> Ferenczi S\u00e1ndor 2009.<\/br><\/p>\n","protected":false},"excerpt":{"rendered":"<p>Torda, 1849. jan. 25., \u2020\u00a01926. \u00e1pr. 24.: r. k. pap. \u2013 Tanulm\u00e1nyait Sz\u00e9kelyudvarhelyen, Cs\u00edksomly\u00f3n, Gyulafeh\u00e9rv\u00e1ron, Bp.-en v\u00e9gezte, papp\u00e1 szentelt\u00e9k (1873. \u00e1pr. 15.). Gyulafeh\u00e9rv\u00e1ron a p\u00fcsp\u00f6ki aul\u00e1ban irodista. Szolg\u00e1lt Marosj\u00e1r\u00e1n (1873\u201378), Marosilly\u00e9n, Als\u00f3j\u00e1r\u00e1n, p\u00fcsp\u00f6ki titk\u00e1r Gyulafeh\u00e9rv\u00e1ron. \u2013 Irod.: Ferenczi S\u00e1ndor 2009.<\/p>\n","protected":false},"featured_media":0,"comment_status":"open","ping_status":"closed","template":"","meta":[],"product_brand":[],"product_cat":[137],"product_tag":[],"class_list":{"0":"post-24185","1":"product","2":"type-product","3":"status-publish","5":"product_cat-maros-megyei-eletrajzi-lexikon","7":"first","8":"instock","9":"shipping-taxable","10":"product-type-simple"},"_links":{"self":[{"href":"https:\/\/uj.adatbank.ro\/lexikon\/wp-json\/wp\/v2\/product\/24185","targetHints":{"allow":["GET"]}}],"collection":[{"href":"https:\/\/uj.adatbank.ro\/lexikon\/wp-json\/wp\/v2\/product"}],"about":[{"href":"https:\/\/uj.adatbank.ro\/lexikon\/wp-json\/wp\/v2\/types\/product"}],"replies":[{"embeddable":true,"href":"https:\/\/uj.adatbank.ro\/lexikon\/wp-json\/wp\/v2\/comments?post=24185"}],"wp:attachment":[{"href":"https:\/\/uj.adatbank.ro\/lexikon\/wp-json\/wp\/v2\/media?parent=24185"}],"wp:term":[{"taxonomy":"product_brand","embeddable":true,"href":"https:\/\/uj.adatbank.ro\/lexikon\/wp-json\/wp\/v2\/product_brand?post=24185"},{"taxonomy":"product_cat","embeddable":true,"href":"https:\/\/uj.adatbank.ro\/lexikon\/wp-json\/wp\/v2\/product_cat?post=24185"},{"taxonomy":"product_tag","embeddable":true,"href":"https:\/\/uj.adatbank.ro\/lexikon\/wp-json\/wp\/v2\/product_tag?post=24185"}],"curies":[{"name":"wp","href":"https:\/\/api.w.org\/{rel}","templated":true}]}}