{"id":24186,"date":"2025-08-01T17:57:56","date_gmt":"2025-08-01T15:57:56","guid":{"rendered":"https:\/\/uj.adatbank.ro\/lexikon\/termek\/vargha-geza\/"},"modified":"2025-08-01T17:57:56","modified_gmt":"2025-08-01T15:57:56","slug":"vargha-geza","status":"publish","type":"product","link":"https:\/\/uj.adatbank.ro\/lexikon\/termek\/vargha-geza\/","title":{"rendered":"VARGHA G\u00e9za"},"content":{"rendered":"<p>Mv., 1875., \u2020 Mv., 1933. m\u00e1rc. 29.: tan\u00edt\u00f3. \u2013 Testv\u00e9re: V. Ilona. Feles\u00e9ge: mez\u0151madarasi Szekeres Katinka. \u2013 Iskol\u00e1i elv\u00e9gz\u00e9se ut\u00e1n 35 \u00e9vig tan\u00edtott Mv.-en, a Ref. Koll. elemi iskol\u00e1j\u00e1nak tan\u00edt\u00f3ja, a koll. \u00e9s Dr. Gecse Emberszereteti Int\u00e9zet p\u00e9nzt\u00e1rosa, a ref. egyh\u00e1zi presbiter, iskolasz\u00e9ki tag. A Mv.-i Kaszin\u00f3 \u00e9s a Tornakert gondnoka, h\u00e1znagy (1932). <br \/><strong>\u2013 Irod.:<\/strong> Bi\u00e1s Istv\u00e1n; Gy\u00e1szjelent\u0151; Sz\u00e9kelyf\u00f6ld \u00ed. k.<\/br><\/p>\n","protected":false},"excerpt":{"rendered":"<p>Mv., 1875., \u2020 Mv., 1933. m\u00e1rc. 29.: tan\u00edt\u00f3. \u2013 Testv\u00e9re: V. Ilona. Feles\u00e9ge: mez\u0151madarasi Szekeres Katinka. \u2013 Iskol\u00e1i elv\u00e9gz\u00e9se ut\u00e1n 35 \u00e9vig tan\u00edtott Mv.-en, a Ref. Koll. elemi iskol\u00e1j\u00e1nak tan\u00edt\u00f3ja, a koll. \u00e9s Dr. Gecse Emberszereteti Int\u00e9zet p\u00e9nzt\u00e1rosa, a ref. egyh\u00e1zi presbiter, iskolasz\u00e9ki tag. A Mv.-i Kaszin\u00f3 \u00e9s a Tornakert gondnoka, h\u00e1znagy (1932). \u2013 Irod.: [&hellip;]<\/p>\n","protected":false},"featured_media":0,"comment_status":"open","ping_status":"closed","template":"","meta":[],"product_brand":[],"product_cat":[137],"product_tag":[],"class_list":{"0":"post-24186","1":"product","2":"type-product","3":"status-publish","5":"product_cat-maros-megyei-eletrajzi-lexikon","7":"first","8":"instock","9":"shipping-taxable","10":"product-type-simple"},"_links":{"self":[{"href":"https:\/\/uj.adatbank.ro\/lexikon\/wp-json\/wp\/v2\/product\/24186","targetHints":{"allow":["GET"]}}],"collection":[{"href":"https:\/\/uj.adatbank.ro\/lexikon\/wp-json\/wp\/v2\/product"}],"about":[{"href":"https:\/\/uj.adatbank.ro\/lexikon\/wp-json\/wp\/v2\/types\/product"}],"replies":[{"embeddable":true,"href":"https:\/\/uj.adatbank.ro\/lexikon\/wp-json\/wp\/v2\/comments?post=24186"}],"wp:attachment":[{"href":"https:\/\/uj.adatbank.ro\/lexikon\/wp-json\/wp\/v2\/media?parent=24186"}],"wp:term":[{"taxonomy":"product_brand","embeddable":true,"href":"https:\/\/uj.adatbank.ro\/lexikon\/wp-json\/wp\/v2\/product_brand?post=24186"},{"taxonomy":"product_cat","embeddable":true,"href":"https:\/\/uj.adatbank.ro\/lexikon\/wp-json\/wp\/v2\/product_cat?post=24186"},{"taxonomy":"product_tag","embeddable":true,"href":"https:\/\/uj.adatbank.ro\/lexikon\/wp-json\/wp\/v2\/product_tag?post=24186"}],"curies":[{"name":"wp","href":"https:\/\/api.w.org\/{rel}","templated":true}]}}