{"id":24191,"date":"2025-08-01T17:58:05","date_gmt":"2025-08-01T15:58:05","guid":{"rendered":"https:\/\/uj.adatbank.ro\/lexikon\/termek\/vargyasi-ferenc-vargyasy-ferenc\/"},"modified":"2025-08-01T17:58:05","modified_gmt":"2025-08-01T15:58:05","slug":"vargyasi-ferenc-vargyasy-ferenc","status":"publish","type":"product","link":"https:\/\/uj.adatbank.ro\/lexikon\/termek\/vargyasi-ferenc-vargyasy-ferenc\/","title":{"rendered":"VARGYASI Ferenc, Vargyasy Ferenc"},"content":{"rendered":"<p>1804?, \u2020\u00a0Mv., 1887. \u00e1pr.10. 5.: ? \u2013 Feles\u00e9ge: 1? gyermekeik: V. Ferenc, r. k. pap; V. Jozefa \u2013 Falkenstein \u00d6d\u00f6nn\u00e9; 2.Polg\u00e1r Juli\u00e1nna, le\u00e1nya: V. Luiza \u2013 Schwartz Adolfn\u00e9. <br \/><strong>\u2013 Irod.:<\/strong> Gy\u00e1szjelent\u0151.<\/br><\/p>\n","protected":false},"excerpt":{"rendered":"<p>1804?, \u2020\u00a0Mv., 1887. \u00e1pr.10. 5.: ? \u2013 Feles\u00e9ge: 1? gyermekeik: V. Ferenc, r. k. pap; V. Jozefa \u2013 Falkenstein \u00d6d\u00f6nn\u00e9; 2.Polg\u00e1r Juli\u00e1nna, le\u00e1nya: V. Luiza \u2013 Schwartz Adolfn\u00e9. \u2013 Irod.: Gy\u00e1szjelent\u0151.<\/p>\n","protected":false},"featured_media":0,"comment_status":"open","ping_status":"closed","template":"","meta":[],"product_brand":[],"product_cat":[137],"product_tag":[],"class_list":{"0":"post-24191","1":"product","2":"type-product","3":"status-publish","5":"product_cat-maros-megyei-eletrajzi-lexikon","7":"first","8":"instock","9":"shipping-taxable","10":"product-type-simple"},"_links":{"self":[{"href":"https:\/\/uj.adatbank.ro\/lexikon\/wp-json\/wp\/v2\/product\/24191","targetHints":{"allow":["GET"]}}],"collection":[{"href":"https:\/\/uj.adatbank.ro\/lexikon\/wp-json\/wp\/v2\/product"}],"about":[{"href":"https:\/\/uj.adatbank.ro\/lexikon\/wp-json\/wp\/v2\/types\/product"}],"replies":[{"embeddable":true,"href":"https:\/\/uj.adatbank.ro\/lexikon\/wp-json\/wp\/v2\/comments?post=24191"}],"wp:attachment":[{"href":"https:\/\/uj.adatbank.ro\/lexikon\/wp-json\/wp\/v2\/media?parent=24191"}],"wp:term":[{"taxonomy":"product_brand","embeddable":true,"href":"https:\/\/uj.adatbank.ro\/lexikon\/wp-json\/wp\/v2\/product_brand?post=24191"},{"taxonomy":"product_cat","embeddable":true,"href":"https:\/\/uj.adatbank.ro\/lexikon\/wp-json\/wp\/v2\/product_cat?post=24191"},{"taxonomy":"product_tag","embeddable":true,"href":"https:\/\/uj.adatbank.ro\/lexikon\/wp-json\/wp\/v2\/product_tag?post=24191"}],"curies":[{"name":"wp","href":"https:\/\/api.w.org\/{rel}","templated":true}]}}