{"id":24192,"date":"2025-08-01T17:58:07","date_gmt":"2025-08-01T15:58:07","guid":{"rendered":"https:\/\/uj.adatbank.ro\/lexikon\/termek\/vargyasi-ferenc-vargyasy-ferenc-2\/"},"modified":"2025-08-01T17:58:07","modified_gmt":"2025-08-01T15:58:07","slug":"vargyasi-ferenc-vargyasy-ferenc-2","status":"publish","type":"product","link":"https:\/\/uj.adatbank.ro\/lexikon\/termek\/vargyasi-ferenc-vargyasy-ferenc-2\/","title":{"rendered":"VARGYASI Ferenc, Vargyasy Ferenc"},"content":{"rendered":"<p>Mv., 1840. aug. 4., \u2020\u00a01899. m\u00e1rc. 5.: r. k. pap. \u2013 Apja: Vargyasi Ferenc. Tanulm\u00e1nyait Mv.-en, Gyulafeh\u00e9rv\u00e1ron \u00e9s B\u00e9csben a P\u00e1zm\u00e1neumban v\u00e9gezte, papp\u00e1 szentelt\u00e9k (1863. \u00e1pr. 26.). Brass\u00f3ban k\u00e1pl\u00e1n, hitoktat\u00f3, a r. k. f\u0151gimn.-i tan\u00e1r, a f\u0151gimn. igazgat\u00f3ja hal\u00e1l\u00e1ig (1865\u201399). <br \/><strong>\u2013 Irod.:<\/strong> Gy\u00e1szjelent\u0151; Ferenczi S\u00e1ndor 2009.<\/br><\/p>\n","protected":false},"excerpt":{"rendered":"<p>Mv., 1840. aug. 4., \u2020\u00a01899. m\u00e1rc. 5.: r. k. pap. \u2013 Apja: Vargyasi Ferenc. Tanulm\u00e1nyait Mv.-en, Gyulafeh\u00e9rv\u00e1ron \u00e9s B\u00e9csben a P\u00e1zm\u00e1neumban v\u00e9gezte, papp\u00e1 szentelt\u00e9k (1863. \u00e1pr. 26.). Brass\u00f3ban k\u00e1pl\u00e1n, hitoktat\u00f3, a r. k. f\u0151gimn.-i tan\u00e1r, a f\u0151gimn. igazgat\u00f3ja hal\u00e1l\u00e1ig (1865\u201399). \u2013 Irod.: Gy\u00e1szjelent\u0151; Ferenczi S\u00e1ndor 2009.<\/p>\n","protected":false},"featured_media":0,"comment_status":"open","ping_status":"closed","template":"","meta":[],"product_brand":[],"product_cat":[137],"product_tag":[],"class_list":{"0":"post-24192","1":"product","2":"type-product","3":"status-publish","5":"product_cat-maros-megyei-eletrajzi-lexikon","7":"first","8":"instock","9":"shipping-taxable","10":"product-type-simple"},"_links":{"self":[{"href":"https:\/\/uj.adatbank.ro\/lexikon\/wp-json\/wp\/v2\/product\/24192","targetHints":{"allow":["GET"]}}],"collection":[{"href":"https:\/\/uj.adatbank.ro\/lexikon\/wp-json\/wp\/v2\/product"}],"about":[{"href":"https:\/\/uj.adatbank.ro\/lexikon\/wp-json\/wp\/v2\/types\/product"}],"replies":[{"embeddable":true,"href":"https:\/\/uj.adatbank.ro\/lexikon\/wp-json\/wp\/v2\/comments?post=24192"}],"wp:attachment":[{"href":"https:\/\/uj.adatbank.ro\/lexikon\/wp-json\/wp\/v2\/media?parent=24192"}],"wp:term":[{"taxonomy":"product_brand","embeddable":true,"href":"https:\/\/uj.adatbank.ro\/lexikon\/wp-json\/wp\/v2\/product_brand?post=24192"},{"taxonomy":"product_cat","embeddable":true,"href":"https:\/\/uj.adatbank.ro\/lexikon\/wp-json\/wp\/v2\/product_cat?post=24192"},{"taxonomy":"product_tag","embeddable":true,"href":"https:\/\/uj.adatbank.ro\/lexikon\/wp-json\/wp\/v2\/product_tag?post=24192"}],"curies":[{"name":"wp","href":"https:\/\/api.w.org\/{rel}","templated":true}]}}