{"id":24196,"date":"2025-08-01T17:58:18","date_gmt":"2025-08-01T15:58:18","guid":{"rendered":"https:\/\/uj.adatbank.ro\/lexikon\/termek\/varhelyi-zoltan-jeromos-varhelyi-jeromos-p-hieronymus\/"},"modified":"2025-08-01T17:58:18","modified_gmt":"2025-08-01T15:58:18","slug":"varhelyi-zoltan-jeromos-varhelyi-jeromos-p-hieronymus","status":"publish","type":"product","link":"https:\/\/uj.adatbank.ro\/lexikon\/termek\/varhelyi-zoltan-jeromos-varhelyi-jeromos-p-hieronymus\/","title":{"rendered":"V\u00c1RHELYI Zolt\u00e1n Jeromos, V\u00e1rhelyi Jeromos, P. Hieronymus"},"content":{"rendered":"<p>Bp., 1908., \u2020 Mv., 1984.: h\u00e1zf\u0151n\u00f6k. S\u00edrk\u00f6ve a mv.-i r. k. temet\u0151ben. \u2013 Minorita h\u00e1zf\u0151n\u00f6k \u2013 gv\u00e1rdi\u00e1n Mv.-en (1944. \u00e1pr. 27. \u2013 1947. m\u00e1rc. 29 el\u0151tt). A mv.-i kaszin\u00f3 tagja (1946. dec.9.\u2013). <br \/><strong>\u2013 Irod.:<\/strong> Maros megyei t\u00f6rt.<\/br><\/p>\n","protected":false},"excerpt":{"rendered":"<p>Bp., 1908., \u2020 Mv., 1984.: h\u00e1zf\u0151n\u00f6k. S\u00edrk\u00f6ve a mv.-i r. k. temet\u0151ben. \u2013 Minorita h\u00e1zf\u0151n\u00f6k \u2013 gv\u00e1rdi\u00e1n Mv.-en (1944. \u00e1pr. 27. \u2013 1947. m\u00e1rc. 29 el\u0151tt). A mv.-i kaszin\u00f3 tagja (1946. dec.9.\u2013). \u2013 Irod.: Maros megyei t\u00f6rt.<\/p>\n","protected":false},"featured_media":0,"comment_status":"open","ping_status":"closed","template":"","meta":[],"product_brand":[],"product_cat":[137],"product_tag":[],"class_list":{"0":"post-24196","1":"product","2":"type-product","3":"status-publish","5":"product_cat-maros-megyei-eletrajzi-lexikon","7":"first","8":"instock","9":"shipping-taxable","10":"product-type-simple"},"_links":{"self":[{"href":"https:\/\/uj.adatbank.ro\/lexikon\/wp-json\/wp\/v2\/product\/24196","targetHints":{"allow":["GET"]}}],"collection":[{"href":"https:\/\/uj.adatbank.ro\/lexikon\/wp-json\/wp\/v2\/product"}],"about":[{"href":"https:\/\/uj.adatbank.ro\/lexikon\/wp-json\/wp\/v2\/types\/product"}],"replies":[{"embeddable":true,"href":"https:\/\/uj.adatbank.ro\/lexikon\/wp-json\/wp\/v2\/comments?post=24196"}],"wp:attachment":[{"href":"https:\/\/uj.adatbank.ro\/lexikon\/wp-json\/wp\/v2\/media?parent=24196"}],"wp:term":[{"taxonomy":"product_brand","embeddable":true,"href":"https:\/\/uj.adatbank.ro\/lexikon\/wp-json\/wp\/v2\/product_brand?post=24196"},{"taxonomy":"product_cat","embeddable":true,"href":"https:\/\/uj.adatbank.ro\/lexikon\/wp-json\/wp\/v2\/product_cat?post=24196"},{"taxonomy":"product_tag","embeddable":true,"href":"https:\/\/uj.adatbank.ro\/lexikon\/wp-json\/wp\/v2\/product_tag?post=24196"}],"curies":[{"name":"wp","href":"https:\/\/api.w.org\/{rel}","templated":true}]}}