{"id":24200,"date":"2025-08-01T17:58:25","date_gmt":"2025-08-01T15:58:25","guid":{"rendered":"https:\/\/uj.adatbank.ro\/lexikon\/termek\/varju-zsigmond\/"},"modified":"2025-08-01T17:58:25","modified_gmt":"2025-08-01T15:58:25","slug":"varju-zsigmond","status":"publish","type":"product","link":"https:\/\/uj.adatbank.ro\/lexikon\/termek\/varju-zsigmond\/","title":{"rendered":"VARJ\u00da Zsigmond"},"content":{"rendered":"<p>1684. m\u00e1rc. 9., \u2020 Mv., 1719. aug. 12.: tan\u00e1r, jezsuita hitsz\u00f3nok, a r. k. nevelde igazgat\u00f3ja. \u2013 A jezsuita rendbe l\u00e9pett (1701. dec. 28.), a b\u00f6lcs\u00e9szetet Nagyszombatban hallgatta, Beszterceb\u00e1ny\u00e1n a harmadik pr\u00f3ba\u00e9vet t\u00f6lt\u00f6tte (1717). A mv.-i r. k. fi\u00fatanoda \u00e9s neveldeh\u00e1z igazgat\u00f3ja (1718\u2013), egyben a grammatikai oszt\u00e1lyban \u00e9s hum\u00e1n t\u00e1rgyakat tan\u00edtott. A pl\u00e9b\u00e1niatemplom alatti s\u00edrboltban temett\u00e9k el. <br \/><strong>\u2013 Irod.:<\/strong> H\u00edres polg\u00e1rok; Id\u0151t\u00e1r 1.<\/br><\/p>\n","protected":false},"excerpt":{"rendered":"<p>1684. m\u00e1rc. 9., \u2020 Mv., 1719. aug. 12.: tan\u00e1r, jezsuita hitsz\u00f3nok, a r. k. nevelde igazgat\u00f3ja. \u2013 A jezsuita rendbe l\u00e9pett (1701. dec. 28.), a b\u00f6lcs\u00e9szetet Nagyszombatban hallgatta, Beszterceb\u00e1ny\u00e1n a harmadik pr\u00f3ba\u00e9vet t\u00f6lt\u00f6tte (1717). A mv.-i r. k. fi\u00fatanoda \u00e9s neveldeh\u00e1z igazgat\u00f3ja (1718\u2013), egyben a grammatikai oszt\u00e1lyban \u00e9s hum\u00e1n t\u00e1rgyakat tan\u00edtott. A pl\u00e9b\u00e1niatemplom alatti s\u00edrboltban [&hellip;]<\/p>\n","protected":false},"featured_media":0,"comment_status":"open","ping_status":"closed","template":"","meta":[],"product_brand":[],"product_cat":[137],"product_tag":[],"class_list":{"0":"post-24200","1":"product","2":"type-product","3":"status-publish","5":"product_cat-maros-megyei-eletrajzi-lexikon","7":"first","8":"instock","9":"shipping-taxable","10":"product-type-simple"},"_links":{"self":[{"href":"https:\/\/uj.adatbank.ro\/lexikon\/wp-json\/wp\/v2\/product\/24200","targetHints":{"allow":["GET"]}}],"collection":[{"href":"https:\/\/uj.adatbank.ro\/lexikon\/wp-json\/wp\/v2\/product"}],"about":[{"href":"https:\/\/uj.adatbank.ro\/lexikon\/wp-json\/wp\/v2\/types\/product"}],"replies":[{"embeddable":true,"href":"https:\/\/uj.adatbank.ro\/lexikon\/wp-json\/wp\/v2\/comments?post=24200"}],"wp:attachment":[{"href":"https:\/\/uj.adatbank.ro\/lexikon\/wp-json\/wp\/v2\/media?parent=24200"}],"wp:term":[{"taxonomy":"product_brand","embeddable":true,"href":"https:\/\/uj.adatbank.ro\/lexikon\/wp-json\/wp\/v2\/product_brand?post=24200"},{"taxonomy":"product_cat","embeddable":true,"href":"https:\/\/uj.adatbank.ro\/lexikon\/wp-json\/wp\/v2\/product_cat?post=24200"},{"taxonomy":"product_tag","embeddable":true,"href":"https:\/\/uj.adatbank.ro\/lexikon\/wp-json\/wp\/v2\/product_tag?post=24200"}],"curies":[{"name":"wp","href":"https:\/\/api.w.org\/{rel}","templated":true}]}}