{"id":24201,"date":"2025-08-01T17:58:27","date_gmt":"2025-08-01T15:58:27","guid":{"rendered":"https:\/\/uj.adatbank.ro\/lexikon\/termek\/varna-laszlo\/"},"modified":"2025-08-01T17:58:27","modified_gmt":"2025-08-01T15:58:27","slug":"varna-laszlo","status":"publish","type":"product","link":"https:\/\/uj.adatbank.ro\/lexikon\/termek\/varna-laszlo\/","title":{"rendered":"V\u00c1RNA L\u00e1szl\u00f3"},"content":{"rendered":"<p>Mv., 1898., \u2020\u00a0?: M\u00c1V tisztvisel\u0151. \u2013 Tanulm\u00e1nyai elv\u00e9gz\u00e9se ut\u00e1n a M\u00c1V-n\u00e1l lett tisztvisel\u0151 (1915\u2013). A hazafias \u00e9s magyar \u00fcgyek p\u00e1rtol\u00f3ja volt. <br \/><strong>\u2013 Irod.:<\/strong> Sz\u00e9kelyf\u00f6ld \u00ed. k.<\/br><\/p>\n","protected":false},"excerpt":{"rendered":"<p>Mv., 1898., \u2020\u00a0?: M\u00c1V tisztvisel\u0151. \u2013 Tanulm\u00e1nyai elv\u00e9gz\u00e9se ut\u00e1n a M\u00c1V-n\u00e1l lett tisztvisel\u0151 (1915\u2013). A hazafias \u00e9s magyar \u00fcgyek p\u00e1rtol\u00f3ja volt. \u2013 Irod.: Sz\u00e9kelyf\u00f6ld \u00ed. k.<\/p>\n","protected":false},"featured_media":0,"comment_status":"open","ping_status":"closed","template":"","meta":[],"product_brand":[],"product_cat":[137],"product_tag":[],"class_list":{"0":"post-24201","1":"product","2":"type-product","3":"status-publish","5":"product_cat-maros-megyei-eletrajzi-lexikon","7":"first","8":"instock","9":"shipping-taxable","10":"product-type-simple"},"_links":{"self":[{"href":"https:\/\/uj.adatbank.ro\/lexikon\/wp-json\/wp\/v2\/product\/24201","targetHints":{"allow":["GET"]}}],"collection":[{"href":"https:\/\/uj.adatbank.ro\/lexikon\/wp-json\/wp\/v2\/product"}],"about":[{"href":"https:\/\/uj.adatbank.ro\/lexikon\/wp-json\/wp\/v2\/types\/product"}],"replies":[{"embeddable":true,"href":"https:\/\/uj.adatbank.ro\/lexikon\/wp-json\/wp\/v2\/comments?post=24201"}],"wp:attachment":[{"href":"https:\/\/uj.adatbank.ro\/lexikon\/wp-json\/wp\/v2\/media?parent=24201"}],"wp:term":[{"taxonomy":"product_brand","embeddable":true,"href":"https:\/\/uj.adatbank.ro\/lexikon\/wp-json\/wp\/v2\/product_brand?post=24201"},{"taxonomy":"product_cat","embeddable":true,"href":"https:\/\/uj.adatbank.ro\/lexikon\/wp-json\/wp\/v2\/product_cat?post=24201"},{"taxonomy":"product_tag","embeddable":true,"href":"https:\/\/uj.adatbank.ro\/lexikon\/wp-json\/wp\/v2\/product_tag?post=24201"}],"curies":[{"name":"wp","href":"https:\/\/api.w.org\/{rel}","templated":true}]}}