{"id":24204,"date":"2025-08-01T17:58:35","date_gmt":"2025-08-01T15:58:35","guid":{"rendered":"https:\/\/uj.adatbank.ro\/lexikon\/termek\/varo-liviu\/"},"modified":"2025-08-01T17:58:35","modified_gmt":"2025-08-01T15:58:35","slug":"varo-liviu","status":"publish","type":"product","link":"https:\/\/uj.adatbank.ro\/lexikon\/termek\/varo-liviu\/","title":{"rendered":"VARO, Liviu"},"content":{"rendered":"<p>? \u2020 ?: tan\u00edt\u00f3. A II. vh. ut\u00e1n Marosszentgy\u00f6rgy\u00f6n az \u00fajj\u00e1szervezett rom\u00e1n tannyelv\u0171 iskola tan\u00edt\u00f3ja. Csak \u00e9retts\u00e9gi diplom\u00e1ja volt. (1944. dec. 23\u2013). <br \/><strong>\u2013 Irod.:<\/strong> S\u00e2ngeorgiu de Mure\u015f \u2013 \u015ecoala.<\/br><\/p>\n","protected":false},"excerpt":{"rendered":"<p>? \u2020 ?: tan\u00edt\u00f3. A II. vh. ut\u00e1n Marosszentgy\u00f6rgy\u00f6n az \u00fajj\u00e1szervezett rom\u00e1n tannyelv\u0171 iskola tan\u00edt\u00f3ja. Csak \u00e9retts\u00e9gi diplom\u00e1ja volt. (1944. dec. 23\u2013). \u2013 Irod.: S\u00e2ngeorgiu de Mure\u015f \u2013 \u015ecoala.<\/p>\n","protected":false},"featured_media":0,"comment_status":"open","ping_status":"closed","template":"","meta":[],"product_brand":[],"product_cat":[137],"product_tag":[],"class_list":{"0":"post-24204","1":"product","2":"type-product","3":"status-publish","5":"product_cat-maros-megyei-eletrajzi-lexikon","7":"first","8":"instock","9":"shipping-taxable","10":"product-type-simple"},"_links":{"self":[{"href":"https:\/\/uj.adatbank.ro\/lexikon\/wp-json\/wp\/v2\/product\/24204","targetHints":{"allow":["GET"]}}],"collection":[{"href":"https:\/\/uj.adatbank.ro\/lexikon\/wp-json\/wp\/v2\/product"}],"about":[{"href":"https:\/\/uj.adatbank.ro\/lexikon\/wp-json\/wp\/v2\/types\/product"}],"replies":[{"embeddable":true,"href":"https:\/\/uj.adatbank.ro\/lexikon\/wp-json\/wp\/v2\/comments?post=24204"}],"wp:attachment":[{"href":"https:\/\/uj.adatbank.ro\/lexikon\/wp-json\/wp\/v2\/media?parent=24204"}],"wp:term":[{"taxonomy":"product_brand","embeddable":true,"href":"https:\/\/uj.adatbank.ro\/lexikon\/wp-json\/wp\/v2\/product_brand?post=24204"},{"taxonomy":"product_cat","embeddable":true,"href":"https:\/\/uj.adatbank.ro\/lexikon\/wp-json\/wp\/v2\/product_cat?post=24204"},{"taxonomy":"product_tag","embeddable":true,"href":"https:\/\/uj.adatbank.ro\/lexikon\/wp-json\/wp\/v2\/product_tag?post=24204"}],"curies":[{"name":"wp","href":"https:\/\/api.w.org\/{rel}","templated":true}]}}