{"id":24220,"date":"2025-08-01T17:59:11","date_gmt":"2025-08-01T15:59:11","guid":{"rendered":"https:\/\/uj.adatbank.ro\/lexikon\/termek\/varteresz-pal-gergely\/"},"modified":"2025-08-01T17:59:11","modified_gmt":"2025-08-01T15:59:11","slug":"varteresz-pal-gergely","status":"publish","type":"product","link":"https:\/\/uj.adatbank.ro\/lexikon\/termek\/varteresz-pal-gergely\/","title":{"rendered":"V\u00c1RTER\u00c9SZ P\u00e1l Gergely"},"content":{"rendered":"<p>? 1926, \u2020\u00a0Mv., 1992. m\u00e1rc. 25.: tan\u00e1r. \u2013 Term\u00e9szetrajz-biol\u00f3gia tan\u00e1r \u00e9s igazgat\u00f3. Mv.-en a Bolyai Farkas L\u00edc.-ban tan\u00edtott \u2013 <br \/><strong>\u2013 Irod.:<\/strong> [Nekrol\u00f3g] (N\u00fa., 1992. m\u00e1rc. 27.); Mv.-i \u00f6rm\u00e9nyek.<\/br><\/p>\n","protected":false},"excerpt":{"rendered":"<p>? 1926, \u2020\u00a0Mv., 1992. m\u00e1rc. 25.: tan\u00e1r. \u2013 Term\u00e9szetrajz-biol\u00f3gia tan\u00e1r \u00e9s igazgat\u00f3. Mv.-en a Bolyai Farkas L\u00edc.-ban tan\u00edtott \u2013 \u2013 Irod.: [Nekrol\u00f3g] (N\u00fa., 1992. m\u00e1rc. 27.); Mv.-i \u00f6rm\u00e9nyek.<\/p>\n","protected":false},"featured_media":0,"comment_status":"open","ping_status":"closed","template":"","meta":[],"product_brand":[],"product_cat":[137],"product_tag":[],"class_list":{"0":"post-24220","1":"product","2":"type-product","3":"status-publish","5":"product_cat-maros-megyei-eletrajzi-lexikon","7":"first","8":"instock","9":"shipping-taxable","10":"product-type-simple"},"_links":{"self":[{"href":"https:\/\/uj.adatbank.ro\/lexikon\/wp-json\/wp\/v2\/product\/24220","targetHints":{"allow":["GET"]}}],"collection":[{"href":"https:\/\/uj.adatbank.ro\/lexikon\/wp-json\/wp\/v2\/product"}],"about":[{"href":"https:\/\/uj.adatbank.ro\/lexikon\/wp-json\/wp\/v2\/types\/product"}],"replies":[{"embeddable":true,"href":"https:\/\/uj.adatbank.ro\/lexikon\/wp-json\/wp\/v2\/comments?post=24220"}],"wp:attachment":[{"href":"https:\/\/uj.adatbank.ro\/lexikon\/wp-json\/wp\/v2\/media?parent=24220"}],"wp:term":[{"taxonomy":"product_brand","embeddable":true,"href":"https:\/\/uj.adatbank.ro\/lexikon\/wp-json\/wp\/v2\/product_brand?post=24220"},{"taxonomy":"product_cat","embeddable":true,"href":"https:\/\/uj.adatbank.ro\/lexikon\/wp-json\/wp\/v2\/product_cat?post=24220"},{"taxonomy":"product_tag","embeddable":true,"href":"https:\/\/uj.adatbank.ro\/lexikon\/wp-json\/wp\/v2\/product_tag?post=24220"}],"curies":[{"name":"wp","href":"https:\/\/api.w.org\/{rel}","templated":true}]}}