{"id":24225,"date":"2025-08-01T17:59:23","date_gmt":"2025-08-01T15:59:23","guid":{"rendered":"https:\/\/uj.adatbank.ro\/lexikon\/termek\/vas-albers-%c2%a7\/"},"modified":"2025-08-01T17:59:23","modified_gmt":"2025-08-01T15:59:23","slug":"vas-albers-%c2%a7","status":"publish","type":"product","link":"https:\/\/uj.adatbank.ro\/lexikon\/termek\/vas-albers-%c2%a7\/","title":{"rendered":"VAS Albers, \u00a7"},"content":{"rendered":"<p>? \u2020\u00a0?: keresked\u0151. \u2013 Mv.-en a Carmen Cip\u0151\u00e1ruh\u00e1z \u00fczletvezet\u0151je. Az I. vh.-ban (1914. j\u00fal.\u201318. nov.) az orosz \u00e9s rom\u00e1n harct\u00e9ren teljes\u00edtett arcvonalszolg\u00e1latot mint \u0151rmester. Megsebes\u00fclt. Kit\u00fcntet\u00e9se: K\u00e1roly cs. k. ig. a. <br \/><strong>\u2013 Irod.:<\/strong> M. hadviselt zsid\u00f3k; \u00d6kr\u00f6s.<\/br><\/p>\n","protected":false},"excerpt":{"rendered":"<p>? \u2020\u00a0?: keresked\u0151. \u2013 Mv.-en a Carmen Cip\u0151\u00e1ruh\u00e1z \u00fczletvezet\u0151je. Az I. vh.-ban (1914. j\u00fal.\u201318. nov.) az orosz \u00e9s rom\u00e1n harct\u00e9ren teljes\u00edtett arcvonalszolg\u00e1latot mint \u0151rmester. Megsebes\u00fclt. Kit\u00fcntet\u00e9se: K\u00e1roly cs. k. ig. a. \u2013 Irod.: M. hadviselt zsid\u00f3k; \u00d6kr\u00f6s.<\/p>\n","protected":false},"featured_media":0,"comment_status":"open","ping_status":"closed","template":"","meta":[],"product_brand":[],"product_cat":[137],"product_tag":[],"class_list":{"0":"post-24225","1":"product","2":"type-product","3":"status-publish","5":"product_cat-maros-megyei-eletrajzi-lexikon","7":"first","8":"instock","9":"shipping-taxable","10":"product-type-simple"},"_links":{"self":[{"href":"https:\/\/uj.adatbank.ro\/lexikon\/wp-json\/wp\/v2\/product\/24225","targetHints":{"allow":["GET"]}}],"collection":[{"href":"https:\/\/uj.adatbank.ro\/lexikon\/wp-json\/wp\/v2\/product"}],"about":[{"href":"https:\/\/uj.adatbank.ro\/lexikon\/wp-json\/wp\/v2\/types\/product"}],"replies":[{"embeddable":true,"href":"https:\/\/uj.adatbank.ro\/lexikon\/wp-json\/wp\/v2\/comments?post=24225"}],"wp:attachment":[{"href":"https:\/\/uj.adatbank.ro\/lexikon\/wp-json\/wp\/v2\/media?parent=24225"}],"wp:term":[{"taxonomy":"product_brand","embeddable":true,"href":"https:\/\/uj.adatbank.ro\/lexikon\/wp-json\/wp\/v2\/product_brand?post=24225"},{"taxonomy":"product_cat","embeddable":true,"href":"https:\/\/uj.adatbank.ro\/lexikon\/wp-json\/wp\/v2\/product_cat?post=24225"},{"taxonomy":"product_tag","embeddable":true,"href":"https:\/\/uj.adatbank.ro\/lexikon\/wp-json\/wp\/v2\/product_tag?post=24225"}],"curies":[{"name":"wp","href":"https:\/\/api.w.org\/{rel}","templated":true}]}}