{"id":24228,"date":"2025-08-01T17:59:30","date_gmt":"2025-08-01T15:59:30","guid":{"rendered":"https:\/\/uj.adatbank.ro\/lexikon\/termek\/vas-ferenc-altorjai\/"},"modified":"2025-08-01T17:59:30","modified_gmt":"2025-08-01T15:59:30","slug":"vas-ferenc-altorjai","status":"publish","type":"product","link":"https:\/\/uj.adatbank.ro\/lexikon\/termek\/vas-ferenc-altorjai\/","title":{"rendered":"VAS Ferenc, altorjai"},"content":{"rendered":"<p>1821. febr. 15., \u2020\u00a01877. jan. 29.: r. k. pap. \u2013 Papp\u00e1 szentelt\u00e9k (1846. aug. 21.). K\u00e1pl\u00e1n Lemh\u00e9nyben, Zetelak\u00e1n, Cs\u00edkr\u00e1koson. A forradalom ut\u00e1n menek\u00fclt. Sz\u00e1szr\u00e9genben helyettes pl\u00e9b\u00e1nos (1850). K\u00e1pl\u00e1n Kapnikb\u00e1ny\u00e1n (1852). Pl\u00e9b\u00e1nos Sz\u00e9kelyhodoson (1852\u201356), majd K\u00e1szonjakabfalv\u00e1n, S\u00e1rfalv\u00e1n, T\u00f6rcsv\u00e1ron, Jegeny\u00e9n, Almaker\u00e9ken. <br \/><strong>\u2013 Irod.:<\/strong> Ferenczi S\u00e1ndor 2009.<\/br><\/p>\n","protected":false},"excerpt":{"rendered":"<p>1821. febr. 15., \u2020\u00a01877. jan. 29.: r. k. pap. \u2013 Papp\u00e1 szentelt\u00e9k (1846. aug. 21.). K\u00e1pl\u00e1n Lemh\u00e9nyben, Zetelak\u00e1n, Cs\u00edkr\u00e1koson. A forradalom ut\u00e1n menek\u00fclt. Sz\u00e1szr\u00e9genben helyettes pl\u00e9b\u00e1nos (1850). K\u00e1pl\u00e1n Kapnikb\u00e1ny\u00e1n (1852). Pl\u00e9b\u00e1nos Sz\u00e9kelyhodoson (1852\u201356), majd K\u00e1szonjakabfalv\u00e1n, S\u00e1rfalv\u00e1n, T\u00f6rcsv\u00e1ron, Jegeny\u00e9n, Almaker\u00e9ken. \u2013 Irod.: Ferenczi S\u00e1ndor 2009.<\/p>\n","protected":false},"featured_media":0,"comment_status":"open","ping_status":"closed","template":"","meta":[],"product_brand":[],"product_cat":[137],"product_tag":[],"class_list":{"0":"post-24228","1":"product","2":"type-product","3":"status-publish","5":"product_cat-maros-megyei-eletrajzi-lexikon","7":"first","8":"instock","9":"shipping-taxable","10":"product-type-simple"},"_links":{"self":[{"href":"https:\/\/uj.adatbank.ro\/lexikon\/wp-json\/wp\/v2\/product\/24228","targetHints":{"allow":["GET"]}}],"collection":[{"href":"https:\/\/uj.adatbank.ro\/lexikon\/wp-json\/wp\/v2\/product"}],"about":[{"href":"https:\/\/uj.adatbank.ro\/lexikon\/wp-json\/wp\/v2\/types\/product"}],"replies":[{"embeddable":true,"href":"https:\/\/uj.adatbank.ro\/lexikon\/wp-json\/wp\/v2\/comments?post=24228"}],"wp:attachment":[{"href":"https:\/\/uj.adatbank.ro\/lexikon\/wp-json\/wp\/v2\/media?parent=24228"}],"wp:term":[{"taxonomy":"product_brand","embeddable":true,"href":"https:\/\/uj.adatbank.ro\/lexikon\/wp-json\/wp\/v2\/product_brand?post=24228"},{"taxonomy":"product_cat","embeddable":true,"href":"https:\/\/uj.adatbank.ro\/lexikon\/wp-json\/wp\/v2\/product_cat?post=24228"},{"taxonomy":"product_tag","embeddable":true,"href":"https:\/\/uj.adatbank.ro\/lexikon\/wp-json\/wp\/v2\/product_tag?post=24228"}],"curies":[{"name":"wp","href":"https:\/\/api.w.org\/{rel}","templated":true}]}}