{"id":24239,"date":"2025-08-01T17:59:56","date_gmt":"2025-08-01T15:59:56","guid":{"rendered":"https:\/\/uj.adatbank.ro\/lexikon\/termek\/vasarhelyi-baba-ferenc-vasarhelyi-baba-franciscus-marosvasarhelyi-baba-ferenc\/"},"modified":"2025-08-01T17:59:56","modified_gmt":"2025-08-01T15:59:56","slug":"vasarhelyi-baba-ferenc-vasarhelyi-baba-franciscus-marosvasarhelyi-baba-ferenc","status":"publish","type":"product","link":"https:\/\/uj.adatbank.ro\/lexikon\/termek\/vasarhelyi-baba-ferenc-vasarhelyi-baba-franciscus-marosvasarhelyi-baba-ferenc\/","title":{"rendered":"V\u00c1S\u00c1RHELYI BABA Ferenc; V\u00e1s\u00e1rhelyi Baba Franciscus, Marosv\u00e1s\u00e1rhelyi Baba Ferenc"},"content":{"rendered":"<p>Mv., 1690 k., \u2020 P\u00e1pa, 1740: borkeresked\u0151, ford\u00edt\u00f3. \u2013 Nagyenyeden tanult (1710\u2013), ahol k\u00f6ztan\u00edt\u00f3i \u00e1ll\u00e1st is viselt, azut\u00e1n Odera-Frankfurtban l\u00e1togatta az egyetemet (1717\u201322). Onnan visszat\u00e9rve Kv.-on tokaji borral kereskedett, de \u00fczlete nem siker\u00fclt, elad\u00f3sodott. Kalandos \u00e9lete tragikus v\u00e9get \u00e9rt, mint h\u00e1borodott elm\u00e9j\u0171 bolyongott v\u00e1rosr\u00f3l v\u00e1rosra, m\u00edg P\u00e1p\u00e1n meghalt. Latinb\u00f3l magyarra ford\u00edtotta \u00e9s kiadta Vitring\u00e1nak Typus theologiae practicae c m\u0171v\u00e9t a Lelki \u00e9let azaz az \u00dar J\u00e9zus Krisztusban igaz hit \u00e1ltal beoltatott \u00e9s \u0151benne \u00e9l\u0151 emberek lelki \u00e1llapotj\u00e1nak r\u00f6vid le\u00edr\u00e1sa c\u00edmmel. Erre a k\u00f6nyvre tan\u00e1ra Noltenius J\u00e1nos h\u00edvta fel a figyelm\u00e9t. Val\u00f3sz\u00edn\u0171leg \u0151 is coccej\u00e1nus elveket vallott, Respondens volt a \u201eDe auctore decalogi\u201d (1717.) tartott vit\u00e1n. Gy\u00e1szverset \u00edrt a P\u00e1pai P\u00e1riz Ferenc hal\u00e1l\u00e1ra (1717.). Borosnyai Luk\u00e1cs J\u00e1nos \u00fcdv\u00f6zl\u0151 verset \u00edrt hozz\u00e1 (1722). N\u00e9h\u00e1ny peregrinus level\u00e9t (1711\u201350) a Teleki t\u00e9ka \u0151rzi (Adatt\u00e1r 6, 1980). \u2013  <strong>F. m..:<\/strong> Exercitatio theologica de auctore Decalogi prima \u2026 praeside \u2026 Philippo Ouseel \u2026 examini submittit (Francofurti ad Viadrum, 1717);  <strong>ford.:<\/strong> Campegius Vitringa: Lelki \u00e9let (Frankfurt, 1722). <br \/><strong>\u2013 Irod.:<\/strong> Catalogus Bibliothecae Hungaricae F. Sz\u00e9chenyi (Sopron, 1799); Ferenczy\u2013Danielik; Kr\u00f3n. F\u00fcz. (1940. 4\/10); RMK III\/18. sz.; R\u00f3th: Sz\u00fcletett nyelv\u00fcnk\u00f6n; Szab\u00f3\u2013Sz\u00f6gi; Szinnyei; \u00daMIL; Zov\u00e1nyi; Zov\u00e1nyi Jen\u0151: Magyar coccej\u00e1nusok a 18. sz.-ban = Kisebb dolgozatok a magyar protestantizmus t\u00f6rt\u00e9net\u00e9nek k\u00f6r\u00e9b\u0151l (S\u00e1rospatak, 1910).<\/br><\/p>\n","protected":false},"excerpt":{"rendered":"<p>Mv., 1690 k., \u2020 P\u00e1pa, 1740: borkeresked\u0151, ford\u00edt\u00f3. \u2013 Nagyenyeden tanult (1710\u2013), ahol k\u00f6ztan\u00edt\u00f3i \u00e1ll\u00e1st is viselt, azut\u00e1n Odera-Frankfurtban l\u00e1togatta az egyetemet (1717\u201322). Onnan visszat\u00e9rve Kv.-on tokaji borral kereskedett, de \u00fczlete nem siker\u00fclt, elad\u00f3sodott. Kalandos \u00e9lete tragikus v\u00e9get \u00e9rt, mint h\u00e1borodott elm\u00e9j\u0171 bolyongott v\u00e1rosr\u00f3l v\u00e1rosra, m\u00edg P\u00e1p\u00e1n meghalt. Latinb\u00f3l magyarra ford\u00edtotta \u00e9s kiadta Vitring\u00e1nak Typus [&hellip;]<\/p>\n","protected":false},"featured_media":0,"comment_status":"open","ping_status":"closed","template":"","meta":[],"product_brand":[],"product_cat":[137],"product_tag":[],"class_list":{"0":"post-24239","1":"product","2":"type-product","3":"status-publish","5":"product_cat-maros-megyei-eletrajzi-lexikon","7":"first","8":"instock","9":"shipping-taxable","10":"product-type-simple"},"_links":{"self":[{"href":"https:\/\/uj.adatbank.ro\/lexikon\/wp-json\/wp\/v2\/product\/24239","targetHints":{"allow":["GET"]}}],"collection":[{"href":"https:\/\/uj.adatbank.ro\/lexikon\/wp-json\/wp\/v2\/product"}],"about":[{"href":"https:\/\/uj.adatbank.ro\/lexikon\/wp-json\/wp\/v2\/types\/product"}],"replies":[{"embeddable":true,"href":"https:\/\/uj.adatbank.ro\/lexikon\/wp-json\/wp\/v2\/comments?post=24239"}],"wp:attachment":[{"href":"https:\/\/uj.adatbank.ro\/lexikon\/wp-json\/wp\/v2\/media?parent=24239"}],"wp:term":[{"taxonomy":"product_brand","embeddable":true,"href":"https:\/\/uj.adatbank.ro\/lexikon\/wp-json\/wp\/v2\/product_brand?post=24239"},{"taxonomy":"product_cat","embeddable":true,"href":"https:\/\/uj.adatbank.ro\/lexikon\/wp-json\/wp\/v2\/product_cat?post=24239"},{"taxonomy":"product_tag","embeddable":true,"href":"https:\/\/uj.adatbank.ro\/lexikon\/wp-json\/wp\/v2\/product_tag?post=24239"}],"curies":[{"name":"wp","href":"https:\/\/api.w.org\/{rel}","templated":true}]}}