{"id":24242,"date":"2025-08-01T18:00:02","date_gmt":"2025-08-01T16:00:02","guid":{"rendered":"https:\/\/uj.adatbank.ro\/lexikon\/termek\/vasarhelyi-boldizsar\/"},"modified":"2025-08-01T18:00:02","modified_gmt":"2025-08-01T16:00:02","slug":"vasarhelyi-boldizsar","status":"publish","type":"product","link":"https:\/\/uj.adatbank.ro\/lexikon\/termek\/vasarhelyi-boldizsar\/","title":{"rendered":"V\u00c1S\u00c1RHELYI Boldizs\u00e1r"},"content":{"rendered":"<p>Ilencfalva, 1862. febr. 24. \u2020\u00a01942. nov. 6.: ref. lelkip\u00e1sztor. \u2013 Az elemi iskol\u00e1t sz\u00fcl\u0151faluj\u00e1ban \u00e9s Mv.-en, a f\u0151gimn\u00e1ziumot \u00e9s teol\u00f3gi\u00e1t a nagyenyedi Bethlen Koll.-ban v\u00e9gezte (1872\u20131884) majd Utrechtben hallgatott teol\u00f3gi\u00e1t (1884\u201385). P\u00fcsp\u00f6ki titk\u00e1r (1885\u201387); k\u00f6rlelk\u00e9sz Szamos\u00fajv\u00e1ron (1887\u201394), d\u00e9si lelk\u00e9sz (1894\u20131918), d\u00e9si esperes (1914\u201318), a kv.-i egyh\u00e1zmegye lelk\u00e9sze, esperese (1919\u201323), a kv.-i egyh\u00e1zk\u00f6zs\u00e9g belv\u00e1rosi paroki\u00e1lis k\u00f6r\u00e9nek lelk\u00e9sze nyugalomba vonul\u00e1s\u00e1ig (1918. m\u00e1j. 9.\u20131940. jan. 1.). Rendes tagja volt a budapesti harmadik zsinatnak. A kv.-i Farkas utcai templomban ker\u00fclt c\u00edmeres eml\u00e9ke. \u2013  <strong>F. m..:<\/strong> Siess\u00fcnk J\u00e9zushoz (Bek\u00f6sz\u00f6nt\u0151 D\u00e9sen). (Szamos\u00fajv\u00e1r, 1894.); Isten jelenl\u00e9te (Pr\u00e9dik\u00e1ci\u00f3). (D\u00e9s, 1894.); Millenniumi ima \u00e9s egyh\u00e1zi besz\u00e9d. (D\u00e9s, 1896.); 1902. m\u00e1rc. 15. \u00e9s szent Pet\u0151fi napj\u00e1n (Boros G\u00e1borral). (D\u00e9s, 1902.); Egyh\u00e1zi besz\u00e9d Kossuth Lajos sz\u00fclet\u00e9s\u00e9nek 100. \u00e9vfordul\u00f3j\u00e1n. (D\u00e9s, 1902.); Gyakorlati levelek kezd\u0151 lelkip\u00e1sztorokhoz (1907); V\u00e9kony Ferenc\u2026 eml\u00e9k\u00e9re\u2026 besz\u00e9d. (D\u00e9s, 1909.); Esperesi sz\u00e9kfoglal\u00f3 besz\u00e9d. (D\u00e9s, 1914.) Isten fi\u00e1nak dics\u0151\u00edt\u00e9se (H\u00e1rom pr\u00e9dik\u00e1ci\u00f3). (Kolozsv\u00e1r, \u00e9v n.); Igehirdet\u00e9s, p\u00e9ldaad\u00e1s (Pr\u00e9dik\u00e1ci\u00f3). (D\u00e9s, 1916.); Siess\u00fcnk J\u00e9zushoz: Pr\u00e9dik\u00e1ci\u00f3k (D\u00e9s, 1930). <br \/><strong>\u2013 Irod.:<\/strong> Entz\u2013Kov\u00e1cs, Zov\u00e1nyi.<\/br><\/p>\n","protected":false},"excerpt":{"rendered":"<p>Ilencfalva, 1862. febr. 24. \u2020\u00a01942. nov. 6.: ref. lelkip\u00e1sztor. \u2013 Az elemi iskol\u00e1t sz\u00fcl\u0151faluj\u00e1ban \u00e9s Mv.-en, a f\u0151gimn\u00e1ziumot \u00e9s teol\u00f3gi\u00e1t a nagyenyedi Bethlen Koll.-ban v\u00e9gezte (1872\u20131884) majd Utrechtben hallgatott teol\u00f3gi\u00e1t (1884\u201385). P\u00fcsp\u00f6ki titk\u00e1r (1885\u201387); k\u00f6rlelk\u00e9sz Szamos\u00fajv\u00e1ron (1887\u201394), d\u00e9si lelk\u00e9sz (1894\u20131918), d\u00e9si esperes (1914\u201318), a kv.-i egyh\u00e1zmegye lelk\u00e9sze, esperese (1919\u201323), a kv.-i egyh\u00e1zk\u00f6zs\u00e9g belv\u00e1rosi paroki\u00e1lis k\u00f6r\u00e9nek [&hellip;]<\/p>\n","protected":false},"featured_media":0,"comment_status":"open","ping_status":"closed","template":"","meta":[],"product_brand":[],"product_cat":[137],"product_tag":[],"class_list":{"0":"post-24242","1":"product","2":"type-product","3":"status-publish","5":"product_cat-maros-megyei-eletrajzi-lexikon","7":"first","8":"instock","9":"shipping-taxable","10":"product-type-simple"},"_links":{"self":[{"href":"https:\/\/uj.adatbank.ro\/lexikon\/wp-json\/wp\/v2\/product\/24242","targetHints":{"allow":["GET"]}}],"collection":[{"href":"https:\/\/uj.adatbank.ro\/lexikon\/wp-json\/wp\/v2\/product"}],"about":[{"href":"https:\/\/uj.adatbank.ro\/lexikon\/wp-json\/wp\/v2\/types\/product"}],"replies":[{"embeddable":true,"href":"https:\/\/uj.adatbank.ro\/lexikon\/wp-json\/wp\/v2\/comments?post=24242"}],"wp:attachment":[{"href":"https:\/\/uj.adatbank.ro\/lexikon\/wp-json\/wp\/v2\/media?parent=24242"}],"wp:term":[{"taxonomy":"product_brand","embeddable":true,"href":"https:\/\/uj.adatbank.ro\/lexikon\/wp-json\/wp\/v2\/product_brand?post=24242"},{"taxonomy":"product_cat","embeddable":true,"href":"https:\/\/uj.adatbank.ro\/lexikon\/wp-json\/wp\/v2\/product_cat?post=24242"},{"taxonomy":"product_tag","embeddable":true,"href":"https:\/\/uj.adatbank.ro\/lexikon\/wp-json\/wp\/v2\/product_tag?post=24242"}],"curies":[{"name":"wp","href":"https:\/\/api.w.org\/{rel}","templated":true}]}}