{"id":24246,"date":"2025-08-01T18:00:13","date_gmt":"2025-08-01T16:00:13","guid":{"rendered":"https:\/\/uj.adatbank.ro\/lexikon\/termek\/vasarhelyi-daniel\/"},"modified":"2025-08-01T18:00:13","modified_gmt":"2025-08-01T16:00:13","slug":"vasarhelyi-daniel","status":"publish","type":"product","link":"https:\/\/uj.adatbank.ro\/lexikon\/termek\/vasarhelyi-daniel\/","title":{"rendered":"V\u00c1S\u00c1RHELYI D\u00e1niel"},"content":{"rendered":"<p>? 1581 \u2020\u00a0Kv., 1641: jezsuita tan\u00e1r. \u2013 Egyetemi tan\u00e1r t\u00f6bb fels\u0151oktat\u00e1si int\u00e9zm\u00e9nyben (Br\u00fcnn, B\u00e9cs, Olm\u00fctz, Klagenfurt, Graz); az erd\u00e9lyi jezsuita misszi\u00f3 f\u0151n\u00f6ke (1635\u201336). <br \/><strong>\u2013 Irod.:<\/strong> Id\u0151t\u00e1r.<\/br><\/p>\n","protected":false},"excerpt":{"rendered":"<p>? 1581 \u2020\u00a0Kv., 1641: jezsuita tan\u00e1r. \u2013 Egyetemi tan\u00e1r t\u00f6bb fels\u0151oktat\u00e1si int\u00e9zm\u00e9nyben (Br\u00fcnn, B\u00e9cs, Olm\u00fctz, Klagenfurt, Graz); az erd\u00e9lyi jezsuita misszi\u00f3 f\u0151n\u00f6ke (1635\u201336). \u2013 Irod.: Id\u0151t\u00e1r.<\/p>\n","protected":false},"featured_media":0,"comment_status":"open","ping_status":"closed","template":"","meta":[],"product_brand":[],"product_cat":[137],"product_tag":[],"class_list":{"0":"post-24246","1":"product","2":"type-product","3":"status-publish","5":"product_cat-maros-megyei-eletrajzi-lexikon","7":"first","8":"instock","9":"shipping-taxable","10":"product-type-simple"},"_links":{"self":[{"href":"https:\/\/uj.adatbank.ro\/lexikon\/wp-json\/wp\/v2\/product\/24246","targetHints":{"allow":["GET"]}}],"collection":[{"href":"https:\/\/uj.adatbank.ro\/lexikon\/wp-json\/wp\/v2\/product"}],"about":[{"href":"https:\/\/uj.adatbank.ro\/lexikon\/wp-json\/wp\/v2\/types\/product"}],"replies":[{"embeddable":true,"href":"https:\/\/uj.adatbank.ro\/lexikon\/wp-json\/wp\/v2\/comments?post=24246"}],"wp:attachment":[{"href":"https:\/\/uj.adatbank.ro\/lexikon\/wp-json\/wp\/v2\/media?parent=24246"}],"wp:term":[{"taxonomy":"product_brand","embeddable":true,"href":"https:\/\/uj.adatbank.ro\/lexikon\/wp-json\/wp\/v2\/product_brand?post=24246"},{"taxonomy":"product_cat","embeddable":true,"href":"https:\/\/uj.adatbank.ro\/lexikon\/wp-json\/wp\/v2\/product_cat?post=24246"},{"taxonomy":"product_tag","embeddable":true,"href":"https:\/\/uj.adatbank.ro\/lexikon\/wp-json\/wp\/v2\/product_tag?post=24246"}],"curies":[{"name":"wp","href":"https:\/\/api.w.org\/{rel}","templated":true}]}}