{"id":24247,"date":"2025-08-01T18:00:15","date_gmt":"2025-08-01T16:00:15","guid":{"rendered":"https:\/\/uj.adatbank.ro\/lexikon\/termek\/vasarhelyi-ferenc\/"},"modified":"2025-08-01T18:00:15","modified_gmt":"2025-08-01T16:00:15","slug":"vasarhelyi-ferenc","status":"publish","type":"product","link":"https:\/\/uj.adatbank.ro\/lexikon\/termek\/vasarhelyi-ferenc\/","title":{"rendered":"V\u00c1S\u00c1RHELYI Ferenc"},"content":{"rendered":"<p>? \u2020\u00a0?: tan\u00edt\u00f3. \u2013 Feles\u00e9ge Heged\u0171s Borka. \u2013 Tan\u00edtott Maroscsap\u00f3n (1722\u201323), D\u00e1ny\u00e1nban (1724\u201325), Kerel\u0151szentp\u00e1lon (1726\u201327), Mikefalv\u00e1n (1732) \u00e9s V\u00e1mosg\u00e1lfalv\u00e1n (1740\u201360), Mikefalv\u00e1n (1764\u201373). <br \/><strong>\u2013 Irod.:<\/strong> K\u00fck\u00fcll\u0151i Ref. Egyh\u00e1zm. 1., 4.<\/br><\/p>\n","protected":false},"excerpt":{"rendered":"<p>? \u2020\u00a0?: tan\u00edt\u00f3. \u2013 Feles\u00e9ge Heged\u0171s Borka. \u2013 Tan\u00edtott Maroscsap\u00f3n (1722\u201323), D\u00e1ny\u00e1nban (1724\u201325), Kerel\u0151szentp\u00e1lon (1726\u201327), Mikefalv\u00e1n (1732) \u00e9s V\u00e1mosg\u00e1lfalv\u00e1n (1740\u201360), Mikefalv\u00e1n (1764\u201373). \u2013 Irod.: K\u00fck\u00fcll\u0151i Ref. Egyh\u00e1zm. 1., 4.<\/p>\n","protected":false},"featured_media":0,"comment_status":"open","ping_status":"closed","template":"","meta":[],"product_brand":[],"product_cat":[137],"product_tag":[],"class_list":{"0":"post-24247","1":"product","2":"type-product","3":"status-publish","5":"product_cat-maros-megyei-eletrajzi-lexikon","7":"first","8":"instock","9":"shipping-taxable","10":"product-type-simple"},"_links":{"self":[{"href":"https:\/\/uj.adatbank.ro\/lexikon\/wp-json\/wp\/v2\/product\/24247","targetHints":{"allow":["GET"]}}],"collection":[{"href":"https:\/\/uj.adatbank.ro\/lexikon\/wp-json\/wp\/v2\/product"}],"about":[{"href":"https:\/\/uj.adatbank.ro\/lexikon\/wp-json\/wp\/v2\/types\/product"}],"replies":[{"embeddable":true,"href":"https:\/\/uj.adatbank.ro\/lexikon\/wp-json\/wp\/v2\/comments?post=24247"}],"wp:attachment":[{"href":"https:\/\/uj.adatbank.ro\/lexikon\/wp-json\/wp\/v2\/media?parent=24247"}],"wp:term":[{"taxonomy":"product_brand","embeddable":true,"href":"https:\/\/uj.adatbank.ro\/lexikon\/wp-json\/wp\/v2\/product_brand?post=24247"},{"taxonomy":"product_cat","embeddable":true,"href":"https:\/\/uj.adatbank.ro\/lexikon\/wp-json\/wp\/v2\/product_cat?post=24247"},{"taxonomy":"product_tag","embeddable":true,"href":"https:\/\/uj.adatbank.ro\/lexikon\/wp-json\/wp\/v2\/product_tag?post=24247"}],"curies":[{"name":"wp","href":"https:\/\/api.w.org\/{rel}","templated":true}]}}