{"id":24252,"date":"2025-08-01T18:00:25","date_gmt":"2025-08-01T16:00:25","guid":{"rendered":"https:\/\/uj.adatbank.ro\/lexikon\/termek\/vasarhelyi-istvan-deak-literatus\/"},"modified":"2025-08-01T18:00:25","modified_gmt":"2025-08-01T16:00:25","slug":"vasarhelyi-istvan-deak-literatus","status":"publish","type":"product","link":"https:\/\/uj.adatbank.ro\/lexikon\/termek\/vasarhelyi-istvan-deak-literatus\/","title":{"rendered":"V\u00c1S\u00c1RHELYI Istv\u00e1n, De\u00e1k (Literatus)"},"content":{"rendered":"<p>? \u2020\u00a0?: polg\u00e1r, \u00edrnok, jegyz\u0151. \u2013 Marossz\u00e9ki n\u00f3t\u00e1rius (1580\u201390-es \u00e9vek). Vizsg\u00e1latot folytatott egy ad\u00f3perben (1587). Feles\u00e9g\u00e9re K\u00f6peczi Ann\u00e1ra sz\u00e1llt Egerszeg birtoka az ott \u00e1ll\u00f3 nemesi udvarh\u00e1zzal, amelyet az Orbai csal\u00e1d birtokolt, akkor m\u00e1r \u00f6zvegy volt (1597), majd joger\u0151sen is az \u00f6v\u00e9 lett (1602). <br \/><strong>\u2013 Irod.:<\/strong> Id\u0151t\u00e1r 1; P\u00e1l-Antal 2002; P\u00e1l-Antal 2006.<\/br><\/p>\n","protected":false},"excerpt":{"rendered":"<p>? \u2020\u00a0?: polg\u00e1r, \u00edrnok, jegyz\u0151. \u2013 Marossz\u00e9ki n\u00f3t\u00e1rius (1580\u201390-es \u00e9vek). Vizsg\u00e1latot folytatott egy ad\u00f3perben (1587). Feles\u00e9g\u00e9re K\u00f6peczi Ann\u00e1ra sz\u00e1llt Egerszeg birtoka az ott \u00e1ll\u00f3 nemesi udvarh\u00e1zzal, amelyet az Orbai csal\u00e1d birtokolt, akkor m\u00e1r \u00f6zvegy volt (1597), majd joger\u0151sen is az \u00f6v\u00e9 lett (1602). \u2013 Irod.: Id\u0151t\u00e1r 1; P\u00e1l-Antal 2002; P\u00e1l-Antal 2006.<\/p>\n","protected":false},"featured_media":0,"comment_status":"open","ping_status":"closed","template":"","meta":[],"product_brand":[],"product_cat":[137],"product_tag":[],"class_list":{"0":"post-24252","1":"product","2":"type-product","3":"status-publish","5":"product_cat-maros-megyei-eletrajzi-lexikon","7":"first","8":"instock","9":"shipping-taxable","10":"product-type-simple"},"_links":{"self":[{"href":"https:\/\/uj.adatbank.ro\/lexikon\/wp-json\/wp\/v2\/product\/24252","targetHints":{"allow":["GET"]}}],"collection":[{"href":"https:\/\/uj.adatbank.ro\/lexikon\/wp-json\/wp\/v2\/product"}],"about":[{"href":"https:\/\/uj.adatbank.ro\/lexikon\/wp-json\/wp\/v2\/types\/product"}],"replies":[{"embeddable":true,"href":"https:\/\/uj.adatbank.ro\/lexikon\/wp-json\/wp\/v2\/comments?post=24252"}],"wp:attachment":[{"href":"https:\/\/uj.adatbank.ro\/lexikon\/wp-json\/wp\/v2\/media?parent=24252"}],"wp:term":[{"taxonomy":"product_brand","embeddable":true,"href":"https:\/\/uj.adatbank.ro\/lexikon\/wp-json\/wp\/v2\/product_brand?post=24252"},{"taxonomy":"product_cat","embeddable":true,"href":"https:\/\/uj.adatbank.ro\/lexikon\/wp-json\/wp\/v2\/product_cat?post=24252"},{"taxonomy":"product_tag","embeddable":true,"href":"https:\/\/uj.adatbank.ro\/lexikon\/wp-json\/wp\/v2\/product_tag?post=24252"}],"curies":[{"name":"wp","href":"https:\/\/api.w.org\/{rel}","templated":true}]}}