{"id":24258,"date":"2025-08-01T18:00:40","date_gmt":"2025-08-01T16:00:40","guid":{"rendered":"https:\/\/uj.adatbank.ro\/lexikon\/termek\/vasarhelyi-karoly\/"},"modified":"2025-08-01T18:00:40","modified_gmt":"2025-08-01T16:00:40","slug":"vasarhelyi-karoly","status":"publish","type":"product","link":"https:\/\/uj.adatbank.ro\/lexikon\/termek\/vasarhelyi-karoly\/","title":{"rendered":"V\u00c1S\u00c1RHELYI K\u00e1roly"},"content":{"rendered":"<p>Makfalva, 1800., \u2020 ?: seb\u00e9sz. \u2013 El\u0151bb b\u00f6lcs\u00e9szetet v\u00e9gzett (1826\u2013827), majd Pesten seb\u00e9szhallgat\u00f3 lett, mesteri c\u00edm\u00e9rt szigorlatozott (1829\u201330). <br \/><strong>\u2013 Irod.:<\/strong> Szab\u00f3 Mikl\u00f3s 2005.<\/br><\/p>\n","protected":false},"excerpt":{"rendered":"<p>Makfalva, 1800., \u2020 ?: seb\u00e9sz. \u2013 El\u0151bb b\u00f6lcs\u00e9szetet v\u00e9gzett (1826\u2013827), majd Pesten seb\u00e9szhallgat\u00f3 lett, mesteri c\u00edm\u00e9rt szigorlatozott (1829\u201330). \u2013 Irod.: Szab\u00f3 Mikl\u00f3s 2005.<\/p>\n","protected":false},"featured_media":0,"comment_status":"open","ping_status":"closed","template":"","meta":[],"product_brand":[],"product_cat":[137],"product_tag":[],"class_list":{"0":"post-24258","1":"product","2":"type-product","3":"status-publish","5":"product_cat-maros-megyei-eletrajzi-lexikon","7":"first","8":"instock","9":"shipping-taxable","10":"product-type-simple"},"_links":{"self":[{"href":"https:\/\/uj.adatbank.ro\/lexikon\/wp-json\/wp\/v2\/product\/24258","targetHints":{"allow":["GET"]}}],"collection":[{"href":"https:\/\/uj.adatbank.ro\/lexikon\/wp-json\/wp\/v2\/product"}],"about":[{"href":"https:\/\/uj.adatbank.ro\/lexikon\/wp-json\/wp\/v2\/types\/product"}],"replies":[{"embeddable":true,"href":"https:\/\/uj.adatbank.ro\/lexikon\/wp-json\/wp\/v2\/comments?post=24258"}],"wp:attachment":[{"href":"https:\/\/uj.adatbank.ro\/lexikon\/wp-json\/wp\/v2\/media?parent=24258"}],"wp:term":[{"taxonomy":"product_brand","embeddable":true,"href":"https:\/\/uj.adatbank.ro\/lexikon\/wp-json\/wp\/v2\/product_brand?post=24258"},{"taxonomy":"product_cat","embeddable":true,"href":"https:\/\/uj.adatbank.ro\/lexikon\/wp-json\/wp\/v2\/product_cat?post=24258"},{"taxonomy":"product_tag","embeddable":true,"href":"https:\/\/uj.adatbank.ro\/lexikon\/wp-json\/wp\/v2\/product_tag?post=24258"}],"curies":[{"name":"wp","href":"https:\/\/api.w.org\/{rel}","templated":true}]}}