{"id":24265,"date":"2025-08-01T18:00:57","date_gmt":"2025-08-01T16:00:57","guid":{"rendered":"https:\/\/uj.adatbank.ro\/lexikon\/termek\/vasarhelyi-matyas-st\/"},"modified":"2025-08-01T18:00:57","modified_gmt":"2025-08-01T16:00:57","slug":"vasarhelyi-matyas-st","status":"publish","type":"product","link":"https:\/\/uj.adatbank.ro\/lexikon\/termek\/vasarhelyi-matyas-st\/","title":{"rendered":"V\u00c1S\u00c1RHELYI M\u00e1ty\u00e1s St."},"content":{"rendered":"<p>? \u2020\u00a0?: k\u00f6lt\u0151. \u2013  <strong>F. m..:<\/strong> K\u00f6ltem\u00e9nyek (Mv., 1884); Mind csak szerelem (Mv., 1889). <br \/><strong>\u2013 Irod.:<\/strong> F\u00fcl\u00f6p\u2013Ferencz; Szinnyei.<\/br><\/p>\n","protected":false},"excerpt":{"rendered":"<p>? \u2020\u00a0?: k\u00f6lt\u0151. \u2013 F. m..: K\u00f6ltem\u00e9nyek (Mv., 1884); Mind csak szerelem (Mv., 1889). \u2013 Irod.: F\u00fcl\u00f6p\u2013Ferencz; Szinnyei.<\/p>\n","protected":false},"featured_media":0,"comment_status":"open","ping_status":"closed","template":"","meta":[],"product_brand":[],"product_cat":[137],"product_tag":[],"class_list":{"0":"post-24265","1":"product","2":"type-product","3":"status-publish","5":"product_cat-maros-megyei-eletrajzi-lexikon","7":"first","8":"instock","9":"shipping-taxable","10":"product-type-simple"},"_links":{"self":[{"href":"https:\/\/uj.adatbank.ro\/lexikon\/wp-json\/wp\/v2\/product\/24265","targetHints":{"allow":["GET"]}}],"collection":[{"href":"https:\/\/uj.adatbank.ro\/lexikon\/wp-json\/wp\/v2\/product"}],"about":[{"href":"https:\/\/uj.adatbank.ro\/lexikon\/wp-json\/wp\/v2\/types\/product"}],"replies":[{"embeddable":true,"href":"https:\/\/uj.adatbank.ro\/lexikon\/wp-json\/wp\/v2\/comments?post=24265"}],"wp:attachment":[{"href":"https:\/\/uj.adatbank.ro\/lexikon\/wp-json\/wp\/v2\/media?parent=24265"}],"wp:term":[{"taxonomy":"product_brand","embeddable":true,"href":"https:\/\/uj.adatbank.ro\/lexikon\/wp-json\/wp\/v2\/product_brand?post=24265"},{"taxonomy":"product_cat","embeddable":true,"href":"https:\/\/uj.adatbank.ro\/lexikon\/wp-json\/wp\/v2\/product_cat?post=24265"},{"taxonomy":"product_tag","embeddable":true,"href":"https:\/\/uj.adatbank.ro\/lexikon\/wp-json\/wp\/v2\/product_tag?post=24265"}],"curies":[{"name":"wp","href":"https:\/\/api.w.org\/{rel}","templated":true}]}}