{"id":24268,"date":"2025-08-01T18:01:02","date_gmt":"2025-08-01T16:01:02","guid":{"rendered":"https:\/\/uj.adatbank.ro\/lexikon\/termek\/vasarhelyi-molnar-istvan-marosvasarhelyi-molnar-istvan\/"},"modified":"2025-08-01T18:01:02","modified_gmt":"2025-08-01T16:01:02","slug":"vasarhelyi-molnar-istvan-marosvasarhelyi-molnar-istvan","status":"publish","type":"product","link":"https:\/\/uj.adatbank.ro\/lexikon\/termek\/vasarhelyi-molnar-istvan-marosvasarhelyi-molnar-istvan\/","title":{"rendered":"V\u00c1S\u00c1RHELYI MOLN\u00c1R Istv\u00e1n, Marosv\u00e1s\u00e1rhelyi Moln\u00e1r Istv\u00e1n."},"content":{"rendered":"<p>Mv., 1647., \u2020 Nagyenyed, 1728.: tan\u00e1r, rektor, ref. p\u00fcsp\u00f6k. \u2013 Feles\u00e9ge: Nemes Erzs\u00e9bet. \u2013 A mv.-i sk\u00f3la partikula tanul\u00f3ja, majd Kv.-on subscrib\u00e1lt (1668 k.) \u00e9s Nagyenyeden folytatta tanulm\u00e1nyait (1673), coccej\u00e1nusi befoly\u00e1s al\u00e1 ker\u00fclt, \u00e9s a koll. k\u00f6nyvt\u00e1rosa lett. Apafi Mih\u00e1ly fejedelem anyagi t\u00e1mogat\u00e1s\u00e1val peregrin\u00e1lt Utrechtben (1677\u201378), Franekerben (1678\u201379), Londonban (1679), Leidenben (1679\u201380). Visszat\u00e9rte ut\u00e1n a mv.-i sk\u00f3la partikula rektora lett (1680. m\u00e1j.- 1681. m\u00e1rc. 27.). Rektors\u00e1ga ideje alatt 85 tanul\u00f3 szerepel a matrikul\u00e1ban, \u00e9s az isk.-t az egyik legnagyobb k\u00f6nyvadom\u00e1ny \u00e9rte: Szepesi Gy\u00f6rgy, kutyfalvi lelk\u00e9sz, 43 k\u00f6nyvet adom\u00e1nyozott a sk\u00f3l\u00e1nak, amelyb\u0151l 19 m. nyelv\u0171 volt. A k\u00f6vetkez\u0151 \u00e9vben pedig Apafi fejedelem udvari papja Radn\u00f3ton (1681\u201389). Majd Vajdahunyadon (1689\u201392), Harasztker\u00e9ken (1694\u201395), Mez\u0151b\u00e1ndon (1697\u20131702), K\u00fck\u00fcll\u0151v\u00e1ron (1703\u201310), Nagyenyeden hal\u00e1l\u00e1ig lelk\u00e9szkedett (1710\u20131728). Itt a nagyenyedi egyh\u00e1zmegye esperess\u00e9, az egyh\u00e1zker\u00fclet generalis notariuss\u00e1 v\u00e1lasztotta. Igen k\u00e9pzett akademita volt, p\u00fcsp\u00f6kk\u00e9 v\u00e1lasztott\u00e1k (1720\u201328). Kem\u00e9ny, sz\u00f3kimond\u00f3 emberk\u00e9nt maradt meg az eml\u00e9kezetben. Egy gy\u00e1szverse van a R\u00e1cb\u00f6sz\u00f6rm\u00e9nyi J\u00e1nos hal\u00e1l\u00e1ra (1677). <br \/><strong>\u2013 Irod.:<\/strong> Erd\u00e9lyi f\u00e9niks; Id\u0151t\u00e1r 1; Imreh B.; Koncz; Kov\u00e1sznai; Kozma; K\u00fck\u00fcll\u0151i Ref. Egyh\u00e1zm. 3., 4.; RMK 3; P\u00e1pai P\u00e1riz; Rugonfalvi Kiss; Zov\u00e1nyi.<\/br><\/p>\n","protected":false},"excerpt":{"rendered":"<p>Mv., 1647., \u2020 Nagyenyed, 1728.: tan\u00e1r, rektor, ref. p\u00fcsp\u00f6k. \u2013 Feles\u00e9ge: Nemes Erzs\u00e9bet. \u2013 A mv.-i sk\u00f3la partikula tanul\u00f3ja, majd Kv.-on subscrib\u00e1lt (1668 k.) \u00e9s Nagyenyeden folytatta tanulm\u00e1nyait (1673), coccej\u00e1nusi befoly\u00e1s al\u00e1 ker\u00fclt, \u00e9s a koll. k\u00f6nyvt\u00e1rosa lett. Apafi Mih\u00e1ly fejedelem anyagi t\u00e1mogat\u00e1s\u00e1val peregrin\u00e1lt Utrechtben (1677\u201378), Franekerben (1678\u201379), Londonban (1679), Leidenben (1679\u201380). Visszat\u00e9rte ut\u00e1n a [&hellip;]<\/p>\n","protected":false},"featured_media":0,"comment_status":"open","ping_status":"closed","template":"","meta":[],"product_brand":[],"product_cat":[137],"product_tag":[],"class_list":{"0":"post-24268","1":"product","2":"type-product","3":"status-publish","5":"product_cat-maros-megyei-eletrajzi-lexikon","7":"first","8":"instock","9":"shipping-taxable","10":"product-type-simple"},"_links":{"self":[{"href":"https:\/\/uj.adatbank.ro\/lexikon\/wp-json\/wp\/v2\/product\/24268","targetHints":{"allow":["GET"]}}],"collection":[{"href":"https:\/\/uj.adatbank.ro\/lexikon\/wp-json\/wp\/v2\/product"}],"about":[{"href":"https:\/\/uj.adatbank.ro\/lexikon\/wp-json\/wp\/v2\/types\/product"}],"replies":[{"embeddable":true,"href":"https:\/\/uj.adatbank.ro\/lexikon\/wp-json\/wp\/v2\/comments?post=24268"}],"wp:attachment":[{"href":"https:\/\/uj.adatbank.ro\/lexikon\/wp-json\/wp\/v2\/media?parent=24268"}],"wp:term":[{"taxonomy":"product_brand","embeddable":true,"href":"https:\/\/uj.adatbank.ro\/lexikon\/wp-json\/wp\/v2\/product_brand?post=24268"},{"taxonomy":"product_cat","embeddable":true,"href":"https:\/\/uj.adatbank.ro\/lexikon\/wp-json\/wp\/v2\/product_cat?post=24268"},{"taxonomy":"product_tag","embeddable":true,"href":"https:\/\/uj.adatbank.ro\/lexikon\/wp-json\/wp\/v2\/product_tag?post=24268"}],"curies":[{"name":"wp","href":"https:\/\/api.w.org\/{rel}","templated":true}]}}