{"id":24276,"date":"2025-08-01T18:01:19","date_gmt":"2025-08-01T16:01:19","guid":{"rendered":"https:\/\/uj.adatbank.ro\/lexikon\/termek\/vasarhelyi-szocs-mihaly\/"},"modified":"2025-08-01T18:01:19","modified_gmt":"2025-08-01T16:01:19","slug":"vasarhelyi-szocs-mihaly","status":"publish","type":"product","link":"https:\/\/uj.adatbank.ro\/lexikon\/termek\/vasarhelyi-szocs-mihaly\/","title":{"rendered":"V\u00c1S\u00c1RHELYI SZ\u0150CS Mih\u00e1ly"},"content":{"rendered":"<p>? \u2020\u00a0?: akad\u00e9mita, v\u00e1s\u00e1rhelyi b\u00edr\u00f3 fia. \u2013 J\u00e1nos testv\u00e9re. Franekerben \u00e9s Leidenben tanult (1635\u201337). Sok k\u00f6nyvet hozott haza. <br \/><strong>\u2013 Irod.:<\/strong> Id\u0151t\u00e1r 1.<\/br><\/p>\n","protected":false},"excerpt":{"rendered":"<p>? \u2020\u00a0?: akad\u00e9mita, v\u00e1s\u00e1rhelyi b\u00edr\u00f3 fia. \u2013 J\u00e1nos testv\u00e9re. Franekerben \u00e9s Leidenben tanult (1635\u201337). Sok k\u00f6nyvet hozott haza. \u2013 Irod.: Id\u0151t\u00e1r 1.<\/p>\n","protected":false},"featured_media":0,"comment_status":"open","ping_status":"closed","template":"","meta":[],"product_brand":[],"product_cat":[137],"product_tag":[],"class_list":{"0":"post-24276","1":"product","2":"type-product","3":"status-publish","5":"product_cat-maros-megyei-eletrajzi-lexikon","7":"first","8":"instock","9":"shipping-taxable","10":"product-type-simple"},"_links":{"self":[{"href":"https:\/\/uj.adatbank.ro\/lexikon\/wp-json\/wp\/v2\/product\/24276","targetHints":{"allow":["GET"]}}],"collection":[{"href":"https:\/\/uj.adatbank.ro\/lexikon\/wp-json\/wp\/v2\/product"}],"about":[{"href":"https:\/\/uj.adatbank.ro\/lexikon\/wp-json\/wp\/v2\/types\/product"}],"replies":[{"embeddable":true,"href":"https:\/\/uj.adatbank.ro\/lexikon\/wp-json\/wp\/v2\/comments?post=24276"}],"wp:attachment":[{"href":"https:\/\/uj.adatbank.ro\/lexikon\/wp-json\/wp\/v2\/media?parent=24276"}],"wp:term":[{"taxonomy":"product_brand","embeddable":true,"href":"https:\/\/uj.adatbank.ro\/lexikon\/wp-json\/wp\/v2\/product_brand?post=24276"},{"taxonomy":"product_cat","embeddable":true,"href":"https:\/\/uj.adatbank.ro\/lexikon\/wp-json\/wp\/v2\/product_cat?post=24276"},{"taxonomy":"product_tag","embeddable":true,"href":"https:\/\/uj.adatbank.ro\/lexikon\/wp-json\/wp\/v2\/product_tag?post=24276"}],"curies":[{"name":"wp","href":"https:\/\/api.w.org\/{rel}","templated":true}]}}