{"id":24278,"date":"2025-08-01T18:01:24","date_gmt":"2025-08-01T16:01:24","guid":{"rendered":"https:\/\/uj.adatbank.ro\/lexikon\/termek\/vasarhelyi-toke-istvan-marosvasarhelyi-ifj\/"},"modified":"2025-08-01T18:01:24","modified_gmt":"2025-08-01T16:01:24","slug":"vasarhelyi-toke-istvan-marosvasarhelyi-ifj","status":"publish","type":"product","link":"https:\/\/uj.adatbank.ro\/lexikon\/termek\/vasarhelyi-toke-istvan-marosvasarhelyi-ifj\/","title":{"rendered":"V\u00c1S\u00c1RHELYI T\u0150KE Istv\u00e1n, Marosv\u00e1s\u00e1rhelyi, ifj."},"content":{"rendered":"<p>Mv., 1697 k., \u2020 Nagyenyed, 1768. \u00e1pr. 14.: tan\u00e1r, term\u00e9szettud. szak\u00edr\u00f3. ~ Istv\u00e1n sz\u00e9kelyudvarhelyi rektor fia. \u2013 A nagyenyedi koll\u00e9giumban (1715\u2013) tanult. Azut\u00e1n k\u00fclf\u00f6ldre ment \u00e9s az oderafrankfurti (1722\u2013), az utrechti egy.-en teol\u00f3gi\u00e1t hallgatott (1724\u2013). Utrechtben nyilv\u00e1nos vit\u00e1n is r\u00e9szt vett. Responde\u00e1lt az \u201eAd historiam Pauli apostoli\u201d (1725.) kit\u0171z\u00f6tt vit\u00e1n. Muit\u00e1n haza j\u00f6tt a nagyenyedi koll\u00e9giumban a filoz\u00f3fia fizika \u00e9s a matem. tan\u00e1ra volt (1725\u20131745). B\u00f6lcs\u00e9szeti \u00e9s csillag\u00e1szati munk\u00e1kat \u00edrt. Erd\u00e9lyben \u0151 honos\u00edtotta meg a k\u00eds\u00e9rleti fizika tan\u00edt\u00e1s\u00e1t, Mo.-on \u0151 \u00edrta az els\u0151 k\u00eds\u00e9rletifizika-tank\u00f6nyvet. A kart\u00e9zi\u00e1nus ortodoxia \u00e9s a k\u00eds\u00e9rleti fizika eredm\u00e9nyeinek \u00f6sszehangol\u00e1s\u00e1ra t\u00f6rekedett, de pedag\u00f3gusk\u00e9nt az ortodoxi\u00e1t \u00e9s a r\u00e9gi, elavult hagyom\u00e1nyokat v\u00e9delmezte; a kart\u00e9zi\u00e1nus tanokat v\u00e9dve utas\u00edtotta el Wolff filoz\u00f3fiai tan\u00edt\u00e1sait. Munk\u00e1iban a newtoni dinamika hat\u00e1sa is felfedezhet\u0151. \u2013  <strong>F. m..:<\/strong> Circa aeternum adorandae trinitatis consilium de regno gratiae in homine erigendo versantis. (Oderafrankfurt. 1724.); Institutiones philosophiae naturalis dogmatico-experimentalis (Nagyszeben, 1736); Consideratio magnitudinis mundi adspectabilis&#8230; (Nagyenyed, 1766). <br \/><strong>\u2013 Irod.:<\/strong> Benk\u0151 J\u00f3zsef: Transilvania (Vindobonae, 1777\u201378); F\u00fcl\u00f6p\u2013Ferencz; Fodor Ferenc 2000; Gergely P\u00e1l: Sz\u00e9kely vil\u00e1gj\u00e1r\u00f3k (Bp., 1940); Herm\u00e1nyi Dienes J\u00f3zsef eml\u00e9kirata (Kv., 1925); M\u00c9L; Rugonfalvi Kiss; Szab\u00f3\u2013Sz\u00f6gi; Szinnyei; Szinnyei J- Sz. J.; \u00daM\u00c9L; \u00daMIL; Zov\u00e1nyi.<\/br><\/p>\n","protected":false},"excerpt":{"rendered":"<p>Mv., 1697 k., \u2020 Nagyenyed, 1768. \u00e1pr. 14.: tan\u00e1r, term\u00e9szettud. szak\u00edr\u00f3. ~ Istv\u00e1n sz\u00e9kelyudvarhelyi rektor fia. \u2013 A nagyenyedi koll\u00e9giumban (1715\u2013) tanult. Azut\u00e1n k\u00fclf\u00f6ldre ment \u00e9s az oderafrankfurti (1722\u2013), az utrechti egy.-en teol\u00f3gi\u00e1t hallgatott (1724\u2013). Utrechtben nyilv\u00e1nos vit\u00e1n is r\u00e9szt vett. Responde\u00e1lt az \u201eAd historiam Pauli apostoli\u201d (1725.) kit\u0171z\u00f6tt vit\u00e1n. Muit\u00e1n haza j\u00f6tt a nagyenyedi [&hellip;]<\/p>\n","protected":false},"featured_media":0,"comment_status":"open","ping_status":"closed","template":"","meta":[],"product_brand":[],"product_cat":[137],"product_tag":[],"class_list":{"0":"post-24278","1":"product","2":"type-product","3":"status-publish","5":"product_cat-maros-megyei-eletrajzi-lexikon","7":"first","8":"instock","9":"shipping-taxable","10":"product-type-simple"},"_links":{"self":[{"href":"https:\/\/uj.adatbank.ro\/lexikon\/wp-json\/wp\/v2\/product\/24278","targetHints":{"allow":["GET"]}}],"collection":[{"href":"https:\/\/uj.adatbank.ro\/lexikon\/wp-json\/wp\/v2\/product"}],"about":[{"href":"https:\/\/uj.adatbank.ro\/lexikon\/wp-json\/wp\/v2\/types\/product"}],"replies":[{"embeddable":true,"href":"https:\/\/uj.adatbank.ro\/lexikon\/wp-json\/wp\/v2\/comments?post=24278"}],"wp:attachment":[{"href":"https:\/\/uj.adatbank.ro\/lexikon\/wp-json\/wp\/v2\/media?parent=24278"}],"wp:term":[{"taxonomy":"product_brand","embeddable":true,"href":"https:\/\/uj.adatbank.ro\/lexikon\/wp-json\/wp\/v2\/product_brand?post=24278"},{"taxonomy":"product_cat","embeddable":true,"href":"https:\/\/uj.adatbank.ro\/lexikon\/wp-json\/wp\/v2\/product_cat?post=24278"},{"taxonomy":"product_tag","embeddable":true,"href":"https:\/\/uj.adatbank.ro\/lexikon\/wp-json\/wp\/v2\/product_tag?post=24278"}],"curies":[{"name":"wp","href":"https:\/\/api.w.org\/{rel}","templated":true}]}}