{"id":24280,"date":"2025-08-01T18:01:27","date_gmt":"2025-08-01T16:01:27","guid":{"rendered":"https:\/\/uj.adatbank.ro\/lexikon\/termek\/vasarhelyi-toke-marton-marosvasarhelyi\/"},"modified":"2025-08-01T18:01:27","modified_gmt":"2025-08-01T16:01:27","slug":"vasarhelyi-toke-marton-marosvasarhelyi","status":"publish","type":"product","link":"https:\/\/uj.adatbank.ro\/lexikon\/termek\/vasarhelyi-toke-marton-marosvasarhelyi\/","title":{"rendered":"V\u00c1S\u00c1RHELYI T\u0150KE M\u00e1rton, marosv\u00e1s\u00e1rhelyi"},"content":{"rendered":"<p>Mv., ? \u2020\u00a0?: ref. lelk\u00e9sz a XVIII. sz.-ban \u2013 Tanult Mv.-en (1727), Franekerben (1740\u201341). Hazat\u00e9rve Losonczi b\u00e1r\u00f3 B\u00e1nffi Zsigmond udvari pr\u00e9dik\u00e1tora \u00e9s hossz\u00faasz\u00f3i ref. lelk\u00e9sz, majd lelk\u00e9sz B\u00faz\u00e1sbocs\u00e1rdon (1745\u2013). Halotti besz\u00e9dei jelentek meg. \u2013  <strong>F. m..:<\/strong> Az Izraelnek S\u00e1muel hal\u00e1l\u00e1n lett keserves siralma. Mellyr\u0151l&#8230; B\u00e1r\u00f3 Kem\u00e9ny S\u00e1muel teste Nagy-Szebenben 1744. B\u0151jtm\u00e1s hava 22. kopors\u00f3ba t\u00e9telekor egy\u00fcgy\u0171en besz\u00e9lgetett. (Kv., 1746.); Jairus fejedelem&#8230; Gy\u00e1szbesz\u00e9d losonczi br. B\u00e1nffi Judit (B. Zsigmond \u00e9s br. Kem\u00e9ny Kata le\u00e1nya) felett 1744. szept. 13. (Kv., 1747); Kopors\u00f3ig tart\u00f3 em\u00e9szt\u0151 f\u00e1jdalom. Mellyet nagyra sz\u00fcletett L. B\u00e1r\u00f3 \u00e9s vit\u00e9z kapit\u00e1ny B\u00e1nffi S\u00e1muel urfi v\u00e9letlen hal\u00e1la okozott &#8230; a Beresztelki siralmas h\u00e1zn\u00e1l 1755. febr. 16. utols\u00f3 tisztess\u00e9get tett. (Kv., 1756);  <strong>t\u00e1rssz.:<\/strong> B\u00e1natra adatott b\u00e1nat &#8230; b\u00e1r\u00f3 Kem\u00e9ny Kata asszony \u00e9s b. B\u00e1nffi Judit k. a. hal\u00e1lakor gy\u00e1szbesz\u00e9d.1744. (Kv., 1747); Halotti besz\u00e9dek (Kv., 1905). <br \/><strong>\u2013 Irod.:<\/strong> F\u00fcl\u00f6p\u2013Ferencz; Rugonfalvi Kiss; Szab\u00f3\u2013Sz\u00f6gi; Szinnyei; Zov\u00e1nyi.<\/br><\/p>\n","protected":false},"excerpt":{"rendered":"<p>Mv., ? \u2020\u00a0?: ref. lelk\u00e9sz a XVIII. sz.-ban \u2013 Tanult Mv.-en (1727), Franekerben (1740\u201341). Hazat\u00e9rve Losonczi b\u00e1r\u00f3 B\u00e1nffi Zsigmond udvari pr\u00e9dik\u00e1tora \u00e9s hossz\u00faasz\u00f3i ref. lelk\u00e9sz, majd lelk\u00e9sz B\u00faz\u00e1sbocs\u00e1rdon (1745\u2013). Halotti besz\u00e9dei jelentek meg. \u2013 F. m..: Az Izraelnek S\u00e1muel hal\u00e1l\u00e1n lett keserves siralma. Mellyr\u0151l&#8230; B\u00e1r\u00f3 Kem\u00e9ny S\u00e1muel teste Nagy-Szebenben 1744. B\u0151jtm\u00e1s hava 22. kopors\u00f3ba t\u00e9telekor [&hellip;]<\/p>\n","protected":false},"featured_media":0,"comment_status":"open","ping_status":"closed","template":"","meta":[],"product_brand":[],"product_cat":[137],"product_tag":[],"class_list":{"0":"post-24280","1":"product","2":"type-product","3":"status-publish","5":"product_cat-maros-megyei-eletrajzi-lexikon","7":"first","8":"instock","9":"shipping-taxable","10":"product-type-simple"},"_links":{"self":[{"href":"https:\/\/uj.adatbank.ro\/lexikon\/wp-json\/wp\/v2\/product\/24280","targetHints":{"allow":["GET"]}}],"collection":[{"href":"https:\/\/uj.adatbank.ro\/lexikon\/wp-json\/wp\/v2\/product"}],"about":[{"href":"https:\/\/uj.adatbank.ro\/lexikon\/wp-json\/wp\/v2\/types\/product"}],"replies":[{"embeddable":true,"href":"https:\/\/uj.adatbank.ro\/lexikon\/wp-json\/wp\/v2\/comments?post=24280"}],"wp:attachment":[{"href":"https:\/\/uj.adatbank.ro\/lexikon\/wp-json\/wp\/v2\/media?parent=24280"}],"wp:term":[{"taxonomy":"product_brand","embeddable":true,"href":"https:\/\/uj.adatbank.ro\/lexikon\/wp-json\/wp\/v2\/product_brand?post=24280"},{"taxonomy":"product_cat","embeddable":true,"href":"https:\/\/uj.adatbank.ro\/lexikon\/wp-json\/wp\/v2\/product_cat?post=24280"},{"taxonomy":"product_tag","embeddable":true,"href":"https:\/\/uj.adatbank.ro\/lexikon\/wp-json\/wp\/v2\/product_tag?post=24280"}],"curies":[{"name":"wp","href":"https:\/\/api.w.org\/{rel}","templated":true}]}}