{"id":24283,"date":"2025-08-01T18:01:36","date_gmt":"2025-08-01T16:01:36","guid":{"rendered":"https:\/\/uj.adatbank.ro\/lexikon\/termek\/vasass-jeno\/"},"modified":"2025-08-01T18:01:36","modified_gmt":"2025-08-01T16:01:36","slug":"vasass-jeno","status":"publish","type":"product","link":"https:\/\/uj.adatbank.ro\/lexikon\/termek\/vasass-jeno\/","title":{"rendered":"VASASS Jen\u0151"},"content":{"rendered":"<p>Brass\u00f3, 1916. nov. 20. \u2020\u00a0?: orvos. \u2013 Orvosi diplom\u00e1t szerzett (1944). B\u0151rgy\u00f3gy\u00e1sz volt. \u2013  <strong>F. m..:<\/strong> Dermatol\u00f3gia (Mv., 1961). <br \/><strong>\u2013 Irod.:<\/strong> P\u00e9ter.<\/br><\/p>\n","protected":false},"excerpt":{"rendered":"<p>Brass\u00f3, 1916. nov. 20. \u2020\u00a0?: orvos. \u2013 Orvosi diplom\u00e1t szerzett (1944). B\u0151rgy\u00f3gy\u00e1sz volt. \u2013 F. m..: Dermatol\u00f3gia (Mv., 1961). \u2013 Irod.: P\u00e9ter.<\/p>\n","protected":false},"featured_media":0,"comment_status":"open","ping_status":"closed","template":"","meta":[],"product_brand":[],"product_cat":[137],"product_tag":[],"class_list":{"0":"post-24283","1":"product","2":"type-product","3":"status-publish","5":"product_cat-maros-megyei-eletrajzi-lexikon","7":"first","8":"instock","9":"shipping-taxable","10":"product-type-simple"},"_links":{"self":[{"href":"https:\/\/uj.adatbank.ro\/lexikon\/wp-json\/wp\/v2\/product\/24283","targetHints":{"allow":["GET"]}}],"collection":[{"href":"https:\/\/uj.adatbank.ro\/lexikon\/wp-json\/wp\/v2\/product"}],"about":[{"href":"https:\/\/uj.adatbank.ro\/lexikon\/wp-json\/wp\/v2\/types\/product"}],"replies":[{"embeddable":true,"href":"https:\/\/uj.adatbank.ro\/lexikon\/wp-json\/wp\/v2\/comments?post=24283"}],"wp:attachment":[{"href":"https:\/\/uj.adatbank.ro\/lexikon\/wp-json\/wp\/v2\/media?parent=24283"}],"wp:term":[{"taxonomy":"product_brand","embeddable":true,"href":"https:\/\/uj.adatbank.ro\/lexikon\/wp-json\/wp\/v2\/product_brand?post=24283"},{"taxonomy":"product_cat","embeddable":true,"href":"https:\/\/uj.adatbank.ro\/lexikon\/wp-json\/wp\/v2\/product_cat?post=24283"},{"taxonomy":"product_tag","embeddable":true,"href":"https:\/\/uj.adatbank.ro\/lexikon\/wp-json\/wp\/v2\/product_tag?post=24283"}],"curies":[{"name":"wp","href":"https:\/\/api.w.org\/{rel}","templated":true}]}}