{"id":24286,"date":"2025-08-01T18:01:42","date_gmt":"2025-08-01T16:01:42","guid":{"rendered":"https:\/\/uj.adatbank.ro\/lexikon\/termek\/vasiliu-elena\/"},"modified":"2025-08-01T18:01:42","modified_gmt":"2025-08-01T16:01:42","slug":"vasiliu-elena","status":"publish","type":"product","link":"https:\/\/uj.adatbank.ro\/lexikon\/termek\/vasiliu-elena\/","title":{"rendered":"VASILIU, Elena"},"content":{"rendered":"<p>? \u2020 ?: tan\u00e1rn\u0151. \u2013 Marosszentgy\u00f6rgy\u00f6n tan\u00edtott orosz nyelvet a rom\u00e1n iskol\u00e1ban (1948\u201349). <br \/><strong>\u2013 Irod.:<\/strong> S\u00e2ngeorgiu de Mure\u015f \u2013 \u015ecoala.<\/br><\/p>\n","protected":false},"excerpt":{"rendered":"<p>? \u2020 ?: tan\u00e1rn\u0151. \u2013 Marosszentgy\u00f6rgy\u00f6n tan\u00edtott orosz nyelvet a rom\u00e1n iskol\u00e1ban (1948\u201349). \u2013 Irod.: S\u00e2ngeorgiu de Mure\u015f \u2013 \u015ecoala.<\/p>\n","protected":false},"featured_media":0,"comment_status":"open","ping_status":"closed","template":"","meta":[],"product_brand":[],"product_cat":[137],"product_tag":[],"class_list":{"0":"post-24286","1":"product","2":"type-product","3":"status-publish","5":"product_cat-maros-megyei-eletrajzi-lexikon","7":"first","8":"instock","9":"shipping-taxable","10":"product-type-simple"},"_links":{"self":[{"href":"https:\/\/uj.adatbank.ro\/lexikon\/wp-json\/wp\/v2\/product\/24286","targetHints":{"allow":["GET"]}}],"collection":[{"href":"https:\/\/uj.adatbank.ro\/lexikon\/wp-json\/wp\/v2\/product"}],"about":[{"href":"https:\/\/uj.adatbank.ro\/lexikon\/wp-json\/wp\/v2\/types\/product"}],"replies":[{"embeddable":true,"href":"https:\/\/uj.adatbank.ro\/lexikon\/wp-json\/wp\/v2\/comments?post=24286"}],"wp:attachment":[{"href":"https:\/\/uj.adatbank.ro\/lexikon\/wp-json\/wp\/v2\/media?parent=24286"}],"wp:term":[{"taxonomy":"product_brand","embeddable":true,"href":"https:\/\/uj.adatbank.ro\/lexikon\/wp-json\/wp\/v2\/product_brand?post=24286"},{"taxonomy":"product_cat","embeddable":true,"href":"https:\/\/uj.adatbank.ro\/lexikon\/wp-json\/wp\/v2\/product_cat?post=24286"},{"taxonomy":"product_tag","embeddable":true,"href":"https:\/\/uj.adatbank.ro\/lexikon\/wp-json\/wp\/v2\/product_tag?post=24286"}],"curies":[{"name":"wp","href":"https:\/\/api.w.org\/{rel}","templated":true}]}}