{"id":24287,"date":"2025-08-01T18:01:44","date_gmt":"2025-08-01T16:01:44","guid":{"rendered":"https:\/\/uj.adatbank.ro\/lexikon\/termek\/vasiliu-th-constantin\/"},"modified":"2025-08-01T18:01:44","modified_gmt":"2025-08-01T16:01:44","slug":"vasiliu-th-constantin","status":"publish","type":"product","link":"https:\/\/uj.adatbank.ro\/lexikon\/termek\/vasiliu-th-constantin\/","title":{"rendered":"VASILIU, Th. Constantin"},"content":{"rendered":"<p>? \u2020 ?: int\u00e9z\u0151. \u2013 A Mv.-i Cukorgy\u00e1r megb\u00edzott int\u00e9z\u0151je (1945. m\u00e1rc. \u2013 1946), k\u00e9s\u0151bb tan\u00e1csosa (1946\u2013). Feladatk\u00f6r\u00e9be tartozott a RT \u00e1ltal\u00e1nos gazdas\u00e1gpolitik\u00e1j\u00e1nak \u00e9s p\u00e9nz\u00fcgyi k\u00e9rd\u00e9sek ir\u00e1ny\u00edt\u00e1sa, a kartell \u00e9s m\u00e1s cukorgy\u00e1rakkal val\u00f3 kapcsolatok int\u00e9z\u00e9se. <br \/><strong>\u2013 Irod.:<\/strong> Ferenczi.<\/br><\/p>\n","protected":false},"excerpt":{"rendered":"<p>? \u2020 ?: int\u00e9z\u0151. \u2013 A Mv.-i Cukorgy\u00e1r megb\u00edzott int\u00e9z\u0151je (1945. m\u00e1rc. \u2013 1946), k\u00e9s\u0151bb tan\u00e1csosa (1946\u2013). Feladatk\u00f6r\u00e9be tartozott a RT \u00e1ltal\u00e1nos gazdas\u00e1gpolitik\u00e1j\u00e1nak \u00e9s p\u00e9nz\u00fcgyi k\u00e9rd\u00e9sek ir\u00e1ny\u00edt\u00e1sa, a kartell \u00e9s m\u00e1s cukorgy\u00e1rakkal val\u00f3 kapcsolatok int\u00e9z\u00e9se. \u2013 Irod.: Ferenczi.<\/p>\n","protected":false},"featured_media":0,"comment_status":"open","ping_status":"closed","template":"","meta":[],"product_brand":[],"product_cat":[137],"product_tag":[],"class_list":{"0":"post-24287","1":"product","2":"type-product","3":"status-publish","5":"product_cat-maros-megyei-eletrajzi-lexikon","7":"first","8":"instock","9":"shipping-taxable","10":"product-type-simple"},"_links":{"self":[{"href":"https:\/\/uj.adatbank.ro\/lexikon\/wp-json\/wp\/v2\/product\/24287","targetHints":{"allow":["GET"]}}],"collection":[{"href":"https:\/\/uj.adatbank.ro\/lexikon\/wp-json\/wp\/v2\/product"}],"about":[{"href":"https:\/\/uj.adatbank.ro\/lexikon\/wp-json\/wp\/v2\/types\/product"}],"replies":[{"embeddable":true,"href":"https:\/\/uj.adatbank.ro\/lexikon\/wp-json\/wp\/v2\/comments?post=24287"}],"wp:attachment":[{"href":"https:\/\/uj.adatbank.ro\/lexikon\/wp-json\/wp\/v2\/media?parent=24287"}],"wp:term":[{"taxonomy":"product_brand","embeddable":true,"href":"https:\/\/uj.adatbank.ro\/lexikon\/wp-json\/wp\/v2\/product_brand?post=24287"},{"taxonomy":"product_cat","embeddable":true,"href":"https:\/\/uj.adatbank.ro\/lexikon\/wp-json\/wp\/v2\/product_cat?post=24287"},{"taxonomy":"product_tag","embeddable":true,"href":"https:\/\/uj.adatbank.ro\/lexikon\/wp-json\/wp\/v2\/product_tag?post=24287"}],"curies":[{"name":"wp","href":"https:\/\/api.w.org\/{rel}","templated":true}]}}