{"id":24288,"date":"2025-08-01T18:01:47","date_gmt":"2025-08-01T16:01:47","guid":{"rendered":"https:\/\/uj.adatbank.ro\/lexikon\/termek\/vasiliu-vasile\/"},"modified":"2025-08-01T18:01:47","modified_gmt":"2025-08-01T16:01:47","slug":"vasiliu-vasile","status":"publish","type":"product","link":"https:\/\/uj.adatbank.ro\/lexikon\/termek\/vasiliu-vasile\/","title":{"rendered":"VASILIU, Vasile"},"content":{"rendered":"<p>Iasi, 1937. dec. 29., \u2020 Mv., 2000. nov. 6.: sz\u00edn\u00e9sz. \u2013 A M\u0171v\u00e9szeti Akad\u00e9mi\u00e1t Buk.-ben v\u00e9gezte (1963), \u00e9s eg\u00e9sz \u00e9let\u00e9ben a mv.-i Th\u00e1li\u00e1t szolg\u00e1lta, ahol a rom\u00e1n tagozat l\u00e9tes\u00edt\u00e9s\u00e9t\u0151l alap\u00edt\u00f3 tagk\u00e9nt dolgozott (1962\u20132000). T\u00f6bbezer fell\u00e9p\u00e9s ut\u00e1n ment nyugd\u00edjba (2000), de \u00f3haja szerint tov\u00e1bb is szerepelt. Utols\u00f3 szerepl\u00e9sekor, Torrance: Sinuciga\u015ful c. darabj\u00e1nak premierj\u00e9n Turnu Severinben a k\u00f6z\u00f6ns\u00e9g \u00f3ri\u00e1si tapsa k\u00f6zepette a sz\u00ednfalak m\u00f6g\u00f6tt agyv\u00e9rz\u00e9st kapott, \u00e9s az orvosok minden igyekezete ellen\u00e9re h\u00e1rom nap m\u00falva elhunyt. Diploma de onoare (2000). \u2013 <strong>F. sz.:<\/strong>: Marinarul \u00eendr\u0103zne\u0163 (A. Stein: Oceanul); Un c\u0103l\u0103tor (M. Sebastian: Jocul de-a vacan\u0163a); Bufonul Feste (Shakespeare: A dou\u0103sprezecea noapte); Costic\u0103 (Al. Mirodan: \u015eeful sectorului suflete); Ilie (V. Floca: Take, Ianke \u015fi Cad\u00e2r); Isidoro (C. Goldoni: G\u00e2lcevile din Chioggia); Tric\u0103 (Teodor Bo\u015fca: Judecata); Cer\u015fetorul (R. Thomas: Capcan\u0103 pentru un singur om); Turcul (S. Macovei: Pe 40m lungime de und\u0103); Mo\u015f Toader (D. Dorian: Dac\u0103 vei fi \u00eentrebat); Messer Nicia (N. Machiavelli: M\u0103tr\u0103guna); Georgic\u0103 (V. I. Popa: Mu\u015fcata din fereastr\u0103); Brighella (C. Gozzi: Prin\u0163esa Turandot); Ric\u0103 Venturiano (I. L. Caragiale: O noapte furtunoas\u0103); Br\u00e2nzovenescu (I. L. Caragiale: O scrisoare pierdut\u0103); Semoin (N. Erdman: Sinuciga\u015ful); C\u0103lin Ababii (I. Dru\u0163\u0103: Tot ce avem mai sf\u00e2nt); Simeonov-Pi\u015fcik (Cehov, A. P.: Livada de vi\u015fini); Regizorul (W. Shakespeare: \u00cembl\u00e2nzirea scorpiei). <br \/><strong>\u2013 Irod.:<\/strong> C.l. (1992. nov. 12.; 2000. \u00e1pr. 4.; 2000. okt. 24.; 2000. nov. 7.); Fodor Zeno; Todea.<\/br><\/p>\n","protected":false},"excerpt":{"rendered":"<p>Iasi, 1937. dec. 29., \u2020 Mv., 2000. nov. 6.: sz\u00edn\u00e9sz. \u2013 A M\u0171v\u00e9szeti Akad\u00e9mi\u00e1t Buk.-ben v\u00e9gezte (1963), \u00e9s eg\u00e9sz \u00e9let\u00e9ben a mv.-i Th\u00e1li\u00e1t szolg\u00e1lta, ahol a rom\u00e1n tagozat l\u00e9tes\u00edt\u00e9s\u00e9t\u0151l alap\u00edt\u00f3 tagk\u00e9nt dolgozott (1962\u20132000). T\u00f6bbezer fell\u00e9p\u00e9s ut\u00e1n ment nyugd\u00edjba (2000), de \u00f3haja szerint tov\u00e1bb is szerepelt. Utols\u00f3 szerepl\u00e9sekor, Torrance: Sinuciga\u015ful c. darabj\u00e1nak premierj\u00e9n Turnu Severinben a [&hellip;]<\/p>\n","protected":false},"featured_media":0,"comment_status":"open","ping_status":"closed","template":"","meta":[],"product_brand":[],"product_cat":[137],"product_tag":[],"class_list":{"0":"post-24288","1":"product","2":"type-product","3":"status-publish","5":"product_cat-maros-megyei-eletrajzi-lexikon","7":"first","8":"instock","9":"shipping-taxable","10":"product-type-simple"},"_links":{"self":[{"href":"https:\/\/uj.adatbank.ro\/lexikon\/wp-json\/wp\/v2\/product\/24288","targetHints":{"allow":["GET"]}}],"collection":[{"href":"https:\/\/uj.adatbank.ro\/lexikon\/wp-json\/wp\/v2\/product"}],"about":[{"href":"https:\/\/uj.adatbank.ro\/lexikon\/wp-json\/wp\/v2\/types\/product"}],"replies":[{"embeddable":true,"href":"https:\/\/uj.adatbank.ro\/lexikon\/wp-json\/wp\/v2\/comments?post=24288"}],"wp:attachment":[{"href":"https:\/\/uj.adatbank.ro\/lexikon\/wp-json\/wp\/v2\/media?parent=24288"}],"wp:term":[{"taxonomy":"product_brand","embeddable":true,"href":"https:\/\/uj.adatbank.ro\/lexikon\/wp-json\/wp\/v2\/product_brand?post=24288"},{"taxonomy":"product_cat","embeddable":true,"href":"https:\/\/uj.adatbank.ro\/lexikon\/wp-json\/wp\/v2\/product_cat?post=24288"},{"taxonomy":"product_tag","embeddable":true,"href":"https:\/\/uj.adatbank.ro\/lexikon\/wp-json\/wp\/v2\/product_tag?post=24288"}],"curies":[{"name":"wp","href":"https:\/\/api.w.org\/{rel}","templated":true}]}}