{"id":24289,"date":"2025-08-01T18:01:49","date_gmt":"2025-08-01T16:01:49","guid":{"rendered":"https:\/\/uj.adatbank.ro\/lexikon\/termek\/vasiu-vasile\/"},"modified":"2025-08-01T18:01:49","modified_gmt":"2025-08-01T16:01:49","slug":"vasiu-vasile","status":"publish","type":"product","link":"https:\/\/uj.adatbank.ro\/lexikon\/termek\/vasiu-vasile\/","title":{"rendered":"VASIU, Vasile"},"content":{"rendered":"<p>? \u2020 ?: g. kat. pap. \u2013 Kisf\u00fclp\u00f6s\u00f6n szolg\u00e1lt (\u20131940). A p\u00fcsp\u00f6ks\u00e9g Abaf\u00e1j\u00e1ra nevezte ki, s ott szolg\u00e1lt a g\u00f6r.kat egyh\u00e1z megsz\u00fcntet\u00e9s\u00e9ig (1941\u201348). Nem t\u00e9rt \u00e1t az ortodox hitre, kil\u00e9pett a paps\u00e1gb\u00f3l, tisztvisel\u0151 lett. <br \/><strong>\u2013 Irod.:<\/strong> Abaf\u00e1ja.<\/br><\/p>\n","protected":false},"excerpt":{"rendered":"<p>? \u2020 ?: g. kat. pap. \u2013 Kisf\u00fclp\u00f6s\u00f6n szolg\u00e1lt (\u20131940). A p\u00fcsp\u00f6ks\u00e9g Abaf\u00e1j\u00e1ra nevezte ki, s ott szolg\u00e1lt a g\u00f6r.kat egyh\u00e1z megsz\u00fcntet\u00e9s\u00e9ig (1941\u201348). Nem t\u00e9rt \u00e1t az ortodox hitre, kil\u00e9pett a paps\u00e1gb\u00f3l, tisztvisel\u0151 lett. \u2013 Irod.: Abaf\u00e1ja.<\/p>\n","protected":false},"featured_media":0,"comment_status":"open","ping_status":"closed","template":"","meta":[],"product_brand":[],"product_cat":[137],"product_tag":[],"class_list":{"0":"post-24289","1":"product","2":"type-product","3":"status-publish","5":"product_cat-maros-megyei-eletrajzi-lexikon","7":"first","8":"instock","9":"shipping-taxable","10":"product-type-simple"},"_links":{"self":[{"href":"https:\/\/uj.adatbank.ro\/lexikon\/wp-json\/wp\/v2\/product\/24289","targetHints":{"allow":["GET"]}}],"collection":[{"href":"https:\/\/uj.adatbank.ro\/lexikon\/wp-json\/wp\/v2\/product"}],"about":[{"href":"https:\/\/uj.adatbank.ro\/lexikon\/wp-json\/wp\/v2\/types\/product"}],"replies":[{"embeddable":true,"href":"https:\/\/uj.adatbank.ro\/lexikon\/wp-json\/wp\/v2\/comments?post=24289"}],"wp:attachment":[{"href":"https:\/\/uj.adatbank.ro\/lexikon\/wp-json\/wp\/v2\/media?parent=24289"}],"wp:term":[{"taxonomy":"product_brand","embeddable":true,"href":"https:\/\/uj.adatbank.ro\/lexikon\/wp-json\/wp\/v2\/product_brand?post=24289"},{"taxonomy":"product_cat","embeddable":true,"href":"https:\/\/uj.adatbank.ro\/lexikon\/wp-json\/wp\/v2\/product_cat?post=24289"},{"taxonomy":"product_tag","embeddable":true,"href":"https:\/\/uj.adatbank.ro\/lexikon\/wp-json\/wp\/v2\/product_tag?post=24289"}],"curies":[{"name":"wp","href":"https:\/\/api.w.org\/{rel}","templated":true}]}}