{"id":24290,"date":"2025-08-01T18:01:51","date_gmt":"2025-08-01T16:01:51","guid":{"rendered":"https:\/\/uj.adatbank.ro\/lexikon\/termek\/vaska-bela\/"},"modified":"2025-08-01T18:01:51","modified_gmt":"2025-08-01T16:01:51","slug":"vaska-bela","status":"publish","type":"product","link":"https:\/\/uj.adatbank.ro\/lexikon\/termek\/vaska-bela\/","title":{"rendered":"VASKA B\u00e9la"},"content":{"rendered":"<p>Kv., 1923., \u2020\u00a0?: orvos. \u2013 Az orvosi egyetemet Kv.-on v\u00e9gezte (1947). Orr-f\u00fcl-g\u00e9g\u00e9sz volt. \u2013  <strong>F. m..:<\/strong>  <strong>t\u00e1rsszerz\u0151:<\/strong> F\u00fcl-orr-g\u00e9ge gy\u00f3gy\u00e1szati jegyzet (Mv., 1951). <br \/><strong>\u2013 Irod.:<\/strong> P\u00e9ter.<\/br><\/p>\n","protected":false},"excerpt":{"rendered":"<p>Kv., 1923., \u2020\u00a0?: orvos. \u2013 Az orvosi egyetemet Kv.-on v\u00e9gezte (1947). Orr-f\u00fcl-g\u00e9g\u00e9sz volt. \u2013 F. m..: t\u00e1rsszerz\u0151: F\u00fcl-orr-g\u00e9ge gy\u00f3gy\u00e1szati jegyzet (Mv., 1951). \u2013 Irod.: P\u00e9ter.<\/p>\n","protected":false},"featured_media":0,"comment_status":"open","ping_status":"closed","template":"","meta":[],"product_brand":[],"product_cat":[137],"product_tag":[],"class_list":{"0":"post-24290","1":"product","2":"type-product","3":"status-publish","5":"product_cat-maros-megyei-eletrajzi-lexikon","7":"first","8":"instock","9":"shipping-taxable","10":"product-type-simple"},"_links":{"self":[{"href":"https:\/\/uj.adatbank.ro\/lexikon\/wp-json\/wp\/v2\/product\/24290","targetHints":{"allow":["GET"]}}],"collection":[{"href":"https:\/\/uj.adatbank.ro\/lexikon\/wp-json\/wp\/v2\/product"}],"about":[{"href":"https:\/\/uj.adatbank.ro\/lexikon\/wp-json\/wp\/v2\/types\/product"}],"replies":[{"embeddable":true,"href":"https:\/\/uj.adatbank.ro\/lexikon\/wp-json\/wp\/v2\/comments?post=24290"}],"wp:attachment":[{"href":"https:\/\/uj.adatbank.ro\/lexikon\/wp-json\/wp\/v2\/media?parent=24290"}],"wp:term":[{"taxonomy":"product_brand","embeddable":true,"href":"https:\/\/uj.adatbank.ro\/lexikon\/wp-json\/wp\/v2\/product_brand?post=24290"},{"taxonomy":"product_cat","embeddable":true,"href":"https:\/\/uj.adatbank.ro\/lexikon\/wp-json\/wp\/v2\/product_cat?post=24290"},{"taxonomy":"product_tag","embeddable":true,"href":"https:\/\/uj.adatbank.ro\/lexikon\/wp-json\/wp\/v2\/product_tag?post=24290"}],"curies":[{"name":"wp","href":"https:\/\/api.w.org\/{rel}","templated":true}]}}