{"id":24294,"date":"2025-08-01T18:02:00","date_gmt":"2025-08-01T16:02:00","guid":{"rendered":"https:\/\/uj.adatbank.ro\/lexikon\/termek\/vass-csalad\/"},"modified":"2025-08-01T18:02:00","modified_gmt":"2025-08-01T16:02:00","slug":"vass-csalad","status":"publish","type":"product","link":"https:\/\/uj.adatbank.ro\/lexikon\/termek\/vass-csalad\/","title":{"rendered":"VASS, csal\u00e1d"},"content":{"rendered":"<p>? \u2020 ?: adom\u00e1nyoz\u00f3. \u2013 A csal\u00e1d adom\u00e1ny\u00e1b\u00f3l \u00e9p\u00fclt Ny\u00e1r\u00e1dmagyar\u00f3son r. k. k\u00e1polna (20. sz. k\u00f6zep\u00e9n). <br \/><strong>\u2013 Irod.:<\/strong> L\u00e9sty\u00e1n \u2013 templomok.<\/br><\/p>\n","protected":false},"excerpt":{"rendered":"<p>? \u2020 ?: adom\u00e1nyoz\u00f3. \u2013 A csal\u00e1d adom\u00e1ny\u00e1b\u00f3l \u00e9p\u00fclt Ny\u00e1r\u00e1dmagyar\u00f3son r. k. k\u00e1polna (20. sz. k\u00f6zep\u00e9n). \u2013 Irod.: L\u00e9sty\u00e1n \u2013 templomok.<\/p>\n","protected":false},"featured_media":0,"comment_status":"open","ping_status":"closed","template":"","meta":[],"product_brand":[],"product_cat":[137],"product_tag":[],"class_list":{"0":"post-24294","1":"product","2":"type-product","3":"status-publish","5":"product_cat-maros-megyei-eletrajzi-lexikon","7":"first","8":"instock","9":"shipping-taxable","10":"product-type-simple"},"_links":{"self":[{"href":"https:\/\/uj.adatbank.ro\/lexikon\/wp-json\/wp\/v2\/product\/24294","targetHints":{"allow":["GET"]}}],"collection":[{"href":"https:\/\/uj.adatbank.ro\/lexikon\/wp-json\/wp\/v2\/product"}],"about":[{"href":"https:\/\/uj.adatbank.ro\/lexikon\/wp-json\/wp\/v2\/types\/product"}],"replies":[{"embeddable":true,"href":"https:\/\/uj.adatbank.ro\/lexikon\/wp-json\/wp\/v2\/comments?post=24294"}],"wp:attachment":[{"href":"https:\/\/uj.adatbank.ro\/lexikon\/wp-json\/wp\/v2\/media?parent=24294"}],"wp:term":[{"taxonomy":"product_brand","embeddable":true,"href":"https:\/\/uj.adatbank.ro\/lexikon\/wp-json\/wp\/v2\/product_brand?post=24294"},{"taxonomy":"product_cat","embeddable":true,"href":"https:\/\/uj.adatbank.ro\/lexikon\/wp-json\/wp\/v2\/product_cat?post=24294"},{"taxonomy":"product_tag","embeddable":true,"href":"https:\/\/uj.adatbank.ro\/lexikon\/wp-json\/wp\/v2\/product_tag?post=24294"}],"curies":[{"name":"wp","href":"https:\/\/api.w.org\/{rel}","templated":true}]}}