{"id":24296,"date":"2025-08-01T18:02:06","date_gmt":"2025-08-01T16:02:06","guid":{"rendered":"https:\/\/uj.adatbank.ro\/lexikon\/termek\/vass-albert-gr\/"},"modified":"2025-08-01T18:02:06","modified_gmt":"2025-08-01T16:02:06","slug":"vass-albert-gr","status":"publish","type":"product","link":"https:\/\/uj.adatbank.ro\/lexikon\/termek\/vass-albert-gr\/","title":{"rendered":"VASS Albert; gr."},"content":{"rendered":"<p>? 1896., \u2020\u00a0? 1969: \u00edr\u00f3, fest\u0151. \u2013 A KZST keret\u00e9ben indult \u00edr\u00f3i p\u00e1ly\u00e1ja, mez\u0151s\u00e9gi reg\u00e9nye a Farkasverem jelent\u0151s. Verset \u00edrt, k\u00f6nyvet illusztr\u00e1lt, cikkeket \u00edrt. <br \/><strong>\u2013 Irod.:<\/strong> G\u00e1lfalvi Art\u00far B\u00e9la: Makfalva (2005); Mv. Molter.<\/br><\/p>\n","protected":false},"excerpt":{"rendered":"<p>? 1896., \u2020\u00a0? 1969: \u00edr\u00f3, fest\u0151. \u2013 A KZST keret\u00e9ben indult \u00edr\u00f3i p\u00e1ly\u00e1ja, mez\u0151s\u00e9gi reg\u00e9nye a Farkasverem jelent\u0151s. Verset \u00edrt, k\u00f6nyvet illusztr\u00e1lt, cikkeket \u00edrt. \u2013 Irod.: G\u00e1lfalvi Art\u00far B\u00e9la: Makfalva (2005); Mv. Molter.<\/p>\n","protected":false},"featured_media":0,"comment_status":"open","ping_status":"closed","template":"","meta":[],"product_brand":[],"product_cat":[137],"product_tag":[],"class_list":{"0":"post-24296","1":"product","2":"type-product","3":"status-publish","5":"product_cat-maros-megyei-eletrajzi-lexikon","7":"first","8":"instock","9":"shipping-taxable","10":"product-type-simple"},"_links":{"self":[{"href":"https:\/\/uj.adatbank.ro\/lexikon\/wp-json\/wp\/v2\/product\/24296","targetHints":{"allow":["GET"]}}],"collection":[{"href":"https:\/\/uj.adatbank.ro\/lexikon\/wp-json\/wp\/v2\/product"}],"about":[{"href":"https:\/\/uj.adatbank.ro\/lexikon\/wp-json\/wp\/v2\/types\/product"}],"replies":[{"embeddable":true,"href":"https:\/\/uj.adatbank.ro\/lexikon\/wp-json\/wp\/v2\/comments?post=24296"}],"wp:attachment":[{"href":"https:\/\/uj.adatbank.ro\/lexikon\/wp-json\/wp\/v2\/media?parent=24296"}],"wp:term":[{"taxonomy":"product_brand","embeddable":true,"href":"https:\/\/uj.adatbank.ro\/lexikon\/wp-json\/wp\/v2\/product_brand?post=24296"},{"taxonomy":"product_cat","embeddable":true,"href":"https:\/\/uj.adatbank.ro\/lexikon\/wp-json\/wp\/v2\/product_cat?post=24296"},{"taxonomy":"product_tag","embeddable":true,"href":"https:\/\/uj.adatbank.ro\/lexikon\/wp-json\/wp\/v2\/product_tag?post=24296"}],"curies":[{"name":"wp","href":"https:\/\/api.w.org\/{rel}","templated":true}]}}