{"id":24298,"date":"2025-08-01T18:02:09","date_gmt":"2025-08-01T16:02:09","guid":{"rendered":"https:\/\/uj.adatbank.ro\/lexikon\/termek\/vass-arpad\/"},"modified":"2025-08-01T18:02:09","modified_gmt":"2025-08-01T16:02:09","slug":"vass-arpad","status":"publish","type":"product","link":"https:\/\/uj.adatbank.ro\/lexikon\/termek\/vass-arpad\/","title":{"rendered":"VASS \u00c1rp\u00e1d"},"content":{"rendered":"<p>Mez\u0151madaras, 1896. m\u00e1j. 7., \u2020\u00a0?: gazd\u00e1lkod\u00f3. \u2013 Jehova-tan\u00fa volt. Letart\u00f3ztatt\u00e1k (1959. j\u00fan. 11.) \u00e9s egy 21 tag\u00fa jehovista csoporttal rendszer elleni izgat\u00e1s \u00e9s tiltott iratok terjeszt\u00e9se v\u00e1dj\u00e1val \u00e1ll\u00edtott\u00e1k b\u00edr\u00f3s\u00e1g el\u00e9. <br \/><strong>\u2013 Irod.:<\/strong> 1956 Erd\u00e9lyben.<\/br><\/p>\n","protected":false},"excerpt":{"rendered":"<p>Mez\u0151madaras, 1896. m\u00e1j. 7., \u2020\u00a0?: gazd\u00e1lkod\u00f3. \u2013 Jehova-tan\u00fa volt. Letart\u00f3ztatt\u00e1k (1959. j\u00fan. 11.) \u00e9s egy 21 tag\u00fa jehovista csoporttal rendszer elleni izgat\u00e1s \u00e9s tiltott iratok terjeszt\u00e9se v\u00e1dj\u00e1val \u00e1ll\u00edtott\u00e1k b\u00edr\u00f3s\u00e1g el\u00e9. \u2013 Irod.: 1956 Erd\u00e9lyben.<\/p>\n","protected":false},"featured_media":0,"comment_status":"open","ping_status":"closed","template":"","meta":[],"product_brand":[],"product_cat":[137],"product_tag":[],"class_list":{"0":"post-24298","1":"product","2":"type-product","3":"status-publish","5":"product_cat-maros-megyei-eletrajzi-lexikon","7":"first","8":"instock","9":"shipping-taxable","10":"product-type-simple"},"_links":{"self":[{"href":"https:\/\/uj.adatbank.ro\/lexikon\/wp-json\/wp\/v2\/product\/24298","targetHints":{"allow":["GET"]}}],"collection":[{"href":"https:\/\/uj.adatbank.ro\/lexikon\/wp-json\/wp\/v2\/product"}],"about":[{"href":"https:\/\/uj.adatbank.ro\/lexikon\/wp-json\/wp\/v2\/types\/product"}],"replies":[{"embeddable":true,"href":"https:\/\/uj.adatbank.ro\/lexikon\/wp-json\/wp\/v2\/comments?post=24298"}],"wp:attachment":[{"href":"https:\/\/uj.adatbank.ro\/lexikon\/wp-json\/wp\/v2\/media?parent=24298"}],"wp:term":[{"taxonomy":"product_brand","embeddable":true,"href":"https:\/\/uj.adatbank.ro\/lexikon\/wp-json\/wp\/v2\/product_brand?post=24298"},{"taxonomy":"product_cat","embeddable":true,"href":"https:\/\/uj.adatbank.ro\/lexikon\/wp-json\/wp\/v2\/product_cat?post=24298"},{"taxonomy":"product_tag","embeddable":true,"href":"https:\/\/uj.adatbank.ro\/lexikon\/wp-json\/wp\/v2\/product_tag?post=24298"}],"curies":[{"name":"wp","href":"https:\/\/api.w.org\/{rel}","templated":true}]}}