{"id":24300,"date":"2025-08-01T18:02:13","date_gmt":"2025-08-01T16:02:13","guid":{"rendered":"https:\/\/uj.adatbank.ro\/lexikon\/termek\/vass-barabas\/"},"modified":"2025-08-01T18:02:13","modified_gmt":"2025-08-01T16:02:13","slug":"vass-barabas","status":"publish","type":"product","link":"https:\/\/uj.adatbank.ro\/lexikon\/termek\/vass-barabas\/","title":{"rendered":"VASS Barab\u00e1s"},"content":{"rendered":"<p>G\u00f6rg\u00e9ny\u00fcvegcs\u0171r, 1896., \u2020\u00a0?: erdei munk\u00e1s. \u2013 Fiatal kora \u00f3ta fairt\u00e1ssal foglalkozott. Az els\u0151 vh.-ban a 22. h. majd az 5. t\u00fcz\u00e9r ezredben szolg\u00e1lt, g\u00e1zgr\u00e1n\u00e1tt\u00f3l sebes\u00fclt., a II. o. ez\u00fcst vit. \u00e9rem kit\u00fcntetettje. Leszerel\u00e9se ut\u00e1n a Sz\u00e9kely hadoszt\u00e1lyban harcolt (1919), majd rom\u00e1n fogs\u00e1gba ker\u00fclt. <br \/><strong>\u2013 Irod.:<\/strong> Gl\u0103j\u0103rie; Sz\u00e9kelyf\u00f6ld \u00ed. k.<\/br><\/p>\n","protected":false},"excerpt":{"rendered":"<p>G\u00f6rg\u00e9ny\u00fcvegcs\u0171r, 1896., \u2020\u00a0?: erdei munk\u00e1s. \u2013 Fiatal kora \u00f3ta fairt\u00e1ssal foglalkozott. Az els\u0151 vh.-ban a 22. h. majd az 5. t\u00fcz\u00e9r ezredben szolg\u00e1lt, g\u00e1zgr\u00e1n\u00e1tt\u00f3l sebes\u00fclt., a II. o. ez\u00fcst vit. \u00e9rem kit\u00fcntetettje. Leszerel\u00e9se ut\u00e1n a Sz\u00e9kely hadoszt\u00e1lyban harcolt (1919), majd rom\u00e1n fogs\u00e1gba ker\u00fclt. \u2013 Irod.: Gl\u0103j\u0103rie; Sz\u00e9kelyf\u00f6ld \u00ed. k.<\/p>\n","protected":false},"featured_media":0,"comment_status":"open","ping_status":"closed","template":"","meta":[],"product_brand":[],"product_cat":[137],"product_tag":[],"class_list":{"0":"post-24300","1":"product","2":"type-product","3":"status-publish","5":"product_cat-maros-megyei-eletrajzi-lexikon","7":"first","8":"instock","9":"shipping-taxable","10":"product-type-simple"},"_links":{"self":[{"href":"https:\/\/uj.adatbank.ro\/lexikon\/wp-json\/wp\/v2\/product\/24300","targetHints":{"allow":["GET"]}}],"collection":[{"href":"https:\/\/uj.adatbank.ro\/lexikon\/wp-json\/wp\/v2\/product"}],"about":[{"href":"https:\/\/uj.adatbank.ro\/lexikon\/wp-json\/wp\/v2\/types\/product"}],"replies":[{"embeddable":true,"href":"https:\/\/uj.adatbank.ro\/lexikon\/wp-json\/wp\/v2\/comments?post=24300"}],"wp:attachment":[{"href":"https:\/\/uj.adatbank.ro\/lexikon\/wp-json\/wp\/v2\/media?parent=24300"}],"wp:term":[{"taxonomy":"product_brand","embeddable":true,"href":"https:\/\/uj.adatbank.ro\/lexikon\/wp-json\/wp\/v2\/product_brand?post=24300"},{"taxonomy":"product_cat","embeddable":true,"href":"https:\/\/uj.adatbank.ro\/lexikon\/wp-json\/wp\/v2\/product_cat?post=24300"},{"taxonomy":"product_tag","embeddable":true,"href":"https:\/\/uj.adatbank.ro\/lexikon\/wp-json\/wp\/v2\/product_tag?post=24300"}],"curies":[{"name":"wp","href":"https:\/\/api.w.org\/{rel}","templated":true}]}}