{"id":24301,"date":"2025-08-01T18:02:17","date_gmt":"2025-08-01T16:02:17","guid":{"rendered":"https:\/\/uj.adatbank.ro\/lexikon\/termek\/vass-bela\/"},"modified":"2025-08-01T18:02:17","modified_gmt":"2025-08-01T16:02:17","slug":"vass-bela","status":"publish","type":"product","link":"https:\/\/uj.adatbank.ro\/lexikon\/termek\/vass-bela\/","title":{"rendered":"VASS B\u00e9la"},"content":{"rendered":"<p>Darlac (Szeben), 1897., \u2020\u00a0?: M\u00c1V tisztvisel\u0151. \u2013 K\u00f6z\u00e9piskol\u00e1it Erzs\u00e9betv\u00e1roson v\u00e9gezte, munk\u00e1s lett a vas\u00fatn\u00e1l, majd tisztvisel\u0151 lett Mv.-en . Az els\u0151 vh.-ban a 62. k. gy. e.-ben az orosz, olasz, belga fronto n harcolt, mint z\u00e1szl\u00f3s szerelt le K\u00e1roly-csapatkereszt kit\u00fcntet\u00e9ssel. <br \/><strong>\u2013 Irod.:<\/strong> Sz\u00e9kelyf\u00f6ld \u00ed. k.<\/br><\/p>\n","protected":false},"excerpt":{"rendered":"<p>Darlac (Szeben), 1897., \u2020\u00a0?: M\u00c1V tisztvisel\u0151. \u2013 K\u00f6z\u00e9piskol\u00e1it Erzs\u00e9betv\u00e1roson v\u00e9gezte, munk\u00e1s lett a vas\u00fatn\u00e1l, majd tisztvisel\u0151 lett Mv.-en . Az els\u0151 vh.-ban a 62. k. gy. e.-ben az orosz, olasz, belga fronto n harcolt, mint z\u00e1szl\u00f3s szerelt le K\u00e1roly-csapatkereszt kit\u00fcntet\u00e9ssel. \u2013 Irod.: Sz\u00e9kelyf\u00f6ld \u00ed. k.<\/p>\n","protected":false},"featured_media":0,"comment_status":"open","ping_status":"closed","template":"","meta":[],"product_brand":[],"product_cat":[137],"product_tag":[],"class_list":{"0":"post-24301","1":"product","2":"type-product","3":"status-publish","5":"product_cat-maros-megyei-eletrajzi-lexikon","7":"first","8":"instock","9":"shipping-taxable","10":"product-type-simple"},"_links":{"self":[{"href":"https:\/\/uj.adatbank.ro\/lexikon\/wp-json\/wp\/v2\/product\/24301","targetHints":{"allow":["GET"]}}],"collection":[{"href":"https:\/\/uj.adatbank.ro\/lexikon\/wp-json\/wp\/v2\/product"}],"about":[{"href":"https:\/\/uj.adatbank.ro\/lexikon\/wp-json\/wp\/v2\/types\/product"}],"replies":[{"embeddable":true,"href":"https:\/\/uj.adatbank.ro\/lexikon\/wp-json\/wp\/v2\/comments?post=24301"}],"wp:attachment":[{"href":"https:\/\/uj.adatbank.ro\/lexikon\/wp-json\/wp\/v2\/media?parent=24301"}],"wp:term":[{"taxonomy":"product_brand","embeddable":true,"href":"https:\/\/uj.adatbank.ro\/lexikon\/wp-json\/wp\/v2\/product_brand?post=24301"},{"taxonomy":"product_cat","embeddable":true,"href":"https:\/\/uj.adatbank.ro\/lexikon\/wp-json\/wp\/v2\/product_cat?post=24301"},{"taxonomy":"product_tag","embeddable":true,"href":"https:\/\/uj.adatbank.ro\/lexikon\/wp-json\/wp\/v2\/product_tag?post=24301"}],"curies":[{"name":"wp","href":"https:\/\/api.w.org\/{rel}","templated":true}]}}