{"id":24303,"date":"2025-08-01T18:02:21","date_gmt":"2025-08-01T16:02:21","guid":{"rendered":"https:\/\/uj.adatbank.ro\/lexikon\/termek\/vass-domokos-d\/"},"modified":"2025-08-01T18:02:21","modified_gmt":"2025-08-01T16:02:21","slug":"vass-domokos-d","status":"publish","type":"product","link":"https:\/\/uj.adatbank.ro\/lexikon\/termek\/vass-domokos-d\/","title":{"rendered":"VASS Domokos D."},"content":{"rendered":"<p>S\u00f3v\u00e1rad, 1907., \u2020\u00a0?: gazd\u00e1lkod\u00f3. \u2013 Gazd\u00e1lkodni \u00e9desapj\u00e1t\u00f3l tanult, majd \u00f6n\u00e1ll\u00f3 lett, Atosfalv\u00e1n 45 hold f\u00f6ld\u00f6n gazd\u00e1lkodott. A Gazdak\u00f6r eln\u00f6ke, a MP tagja, kultur\u00e1lis \u00e9s hazafias egyes\u00fcletek t\u00e1mogat\u00f3ja volt. <br \/><strong>\u2013 Irod.:<\/strong> Sz\u00e9kelyf\u00f6ld \u00ed. k.<\/br><\/p>\n","protected":false},"excerpt":{"rendered":"<p>S\u00f3v\u00e1rad, 1907., \u2020\u00a0?: gazd\u00e1lkod\u00f3. \u2013 Gazd\u00e1lkodni \u00e9desapj\u00e1t\u00f3l tanult, majd \u00f6n\u00e1ll\u00f3 lett, Atosfalv\u00e1n 45 hold f\u00f6ld\u00f6n gazd\u00e1lkodott. A Gazdak\u00f6r eln\u00f6ke, a MP tagja, kultur\u00e1lis \u00e9s hazafias egyes\u00fcletek t\u00e1mogat\u00f3ja volt. \u2013 Irod.: Sz\u00e9kelyf\u00f6ld \u00ed. k.<\/p>\n","protected":false},"featured_media":0,"comment_status":"open","ping_status":"closed","template":"","meta":[],"product_brand":[],"product_cat":[137],"product_tag":[],"class_list":{"0":"post-24303","1":"product","2":"type-product","3":"status-publish","5":"product_cat-maros-megyei-eletrajzi-lexikon","7":"first","8":"instock","9":"shipping-taxable","10":"product-type-simple"},"_links":{"self":[{"href":"https:\/\/uj.adatbank.ro\/lexikon\/wp-json\/wp\/v2\/product\/24303","targetHints":{"allow":["GET"]}}],"collection":[{"href":"https:\/\/uj.adatbank.ro\/lexikon\/wp-json\/wp\/v2\/product"}],"about":[{"href":"https:\/\/uj.adatbank.ro\/lexikon\/wp-json\/wp\/v2\/types\/product"}],"replies":[{"embeddable":true,"href":"https:\/\/uj.adatbank.ro\/lexikon\/wp-json\/wp\/v2\/comments?post=24303"}],"wp:attachment":[{"href":"https:\/\/uj.adatbank.ro\/lexikon\/wp-json\/wp\/v2\/media?parent=24303"}],"wp:term":[{"taxonomy":"product_brand","embeddable":true,"href":"https:\/\/uj.adatbank.ro\/lexikon\/wp-json\/wp\/v2\/product_brand?post=24303"},{"taxonomy":"product_cat","embeddable":true,"href":"https:\/\/uj.adatbank.ro\/lexikon\/wp-json\/wp\/v2\/product_cat?post=24303"},{"taxonomy":"product_tag","embeddable":true,"href":"https:\/\/uj.adatbank.ro\/lexikon\/wp-json\/wp\/v2\/product_tag?post=24303"}],"curies":[{"name":"wp","href":"https:\/\/api.w.org\/{rel}","templated":true}]}}