{"id":24305,"date":"2025-08-01T18:02:25","date_gmt":"2025-08-01T16:02:25","guid":{"rendered":"https:\/\/uj.adatbank.ro\/lexikon\/termek\/vass-ferenc-2\/"},"modified":"2025-08-01T18:02:25","modified_gmt":"2025-08-01T16:02:25","slug":"vass-ferenc-2","status":"publish","type":"product","link":"https:\/\/uj.adatbank.ro\/lexikon\/termek\/vass-ferenc-2\/","title":{"rendered":"VASS Ferenc"},"content":{"rendered":"<p>Magyarb\u00fckk\u00f6s, 1907., \u2020\u00a0?: keresked\u0151. \u2013 Keresked\u00e9st tanult, a szakmai ismeretek elsaj\u00e1t\u00edt\u00e1sa ut\u00e1n \u00f6n\u00e1ll\u00f3 lett Mv.-en (1931). <br \/><strong>\u2013 Irod.:<\/strong> Sz\u00e9kelyf\u00f6ld \u00ed. k.<\/br><\/p>\n","protected":false},"excerpt":{"rendered":"<p>Magyarb\u00fckk\u00f6s, 1907., \u2020\u00a0?: keresked\u0151. \u2013 Keresked\u00e9st tanult, a szakmai ismeretek elsaj\u00e1t\u00edt\u00e1sa ut\u00e1n \u00f6n\u00e1ll\u00f3 lett Mv.-en (1931). \u2013 Irod.: Sz\u00e9kelyf\u00f6ld \u00ed. k.<\/p>\n","protected":false},"featured_media":0,"comment_status":"open","ping_status":"closed","template":"","meta":[],"product_brand":[],"product_cat":[137],"product_tag":[],"class_list":{"0":"post-24305","1":"product","2":"type-product","3":"status-publish","5":"product_cat-maros-megyei-eletrajzi-lexikon","7":"first","8":"instock","9":"shipping-taxable","10":"product-type-simple"},"_links":{"self":[{"href":"https:\/\/uj.adatbank.ro\/lexikon\/wp-json\/wp\/v2\/product\/24305","targetHints":{"allow":["GET"]}}],"collection":[{"href":"https:\/\/uj.adatbank.ro\/lexikon\/wp-json\/wp\/v2\/product"}],"about":[{"href":"https:\/\/uj.adatbank.ro\/lexikon\/wp-json\/wp\/v2\/types\/product"}],"replies":[{"embeddable":true,"href":"https:\/\/uj.adatbank.ro\/lexikon\/wp-json\/wp\/v2\/comments?post=24305"}],"wp:attachment":[{"href":"https:\/\/uj.adatbank.ro\/lexikon\/wp-json\/wp\/v2\/media?parent=24305"}],"wp:term":[{"taxonomy":"product_brand","embeddable":true,"href":"https:\/\/uj.adatbank.ro\/lexikon\/wp-json\/wp\/v2\/product_brand?post=24305"},{"taxonomy":"product_cat","embeddable":true,"href":"https:\/\/uj.adatbank.ro\/lexikon\/wp-json\/wp\/v2\/product_cat?post=24305"},{"taxonomy":"product_tag","embeddable":true,"href":"https:\/\/uj.adatbank.ro\/lexikon\/wp-json\/wp\/v2\/product_tag?post=24305"}],"curies":[{"name":"wp","href":"https:\/\/api.w.org\/{rel}","templated":true}]}}