{"id":24307,"date":"2025-08-01T18:02:29","date_gmt":"2025-08-01T16:02:29","guid":{"rendered":"https:\/\/uj.adatbank.ro\/lexikon\/termek\/vass-gergely-dr\/"},"modified":"2025-08-01T18:02:29","modified_gmt":"2025-08-01T16:02:29","slug":"vass-gergely-dr","status":"publish","type":"product","link":"https:\/\/uj.adatbank.ro\/lexikon\/termek\/vass-gergely-dr\/","title":{"rendered":"VASS Gergely, dr."},"content":{"rendered":"<p>1921., \u2020 Mv., 1993.: orvos. \u2013 Az \u00e1ltal\u00e1nos orvosi diplom\u00e1j\u00e1t a MOGYI-ban kapta (1953). \u2013 Feles\u00e9ge: Ir\u00e9n, fogorvos. Fi\u00fak (sz. 1951\u2013) azonos nev\u0171 az apj\u00e1val, a MOGYI-ban v\u00e9gzett (1975), fogorvos. Az AE\u00c1-ban, Minneapolisban (1993\u2013) baptista teol\u00f3gi\u00e1t v\u00e9gzett. <br \/><strong>\u2013 Irod.:<\/strong> Kiss Cs. M 4.<\/br><\/p>\n","protected":false},"excerpt":{"rendered":"<p>1921., \u2020 Mv., 1993.: orvos. \u2013 Az \u00e1ltal\u00e1nos orvosi diplom\u00e1j\u00e1t a MOGYI-ban kapta (1953). \u2013 Feles\u00e9ge: Ir\u00e9n, fogorvos. Fi\u00fak (sz. 1951\u2013) azonos nev\u0171 az apj\u00e1val, a MOGYI-ban v\u00e9gzett (1975), fogorvos. Az AE\u00c1-ban, Minneapolisban (1993\u2013) baptista teol\u00f3gi\u00e1t v\u00e9gzett. \u2013 Irod.: Kiss Cs. M 4.<\/p>\n","protected":false},"featured_media":0,"comment_status":"open","ping_status":"closed","template":"","meta":[],"product_brand":[],"product_cat":[137],"product_tag":[],"class_list":{"0":"post-24307","1":"product","2":"type-product","3":"status-publish","5":"product_cat-maros-megyei-eletrajzi-lexikon","7":"first","8":"instock","9":"shipping-taxable","10":"product-type-simple"},"_links":{"self":[{"href":"https:\/\/uj.adatbank.ro\/lexikon\/wp-json\/wp\/v2\/product\/24307","targetHints":{"allow":["GET"]}}],"collection":[{"href":"https:\/\/uj.adatbank.ro\/lexikon\/wp-json\/wp\/v2\/product"}],"about":[{"href":"https:\/\/uj.adatbank.ro\/lexikon\/wp-json\/wp\/v2\/types\/product"}],"replies":[{"embeddable":true,"href":"https:\/\/uj.adatbank.ro\/lexikon\/wp-json\/wp\/v2\/comments?post=24307"}],"wp:attachment":[{"href":"https:\/\/uj.adatbank.ro\/lexikon\/wp-json\/wp\/v2\/media?parent=24307"}],"wp:term":[{"taxonomy":"product_brand","embeddable":true,"href":"https:\/\/uj.adatbank.ro\/lexikon\/wp-json\/wp\/v2\/product_brand?post=24307"},{"taxonomy":"product_cat","embeddable":true,"href":"https:\/\/uj.adatbank.ro\/lexikon\/wp-json\/wp\/v2\/product_cat?post=24307"},{"taxonomy":"product_tag","embeddable":true,"href":"https:\/\/uj.adatbank.ro\/lexikon\/wp-json\/wp\/v2\/product_tag?post=24307"}],"curies":[{"name":"wp","href":"https:\/\/api.w.org\/{rel}","templated":true}]}}