{"id":24308,"date":"2025-08-01T18:02:31","date_gmt":"2025-08-01T16:02:31","guid":{"rendered":"https:\/\/uj.adatbank.ro\/lexikon\/termek\/vass-gyorgy\/"},"modified":"2025-08-01T18:02:31","modified_gmt":"2025-08-01T16:02:31","slug":"vass-gyorgy","status":"publish","type":"product","link":"https:\/\/uj.adatbank.ro\/lexikon\/termek\/vass-gyorgy\/","title":{"rendered":"VASS Gy\u00f6rgy"},"content":{"rendered":"<p>Arad, ? \u2020\u00a0?: a Lom\u00e1si Erd\u0151ipar vezet\u0151je Mv.-en. \u2013 Iskol\u00e1it Aradon a rom. kat. gimn.-ban v\u00e9gezte. El\u0151bb Aradon tev\u00e9kenykedett a Lom\u00e1si Erd\u0151iparn\u00e1l, majd Mv.-re helyezt\u00e9k \u00e1t <br \/><strong>\u2013 Irod.:<\/strong> Sz\u00e9kelyf\u00f6ld \u00ed. k.<\/br><\/p>\n","protected":false},"excerpt":{"rendered":"<p>Arad, ? \u2020\u00a0?: a Lom\u00e1si Erd\u0151ipar vezet\u0151je Mv.-en. \u2013 Iskol\u00e1it Aradon a rom. kat. gimn.-ban v\u00e9gezte. El\u0151bb Aradon tev\u00e9kenykedett a Lom\u00e1si Erd\u0151iparn\u00e1l, majd Mv.-re helyezt\u00e9k \u00e1t \u2013 Irod.: Sz\u00e9kelyf\u00f6ld \u00ed. k.<\/p>\n","protected":false},"featured_media":0,"comment_status":"open","ping_status":"closed","template":"","meta":[],"product_brand":[],"product_cat":[137],"product_tag":[],"class_list":{"0":"post-24308","1":"product","2":"type-product","3":"status-publish","5":"product_cat-maros-megyei-eletrajzi-lexikon","7":"first","8":"instock","9":"shipping-taxable","10":"product-type-simple"},"_links":{"self":[{"href":"https:\/\/uj.adatbank.ro\/lexikon\/wp-json\/wp\/v2\/product\/24308","targetHints":{"allow":["GET"]}}],"collection":[{"href":"https:\/\/uj.adatbank.ro\/lexikon\/wp-json\/wp\/v2\/product"}],"about":[{"href":"https:\/\/uj.adatbank.ro\/lexikon\/wp-json\/wp\/v2\/types\/product"}],"replies":[{"embeddable":true,"href":"https:\/\/uj.adatbank.ro\/lexikon\/wp-json\/wp\/v2\/comments?post=24308"}],"wp:attachment":[{"href":"https:\/\/uj.adatbank.ro\/lexikon\/wp-json\/wp\/v2\/media?parent=24308"}],"wp:term":[{"taxonomy":"product_brand","embeddable":true,"href":"https:\/\/uj.adatbank.ro\/lexikon\/wp-json\/wp\/v2\/product_brand?post=24308"},{"taxonomy":"product_cat","embeddable":true,"href":"https:\/\/uj.adatbank.ro\/lexikon\/wp-json\/wp\/v2\/product_cat?post=24308"},{"taxonomy":"product_tag","embeddable":true,"href":"https:\/\/uj.adatbank.ro\/lexikon\/wp-json\/wp\/v2\/product_tag?post=24308"}],"curies":[{"name":"wp","href":"https:\/\/api.w.org\/{rel}","templated":true}]}}