{"id":24309,"date":"2025-08-01T18:02:33","date_gmt":"2025-08-01T16:02:33","guid":{"rendered":"https:\/\/uj.adatbank.ro\/lexikon\/termek\/vass-ida\/"},"modified":"2025-08-01T18:02:33","modified_gmt":"2025-08-01T16:02:33","slug":"vass-ida","status":"publish","type":"product","link":"https:\/\/uj.adatbank.ro\/lexikon\/termek\/vass-ida\/","title":{"rendered":"VASS Ida"},"content":{"rendered":"<p>? 1852., \u2020\u00a0?: ev. ref.? : ? . \u2013 F\u00e9rje k\u00f6vesdi UJFALVY Gyula (ev. ref.?). Esk\u00fcv\u0151: 1886. Mez\u0151z\u00e1hon. <br \/><strong>\u2013 Irod.:<\/strong> Nagy Iv\u00e1n.<\/br><\/p>\n","protected":false},"excerpt":{"rendered":"<p>? 1852., \u2020\u00a0?: ev. ref.? : ? . \u2013 F\u00e9rje k\u00f6vesdi UJFALVY Gyula (ev. ref.?). Esk\u00fcv\u0151: 1886. Mez\u0151z\u00e1hon. \u2013 Irod.: Nagy Iv\u00e1n.<\/p>\n","protected":false},"featured_media":0,"comment_status":"open","ping_status":"closed","template":"","meta":[],"product_brand":[],"product_cat":[137],"product_tag":[],"class_list":{"0":"post-24309","1":"product","2":"type-product","3":"status-publish","5":"product_cat-maros-megyei-eletrajzi-lexikon","7":"first","8":"instock","9":"shipping-taxable","10":"product-type-simple"},"_links":{"self":[{"href":"https:\/\/uj.adatbank.ro\/lexikon\/wp-json\/wp\/v2\/product\/24309","targetHints":{"allow":["GET"]}}],"collection":[{"href":"https:\/\/uj.adatbank.ro\/lexikon\/wp-json\/wp\/v2\/product"}],"about":[{"href":"https:\/\/uj.adatbank.ro\/lexikon\/wp-json\/wp\/v2\/types\/product"}],"replies":[{"embeddable":true,"href":"https:\/\/uj.adatbank.ro\/lexikon\/wp-json\/wp\/v2\/comments?post=24309"}],"wp:attachment":[{"href":"https:\/\/uj.adatbank.ro\/lexikon\/wp-json\/wp\/v2\/media?parent=24309"}],"wp:term":[{"taxonomy":"product_brand","embeddable":true,"href":"https:\/\/uj.adatbank.ro\/lexikon\/wp-json\/wp\/v2\/product_brand?post=24309"},{"taxonomy":"product_cat","embeddable":true,"href":"https:\/\/uj.adatbank.ro\/lexikon\/wp-json\/wp\/v2\/product_cat?post=24309"},{"taxonomy":"product_tag","embeddable":true,"href":"https:\/\/uj.adatbank.ro\/lexikon\/wp-json\/wp\/v2\/product_tag?post=24309"}],"curies":[{"name":"wp","href":"https:\/\/api.w.org\/{rel}","templated":true}]}}